{"id":1968,"date":"2021-02-24T16:15:39","date_gmt":"2021-02-24T15:15:39","guid":{"rendered":"https:\/\/www.res-dhc.com\/cose-res-dhc\/soluzioni-tecniche\/"},"modified":"2023-12-20T10:40:41","modified_gmt":"2023-12-20T09:40:41","slug":"soluzioni-tecniche","status":"publish","type":"page","link":"https:\/\/www.res-dhc.com\/it\/cose-res-dhc\/soluzioni-tecniche\/","title":{"rendered":"Soluzioni tecniche"},"content":{"rendered":"<div class=\"fusion-fullwidth fullwidth-box fusion-builder-row-1 fusion-flex-container nonhundred-percent-fullwidth non-hundred-percent-height-scrolling\" style=\"--awb-border-radius-top-left:0px;--awb-border-radius-top-right:0px;--awb-border-radius-bottom-right:0px;--awb-border-radius-bottom-left:0px;--awb-flex-wrap:wrap;\" ><div class=\"fusion-builder-row fusion-row fusion-flex-align-items-flex-start fusion-flex-content-wrap\" style=\"max-width:1216.8px;margin-left: calc(-4% \/ 2 );margin-right: calc(-4% \/ 2 );\"><div class=\"fusion-layout-column fusion_builder_column fusion-builder-column-0 fusion_builder_column_1_1 1_1 fusion-flex-column\" style=\"--awb-bg-size:cover;--awb-width-large:100%;--awb-margin-top-large:0px;--awb-spacing-right-large:1.92%;--awb-margin-bottom-large:20px;--awb-spacing-left-large:1.92%;--awb-width-medium:100%;--awb-order-medium:0;--awb-spacing-right-medium:1.92%;--awb-spacing-left-medium:1.92%;--awb-width-small:100%;--awb-order-small:0;--awb-spacing-right-small:1.92%;--awb-spacing-left-small:1.92%;\"><div class=\"fusion-column-wrapper fusion-column-has-shadow fusion-flex-justify-content-flex-start fusion-content-layout-column\"><div class=\"fusion-text fusion-text-1\"><h3>Trovare il giusto mix rinnovabile per il vostro sistema DHC<\/h3>\n<p>Sostituire la generazione di calore fossile con le rinnovabili \u00e8 spesso una sfida complesso e richiede un&#8217;analisi approfondita delle risorse disponibili a livello locale. Pu\u00f2 accadere che una singola unit\u00e0 di generazione di calore fossile ad alta capacit\u00e0 debba essere sostituita da diversi impianti basati su un mix di tecnologie rinnovabili.<\/p>\n<p>Le principali tecnologie di generazione di calore rinnovabili per il DHC oggi disponibili sono:<\/p>\n<\/div><div class=\"fusion-content-boxes content-boxes columns row fusion-columns-1 fusion-columns-total-7 fusion-content-boxes-1 content-boxes-icon-with-title content-left\" style=\"--awb-title-color:#1d71b8;--awb-hover-accent-color:#1d71b8;--awb-circle-hover-accent-color:transparent;--awb-item-margin-bottom:40px;\" data-animationOffset=\"top-into-view\"><div style=\"--awb-backgroundcolor:#efefef;\" class=\"fusion-column content-box-column content-box-column content-box-column-1 col-lg-12 col-md-12 col-sm-12 fusion-content-box-hover content-box-column-last-in-row\"><div class=\"col content-box-wrapper content-wrapper-background link-area-link-icon icon-hover-animation-slide\" data-animationOffset=\"top-into-view\"><div class=\"heading icon-left\"><h2 class=\"content-box-heading fusion-responsive-typography-calculated\" style=\"--h2_typography-font-size:18px;--fontSize:18;line-height:1.21;\">Biomassa per sistemi di riscaldamento o di cogenerazione (CHP)<\/h2><\/div><div class=\"fusion-clearfix\"><\/div><div class=\"content-container\">\n<p><span style=\"color: #50586b;\">L\u2019uso della biomassa in impianti per la sola produzione calore o per la cogenerazione si basa sulla combustione di cippato di legno proveniente dalla silvicoltura e dall&#8217;industria del legno, pellet di legno o paglia. L\u2019uso della biomassa in impianti per la sola produzione calore o per la cogenerazione si basa sulla combustione di cippato di legno proveniente dalla silvicoltura e dall&#8217;industria del legno, pellet di legno o paglia.<\/span><\/p>\n<p><img decoding=\"async\" class=\"alignnone size-full wp-image-2097\" src=\"https:\/\/www.res-dhc.com\/wp-content\/uploads\/2021\/02\/Biomasse.jpg\" alt=\"\" width=\"1800\" height=\"1200\" srcset=\"https:\/\/www.res-dhc.com\/wp-content\/uploads\/2021\/02\/Biomasse-200x133.jpg 200w, https:\/\/www.res-dhc.com\/wp-content\/uploads\/2021\/02\/Biomasse-300x200.jpg 300w, https:\/\/www.res-dhc.com\/wp-content\/uploads\/2021\/02\/Biomasse-400x267.jpg 400w, https:\/\/www.res-dhc.com\/wp-content\/uploads\/2021\/02\/Biomasse-600x400.jpg 600w, https:\/\/www.res-dhc.com\/wp-content\/uploads\/2021\/02\/Biomasse-768x512.jpg 768w, https:\/\/www.res-dhc.com\/wp-content\/uploads\/2021\/02\/Biomasse-800x533.jpg 800w, https:\/\/www.res-dhc.com\/wp-content\/uploads\/2021\/02\/Biomasse-1024x683.jpg 1024w, https:\/\/www.res-dhc.com\/wp-content\/uploads\/2021\/02\/Biomasse-1200x800.jpg 1200w, https:\/\/www.res-dhc.com\/wp-content\/uploads\/2021\/02\/Biomasse-1536x1024.jpg 1536w, https:\/\/www.res-dhc.com\/wp-content\/uploads\/2021\/02\/Biomasse.jpg 1800w\" sizes=\"(max-width: 1800px) 100vw, 1800px\" \/><\/p>\n<\/div><\/div><\/div><div style=\"--awb-backgroundcolor:#efefef;\" class=\"fusion-column content-box-column content-box-column content-box-column-2 col-lg-12 col-md-12 col-sm-12 fusion-content-box-hover content-box-column-last-in-row\"><div class=\"col content-box-wrapper content-wrapper-background link-area-link-icon icon-hover-animation-slide\" data-animationOffset=\"top-into-view\"><div class=\"heading icon-left\"><h2 class=\"content-box-heading fusion-responsive-typography-calculated\" style=\"--h2_typography-font-size:18px;--fontSize:18;line-height:1.21;\">Biogas e biometano (CHP)<\/h2><\/div><div class=\"fusion-clearfix\"><\/div><div class=\"content-container\">\n<p><span style=\"color: #50586b;\">I sistemi DHC di medie dimensioni sono spesso basati su motori o turbine che utilizzano il gas naturale. Il biogas e il biometano, spesso prodotti dalla fermentazione della biomassa e dei rifiuti organici, possono aumentare la quota rinnovabile di tali sistemi.<\/span><\/p>\n<p><img decoding=\"async\" class=\"alignnone size-full wp-image-2092\" src=\"https:\/\/www.res-dhc.com\/wp-content\/uploads\/2021\/02\/Biogas.jpg\" alt=\"\" width=\"1800\" height=\"1200\" srcset=\"https:\/\/www.res-dhc.com\/wp-content\/uploads\/2021\/02\/Biogas-200x133.jpg 200w, https:\/\/www.res-dhc.com\/wp-content\/uploads\/2021\/02\/Biogas-300x200.jpg 300w, https:\/\/www.res-dhc.com\/wp-content\/uploads\/2021\/02\/Biogas-400x267.jpg 400w, https:\/\/www.res-dhc.com\/wp-content\/uploads\/2021\/02\/Biogas-600x400.jpg 600w, https:\/\/www.res-dhc.com\/wp-content\/uploads\/2021\/02\/Biogas-768x512.jpg 768w, https:\/\/www.res-dhc.com\/wp-content\/uploads\/2021\/02\/Biogas-800x533.jpg 800w, https:\/\/www.res-dhc.com\/wp-content\/uploads\/2021\/02\/Biogas-1024x683.jpg 1024w, https:\/\/www.res-dhc.com\/wp-content\/uploads\/2021\/02\/Biogas-1200x800.jpg 1200w, https:\/\/www.res-dhc.com\/wp-content\/uploads\/2021\/02\/Biogas-1536x1024.jpg 1536w, https:\/\/www.res-dhc.com\/wp-content\/uploads\/2021\/02\/Biogas.jpg 1800w\" sizes=\"(max-width: 1800px) 100vw, 1800px\" \/><\/p>\n<\/div><\/div><\/div><div style=\"--awb-backgroundcolor:#efefef;\" class=\"fusion-column content-box-column content-box-column content-box-column-3 col-lg-12 col-md-12 col-sm-12 fusion-content-box-hover content-box-column-last-in-row\"><div class=\"col content-box-wrapper content-wrapper-background link-area-link-icon icon-hover-animation-slide\" data-animationOffset=\"top-into-view\"><div class=\"heading icon-left\"><h2 class=\"content-box-heading fusion-responsive-typography-calculated\" style=\"--h2_typography-font-size:18px;--fontSize:18;line-height:1.21;\">Geotermia profonda<\/h2><\/div><div class=\"fusion-clearfix\"><\/div><div class=\"content-container\">\n<p><span style=\"color: #50586b;\">Gli impianti geotermici profondi per il DHC estraggono il calore da serbatoi di acqua naturale A seconda della profondit\u00e0 e della temperatura del serbatoio, il calore viene utilizzato per la produzione di elettricit\u00e0 e\/o calore.<\/span><\/p>\n<p><img decoding=\"async\" class=\"alignnone size-full wp-image-2102\" src=\"https:\/\/www.res-dhc.com\/wp-content\/uploads\/2021\/02\/Geothermie.jpg\" alt=\"\" width=\"1800\" height=\"1200\" srcset=\"https:\/\/www.res-dhc.com\/wp-content\/uploads\/2021\/02\/Geothermie-200x133.jpg 200w, https:\/\/www.res-dhc.com\/wp-content\/uploads\/2021\/02\/Geothermie-300x200.jpg 300w, https:\/\/www.res-dhc.com\/wp-content\/uploads\/2021\/02\/Geothermie-400x267.jpg 400w, https:\/\/www.res-dhc.com\/wp-content\/uploads\/2021\/02\/Geothermie-600x400.jpg 600w, https:\/\/www.res-dhc.com\/wp-content\/uploads\/2021\/02\/Geothermie-768x512.jpg 768w, https:\/\/www.res-dhc.com\/wp-content\/uploads\/2021\/02\/Geothermie-800x533.jpg 800w, https:\/\/www.res-dhc.com\/wp-content\/uploads\/2021\/02\/Geothermie-1024x683.jpg 1024w, https:\/\/www.res-dhc.com\/wp-content\/uploads\/2021\/02\/Geothermie-1200x800.jpg 1200w, https:\/\/www.res-dhc.com\/wp-content\/uploads\/2021\/02\/Geothermie-1536x1024.jpg 1536w, https:\/\/www.res-dhc.com\/wp-content\/uploads\/2021\/02\/Geothermie.jpg 1800w\" sizes=\"(max-width: 1800px) 100vw, 1800px\" \/><\/p>\n<\/div><\/div><\/div><div style=\"--awb-backgroundcolor:#efefef;\" class=\"fusion-column content-box-column content-box-column content-box-column-4 col-lg-12 col-md-12 col-sm-12 fusion-content-box-hover content-box-column-last-in-row\"><div class=\"col content-box-wrapper content-wrapper-background link-area-link-icon icon-hover-animation-slide\" data-animationOffset=\"top-into-view\"><div class=\"heading icon-left\"><h2 class=\"content-box-heading fusion-responsive-typography-calculated\" style=\"--h2_typography-font-size:18px;--fontSize:18;line-height:1.21;\">Solare termico<\/h2><\/div><div class=\"fusion-clearfix\"><\/div><div class=\"content-container\">\n<p><span style=\"color: #d5dade;\"><span style=\"color: #50586b;\">Impianti solari termici di medie e grandi dimensione possono fornire calore rinnovabili ai sistemi DHC a temperature fino a 100 \u00b0C. Gli impianti di teleriscaldamento solare sono ideali per coprire l&#8217;intero carico estivo della rete o, in combinazione con grandi accumuli di calore, anche quote pi\u00f9 elevate.<\/span><\/span><\/p>\n<p><img decoding=\"async\" class=\"alignnone size-full wp-image-2107\" src=\"https:\/\/www.res-dhc.com\/wp-content\/uploads\/2021\/02\/Solarthermie.jpg\" alt=\"\" width=\"1800\" height=\"1200\" srcset=\"https:\/\/www.res-dhc.com\/wp-content\/uploads\/2021\/02\/Solarthermie-200x133.jpg 200w, https:\/\/www.res-dhc.com\/wp-content\/uploads\/2021\/02\/Solarthermie-300x200.jpg 300w, https:\/\/www.res-dhc.com\/wp-content\/uploads\/2021\/02\/Solarthermie-400x267.jpg 400w, https:\/\/www.res-dhc.com\/wp-content\/uploads\/2021\/02\/Solarthermie-600x400.jpg 600w, https:\/\/www.res-dhc.com\/wp-content\/uploads\/2021\/02\/Solarthermie-768x512.jpg 768w, https:\/\/www.res-dhc.com\/wp-content\/uploads\/2021\/02\/Solarthermie-800x533.jpg 800w, https:\/\/www.res-dhc.com\/wp-content\/uploads\/2021\/02\/Solarthermie-1024x683.jpg 1024w, https:\/\/www.res-dhc.com\/wp-content\/uploads\/2021\/02\/Solarthermie-1200x800.jpg 1200w, https:\/\/www.res-dhc.com\/wp-content\/uploads\/2021\/02\/Solarthermie-1536x1024.jpg 1536w, https:\/\/www.res-dhc.com\/wp-content\/uploads\/2021\/02\/Solarthermie.jpg 1800w\" sizes=\"(max-width: 1800px) 100vw, 1800px\" \/><\/p>\n<\/div><\/div><\/div><div style=\"--awb-backgroundcolor:#efefef;\" class=\"fusion-column content-box-column content-box-column content-box-column-5 col-lg-12 col-md-12 col-sm-12 fusion-content-box-hover content-box-column-last-in-row\"><div class=\"col content-box-wrapper content-wrapper-background link-area-link-icon icon-hover-animation-slide\" data-animationOffset=\"top-into-view\"><div class=\"heading icon-left\"><h2 class=\"content-box-heading fusion-responsive-typography-calculated\" style=\"--h2_typography-font-size:18px;--fontSize:18;line-height:1.21;\">Pompe di calore con calore di recupero o geotermico a bassa entalpia<\/h2><\/div><div class=\"fusion-clearfix\"><\/div><div class=\"content-container\">\n<p><span style=\"color: #50586b;\">Le pompe di calore spostano il calore da un livello di temperatura pi\u00f9 basso a uno pi\u00f9 alto e pi\u00f9 utile e sono, nella maggior parte dei casi, azionate dall&#8217;elettricit\u00e0. Nei sistemi DHC esse permettono l&#8217;uso di calore di scarto e lo sfruttamento di possibili surplus di elettricit\u00e0 rinnovabile.<\/span><\/p>\n<p><img decoding=\"async\" class=\"alignnone size-full wp-image-2112\" src=\"https:\/\/www.res-dhc.com\/wp-content\/uploads\/2021\/02\/Waermepumpe.jpg\" alt=\"\" width=\"1800\" height=\"1200\" srcset=\"https:\/\/www.res-dhc.com\/wp-content\/uploads\/2021\/02\/Waermepumpe-200x133.jpg 200w, https:\/\/www.res-dhc.com\/wp-content\/uploads\/2021\/02\/Waermepumpe-300x200.jpg 300w, https:\/\/www.res-dhc.com\/wp-content\/uploads\/2021\/02\/Waermepumpe-400x267.jpg 400w, https:\/\/www.res-dhc.com\/wp-content\/uploads\/2021\/02\/Waermepumpe-600x400.jpg 600w, https:\/\/www.res-dhc.com\/wp-content\/uploads\/2021\/02\/Waermepumpe-768x512.jpg 768w, https:\/\/www.res-dhc.com\/wp-content\/uploads\/2021\/02\/Waermepumpe-800x533.jpg 800w, https:\/\/www.res-dhc.com\/wp-content\/uploads\/2021\/02\/Waermepumpe-1024x683.jpg 1024w, https:\/\/www.res-dhc.com\/wp-content\/uploads\/2021\/02\/Waermepumpe-1200x800.jpg 1200w, https:\/\/www.res-dhc.com\/wp-content\/uploads\/2021\/02\/Waermepumpe-1536x1024.jpg 1536w, https:\/\/www.res-dhc.com\/wp-content\/uploads\/2021\/02\/Waermepumpe.jpg 1800w\" sizes=\"(max-width: 1800px) 100vw, 1800px\" \/><\/p>\n<\/div><\/div><\/div><div style=\"--awb-backgroundcolor:#efefef;\" class=\"fusion-column content-box-column content-box-column content-box-column-6 col-lg-12 col-md-12 col-sm-12 fusion-content-box-hover content-box-column-last-in-row\"><div class=\"col content-box-wrapper content-wrapper-background link-area-link-icon icon-hover-animation-slide\" data-animationOffset=\"top-into-view\"><div class=\"heading icon-left\"><h2 class=\"content-box-heading fusion-responsive-typography-calculated\" style=\"--h2_typography-font-size:18px;--fontSize:18;line-height:1.21;\">Sistemi \u2018power-to-heat\u2019 con rinnovabili<\/h2><\/div><div class=\"fusion-clearfix\"><\/div><div class=\"content-container\">\n<p><span style=\"color: #50586b;\">In aree con un&#8217;alta percentuale di generazione di energia elettrica da rinnovabili, la produzione in eccesso pu\u00f2 essere integrata nelle reti DHC tramite pompe di calore o caldaie elettriche, evitando il \u2018curtailment\u2019.<\/span><\/p>\n<p><img decoding=\"async\" class=\"alignnone size-full wp-image-2082\" src=\"https:\/\/www.res-dhc.com\/wp-content\/uploads\/2021\/02\/p2h.jpg\" alt=\"\" width=\"1800\" height=\"1200\" srcset=\"https:\/\/www.res-dhc.com\/wp-content\/uploads\/2021\/02\/p2h-200x133.jpg 200w, https:\/\/www.res-dhc.com\/wp-content\/uploads\/2021\/02\/p2h-300x200.jpg 300w, https:\/\/www.res-dhc.com\/wp-content\/uploads\/2021\/02\/p2h-400x267.jpg 400w, https:\/\/www.res-dhc.com\/wp-content\/uploads\/2021\/02\/p2h-600x400.jpg 600w, https:\/\/www.res-dhc.com\/wp-content\/uploads\/2021\/02\/p2h-768x512.jpg 768w, https:\/\/www.res-dhc.com\/wp-content\/uploads\/2021\/02\/p2h-800x533.jpg 800w, https:\/\/www.res-dhc.com\/wp-content\/uploads\/2021\/02\/p2h-1024x683.jpg 1024w, https:\/\/www.res-dhc.com\/wp-content\/uploads\/2021\/02\/p2h-1200x800.jpg 1200w, https:\/\/www.res-dhc.com\/wp-content\/uploads\/2021\/02\/p2h-1536x1024.jpg 1536w, https:\/\/www.res-dhc.com\/wp-content\/uploads\/2021\/02\/p2h.jpg 1800w\" sizes=\"(max-width: 1800px) 100vw, 1800px\" \/><\/p>\n<\/div><\/div><\/div><div style=\"--awb-backgroundcolor:#efefef;\" class=\"fusion-column content-box-column content-box-column content-box-column-7 col-lg-12 col-md-12 col-sm-12 fusion-content-box-hover content-box-column-last content-box-column-last-in-row\"><div class=\"col content-box-wrapper content-wrapper-background link-area-link-icon icon-hover-animation-slide\" data-animationOffset=\"top-into-view\"><div class=\"heading icon-left\"><h2 class=\"content-box-heading fusion-responsive-typography-calculated\" style=\"--h2_typography-font-size:18px;--fontSize:18;line-height:1.21;\">Calore di scarto (di recupero)<\/h2><\/div><div class=\"fusion-clearfix\"><\/div><div class=\"content-container\">\n<p><span style=\"color: #50586b;\">L&#8217;impiego del calore di recupero disponibile localmente, ad esempio dall&#8217;industria, presenta un enorme potenziale. Il calore di scarto a temperature utili pu\u00f2 essere applicato direttamente per il DHC. Mentre i flussi a temperature pi\u00f9 basse possono essere utilizzati per alimentare pompe di calore.<\/span><\/p>\n<p><img decoding=\"async\" class=\"alignnone size-full wp-image-2087\" src=\"https:\/\/www.res-dhc.com\/wp-content\/uploads\/2021\/02\/Abwaerme.jpg\" alt=\"\" width=\"1800\" height=\"1200\" srcset=\"https:\/\/www.res-dhc.com\/wp-content\/uploads\/2021\/02\/Abwaerme-200x133.jpg 200w, https:\/\/www.res-dhc.com\/wp-content\/uploads\/2021\/02\/Abwaerme-300x200.jpg 300w, https:\/\/www.res-dhc.com\/wp-content\/uploads\/2021\/02\/Abwaerme-400x267.jpg 400w, https:\/\/www.res-dhc.com\/wp-content\/uploads\/2021\/02\/Abwaerme-600x400.jpg 600w, https:\/\/www.res-dhc.com\/wp-content\/uploads\/2021\/02\/Abwaerme-768x512.jpg 768w, https:\/\/www.res-dhc.com\/wp-content\/uploads\/2021\/02\/Abwaerme-800x533.jpg 800w, https:\/\/www.res-dhc.com\/wp-content\/uploads\/2021\/02\/Abwaerme-1024x683.jpg 1024w, https:\/\/www.res-dhc.com\/wp-content\/uploads\/2021\/02\/Abwaerme-1200x800.jpg 1200w, https:\/\/www.res-dhc.com\/wp-content\/uploads\/2021\/02\/Abwaerme-1536x1024.jpg 1536w, https:\/\/www.res-dhc.com\/wp-content\/uploads\/2021\/02\/Abwaerme.jpg 1800w\" sizes=\"(max-width: 1800px) 100vw, 1800px\" \/><\/p>\n<\/div><\/div><\/div><div class=\"fusion-clearfix\"><\/div><\/div><\/div><\/div><\/div><\/div>\n","protected":false},"excerpt":{"rendered":"","protected":false},"author":1,"featured_media":0,"parent":1957,"menu_order":0,"comment_status":"closed","ping_status":"closed","template":"","meta":{"footnotes":""},"class_list":["post-1968","page","type-page","status-publish","hentry"],"yoast_head":"<!-- This site is optimized with the Yoast SEO plugin v27.3 - https:\/\/yoast.com\/product\/yoast-seo-wordpress\/ -->\n<title>Soluzioni tecniche - RES-DHC<\/title>\n<meta name=\"robots\" content=\"index, follow, max-snippet:-1, max-image-preview:large, max-video-preview:-1\" \/>\n<link rel=\"canonical\" href=\"https:\/\/www.res-dhc.com\/it\/cose-res-dhc\/soluzioni-tecniche\/\" \/>\n<meta property=\"og:locale\" content=\"it_IT\" \/>\n<meta property=\"og:type\" content=\"article\" \/>\n<meta property=\"og:title\" content=\"Soluzioni tecniche - RES-DHC\" \/>\n<meta property=\"og:url\" content=\"https:\/\/www.res-dhc.com\/it\/cose-res-dhc\/soluzioni-tecniche\/\" \/>\n<meta property=\"og:site_name\" content=\"RES-DHC\" \/>\n<meta property=\"article:modified_time\" content=\"2023-12-20T09:40:41+00:00\" \/>\n<meta property=\"og:image\" content=\"https:\/\/www.res-dhc.com\/wp-content\/uploads\/2021\/02\/Biomasse.jpg\" \/>\n<meta name=\"twitter:card\" content=\"summary_large_image\" \/>\n<meta name=\"twitter:site\" content=\"@DhcRes\" \/>\n<meta name=\"twitter:label1\" content=\"Tempo di lettura stimato\" \/>\n\t<meta name=\"twitter:data1\" content=\"6 minuti\" \/>\n<script type=\"application\/ld+json\" class=\"yoast-schema-graph\">{\"@context\":\"https:\\\/\\\/schema.org\",\"@graph\":[{\"@type\":\"WebPage\",\"@id\":\"https:\\\/\\\/www.res-dhc.com\\\/it\\\/cose-res-dhc\\\/soluzioni-tecniche\\\/\",\"url\":\"https:\\\/\\\/www.res-dhc.com\\\/it\\\/cose-res-dhc\\\/soluzioni-tecniche\\\/\",\"name\":\"Soluzioni tecniche - RES-DHC\",\"isPartOf\":{\"@id\":\"https:\\\/\\\/www.res-dhc.com\\\/#website\"},\"primaryImageOfPage\":{\"@id\":\"https:\\\/\\\/www.res-dhc.com\\\/it\\\/cose-res-dhc\\\/soluzioni-tecniche\\\/#primaryimage\"},\"image\":{\"@id\":\"https:\\\/\\\/www.res-dhc.com\\\/it\\\/cose-res-dhc\\\/soluzioni-tecniche\\\/#primaryimage\"},\"thumbnailUrl\":\"https:\\\/\\\/www.res-dhc.com\\\/wp-content\\\/uploads\\\/2021\\\/02\\\/Biomasse.jpg\",\"datePublished\":\"2021-02-24T15:15:39+00:00\",\"dateModified\":\"2023-12-20T09:40:41+00:00\",\"breadcrumb\":{\"@id\":\"https:\\\/\\\/www.res-dhc.com\\\/it\\\/cose-res-dhc\\\/soluzioni-tecniche\\\/#breadcrumb\"},\"inLanguage\":\"it-IT\",\"potentialAction\":[{\"@type\":\"ReadAction\",\"target\":[\"https:\\\/\\\/www.res-dhc.com\\\/it\\\/cose-res-dhc\\\/soluzioni-tecniche\\\/\"]}]},{\"@type\":\"ImageObject\",\"inLanguage\":\"it-IT\",\"@id\":\"https:\\\/\\\/www.res-dhc.com\\\/it\\\/cose-res-dhc\\\/soluzioni-tecniche\\\/#primaryimage\",\"url\":\"https:\\\/\\\/www.res-dhc.com\\\/wp-content\\\/uploads\\\/2021\\\/02\\\/Biomasse.jpg\",\"contentUrl\":\"https:\\\/\\\/www.res-dhc.com\\\/wp-content\\\/uploads\\\/2021\\\/02\\\/Biomasse.jpg\"},{\"@type\":\"BreadcrumbList\",\"@id\":\"https:\\\/\\\/www.res-dhc.com\\\/it\\\/cose-res-dhc\\\/soluzioni-tecniche\\\/#breadcrumb\",\"itemListElement\":[{\"@type\":\"ListItem\",\"position\":1,\"name\":\"Home\",\"item\":\"https:\\\/\\\/www.res-dhc.com\\\/it\\\/\"},{\"@type\":\"ListItem\",\"position\":2,\"name\":\"Cos\u2019\u00e8 RES DHC\",\"item\":\"https:\\\/\\\/www.res-dhc.com\\\/en\\\/about-res-dhc\\\/\"},{\"@type\":\"ListItem\",\"position\":3,\"name\":\"Soluzioni tecniche\"}]},{\"@type\":\"WebSite\",\"@id\":\"https:\\\/\\\/www.res-dhc.com\\\/#website\",\"url\":\"https:\\\/\\\/www.res-dhc.com\\\/\",\"name\":\"RES-DHC\",\"description\":\"Renewable Energy Sources for District Heating and Cooling\",\"publisher\":{\"@id\":\"https:\\\/\\\/www.res-dhc.com\\\/#organization\"},\"potentialAction\":[{\"@type\":\"SearchAction\",\"target\":{\"@type\":\"EntryPoint\",\"urlTemplate\":\"https:\\\/\\\/www.res-dhc.com\\\/?s={search_term_string}\"},\"query-input\":{\"@type\":\"PropertyValueSpecification\",\"valueRequired\":true,\"valueName\":\"search_term_string\"}}],\"inLanguage\":\"it-IT\"},{\"@type\":\"Organization\",\"@id\":\"https:\\\/\\\/www.res-dhc.com\\\/#organization\",\"name\":\"RES-DHC\",\"url\":\"https:\\\/\\\/www.res-dhc.com\\\/\",\"logo\":{\"@type\":\"ImageObject\",\"inLanguage\":\"it-IT\",\"@id\":\"https:\\\/\\\/www.res-dhc.com\\\/#\\\/schema\\\/logo\\\/image\\\/\",\"url\":\"https:\\\/\\\/www.res-dhc.com\\\/wp-content\\\/uploads\\\/2022\\\/01\\\/RES-DHC_Logo_Form-1.png\",\"contentUrl\":\"https:\\\/\\\/www.res-dhc.com\\\/wp-content\\\/uploads\\\/2022\\\/01\\\/RES-DHC_Logo_Form-1.png\",\"width\":200,\"height\":57,\"caption\":\"RES-DHC\"},\"image\":{\"@id\":\"https:\\\/\\\/www.res-dhc.com\\\/#\\\/schema\\\/logo\\\/image\\\/\"},\"sameAs\":[\"https:\\\/\\\/x.com\\\/DhcRes\",\"https:\\\/\\\/www.linkedin.com\\\/showcase\\\/res-dhc-project\\\/\"]}]}<\/script>\n<!-- \/ Yoast SEO plugin. -->","yoast_head_json":{"title":"Soluzioni tecniche - RES-DHC","robots":{"index":"index","follow":"follow","max-snippet":"max-snippet:-1","max-image-preview":"max-image-preview:large","max-video-preview":"max-video-preview:-1"},"canonical":"https:\/\/www.res-dhc.com\/it\/cose-res-dhc\/soluzioni-tecniche\/","og_locale":"it_IT","og_type":"article","og_title":"Soluzioni tecniche - RES-DHC","og_url":"https:\/\/www.res-dhc.com\/it\/cose-res-dhc\/soluzioni-tecniche\/","og_site_name":"RES-DHC","article_modified_time":"2023-12-20T09:40:41+00:00","og_image":[{"url":"https:\/\/www.res-dhc.com\/wp-content\/uploads\/2021\/02\/Biomasse.jpg","type":"","width":"","height":""}],"twitter_card":"summary_large_image","twitter_site":"@DhcRes","twitter_misc":{"Tempo di lettura stimato":"6 minuti"},"schema":{"@context":"https:\/\/schema.org","@graph":[{"@type":"WebPage","@id":"https:\/\/www.res-dhc.com\/it\/cose-res-dhc\/soluzioni-tecniche\/","url":"https:\/\/www.res-dhc.com\/it\/cose-res-dhc\/soluzioni-tecniche\/","name":"Soluzioni tecniche - RES-DHC","isPartOf":{"@id":"https:\/\/www.res-dhc.com\/#website"},"primaryImageOfPage":{"@id":"https:\/\/www.res-dhc.com\/it\/cose-res-dhc\/soluzioni-tecniche\/#primaryimage"},"image":{"@id":"https:\/\/www.res-dhc.com\/it\/cose-res-dhc\/soluzioni-tecniche\/#primaryimage"},"thumbnailUrl":"https:\/\/www.res-dhc.com\/wp-content\/uploads\/2021\/02\/Biomasse.jpg","datePublished":"2021-02-24T15:15:39+00:00","dateModified":"2023-12-20T09:40:41+00:00","breadcrumb":{"@id":"https:\/\/www.res-dhc.com\/it\/cose-res-dhc\/soluzioni-tecniche\/#breadcrumb"},"inLanguage":"it-IT","potentialAction":[{"@type":"ReadAction","target":["https:\/\/www.res-dhc.com\/it\/cose-res-dhc\/soluzioni-tecniche\/"]}]},{"@type":"ImageObject","inLanguage":"it-IT","@id":"https:\/\/www.res-dhc.com\/it\/cose-res-dhc\/soluzioni-tecniche\/#primaryimage","url":"https:\/\/www.res-dhc.com\/wp-content\/uploads\/2021\/02\/Biomasse.jpg","contentUrl":"https:\/\/www.res-dhc.com\/wp-content\/uploads\/2021\/02\/Biomasse.jpg"},{"@type":"BreadcrumbList","@id":"https:\/\/www.res-dhc.com\/it\/cose-res-dhc\/soluzioni-tecniche\/#breadcrumb","itemListElement":[{"@type":"ListItem","position":1,"name":"Home","item":"https:\/\/www.res-dhc.com\/it\/"},{"@type":"ListItem","position":2,"name":"Cos\u2019\u00e8 RES DHC","item":"https:\/\/www.res-dhc.com\/en\/about-res-dhc\/"},{"@type":"ListItem","position":3,"name":"Soluzioni tecniche"}]},{"@type":"WebSite","@id":"https:\/\/www.res-dhc.com\/#website","url":"https:\/\/www.res-dhc.com\/","name":"RES-DHC","description":"Renewable Energy Sources for District Heating and Cooling","publisher":{"@id":"https:\/\/www.res-dhc.com\/#organization"},"potentialAction":[{"@type":"SearchAction","target":{"@type":"EntryPoint","urlTemplate":"https:\/\/www.res-dhc.com\/?s={search_term_string}"},"query-input":{"@type":"PropertyValueSpecification","valueRequired":true,"valueName":"search_term_string"}}],"inLanguage":"it-IT"},{"@type":"Organization","@id":"https:\/\/www.res-dhc.com\/#organization","name":"RES-DHC","url":"https:\/\/www.res-dhc.com\/","logo":{"@type":"ImageObject","inLanguage":"it-IT","@id":"https:\/\/www.res-dhc.com\/#\/schema\/logo\/image\/","url":"https:\/\/www.res-dhc.com\/wp-content\/uploads\/2022\/01\/RES-DHC_Logo_Form-1.png","contentUrl":"https:\/\/www.res-dhc.com\/wp-content\/uploads\/2022\/01\/RES-DHC_Logo_Form-1.png","width":200,"height":57,"caption":"RES-DHC"},"image":{"@id":"https:\/\/www.res-dhc.com\/#\/schema\/logo\/image\/"},"sameAs":["https:\/\/x.com\/DhcRes","https:\/\/www.linkedin.com\/showcase\/res-dhc-project\/"]}]}},"_links":{"self":[{"href":"https:\/\/www.res-dhc.com\/it\/wp-json\/wp\/v2\/pages\/1968","targetHints":{"allow":["GET"]}}],"collection":[{"href":"https:\/\/www.res-dhc.com\/it\/wp-json\/wp\/v2\/pages"}],"about":[{"href":"https:\/\/www.res-dhc.com\/it\/wp-json\/wp\/v2\/types\/page"}],"author":[{"embeddable":true,"href":"https:\/\/www.res-dhc.com\/it\/wp-json\/wp\/v2\/users\/1"}],"replies":[{"embeddable":true,"href":"https:\/\/www.res-dhc.com\/it\/wp-json\/wp\/v2\/comments?post=1968"}],"version-history":[{"count":13,"href":"https:\/\/www.res-dhc.com\/it\/wp-json\/wp\/v2\/pages\/1968\/revisions"}],"predecessor-version":[{"id":2136,"href":"https:\/\/www.res-dhc.com\/it\/wp-json\/wp\/v2\/pages\/1968\/revisions\/2136"}],"up":[{"embeddable":true,"href":"https:\/\/www.res-dhc.com\/it\/wp-json\/wp\/v2\/pages\/1957"}],"wp:attachment":[{"href":"https:\/\/www.res-dhc.com\/it\/wp-json\/wp\/v2\/media?parent=1968"}],"curies":[{"name":"wp","href":"https:\/\/api.w.org\/{rel}","templated":true}]}}