{"id":1935,"date":"2021-02-24T15:59:41","date_gmt":"2021-02-24T14:59:41","guid":{"rendered":"https:\/\/www.res-dhc.com\/notizi-eventi\/notizi\/"},"modified":"2023-12-20T10:59:47","modified_gmt":"2023-12-20T09:59:47","slug":"notizie","status":"publish","type":"page","link":"https:\/\/www.res-dhc.com\/it\/notizie-eventi\/notizie\/","title":{"rendered":"Notizie"},"content":{"rendered":"<div class=\"fusion-fullwidth fullwidth-box fusion-builder-row-1 fusion-flex-container nonhundred-percent-fullwidth non-hundred-percent-height-scrolling\" style=\"--awb-border-radius-top-left:0px;--awb-border-radius-top-right:0px;--awb-border-radius-bottom-right:0px;--awb-border-radius-bottom-left:0px;--awb-flex-wrap:wrap;\" ><div class=\"fusion-builder-row fusion-row fusion-flex-align-items-flex-start fusion-flex-content-wrap\" style=\"max-width:1216.8px;margin-left: calc(-4% \/ 2 );margin-right: calc(-4% \/ 2 );\"><div class=\"fusion-layout-column fusion_builder_column fusion-builder-column-0 fusion_builder_column_1_1 1_1 fusion-flex-column\" style=\"--awb-bg-size:cover;--awb-width-large:100%;--awb-margin-top-large:0px;--awb-spacing-right-large:1.92%;--awb-margin-bottom-large:20px;--awb-spacing-left-large:1.92%;--awb-width-medium:100%;--awb-order-medium:0;--awb-spacing-right-medium:1.92%;--awb-spacing-left-medium:1.92%;--awb-width-small:100%;--awb-order-small:0;--awb-spacing-right-small:1.92%;--awb-spacing-left-small:1.92%;\"><div class=\"fusion-column-wrapper fusion-column-has-shadow fusion-flex-justify-content-flex-start fusion-content-layout-column\"><div class=\"fusion-blog-shortcode fusion-blog-shortcode-1 fusion-blog-archive fusion-blog-layout-timeline-wrapper fusion-blog-infinite\"><div class=\"fusion-posts-container fusion-posts-container-infinite fusion-posts-container-load-more fusion-blog-rollover\" data-pages=\"4\"><div class=\"fusion-timeline-icon\"><i class=\"awb-icon-bubbles\" style=\"color:#efeee8;\" aria-hidden=\"true\"><\/i><\/div><div class=\"fusion-blog-layout-timeline fusion-clearfix\"><div class=\"fusion-timeline-line\" style=\"border-left:1px solid #efeee8;border-right:1px solid #efeee8;\"><\/div><h3 class=\"fusion-timeline-date\" style=\"background-color:#efeee8;\">Luglio 2023<\/h3><div class=\"fusion-collapse-month\"><article id=\"blog-1-post-5927\" style=\"border-color:#efeee8;\" class=\"fusion-post-timeline fusion-clearfix fusion-left-column post-5927 post type-post status-publish format-standard hentry category-non-categorizzato\">\n<div class=\"fusion-post-wrapper\" style=\"background-color:rgba(255,255,255,1);\">\n\n<div class=\"fusion-post-content-wrapper\" style=\"padding:30px 25px 20px 25px;\"><div class=\"fusion-post-content post-content\"><div class=\"fusion-timeline-circle\" style=\"background-color:#efeee8;\"><\/div><div class=\"fusion-timeline-arrow\" style=\"color:#efeee8;\"><\/div><h2 class=\"blog-shortcode-post-title entry-title\"><a href=\"https:\/\/www.res-dhc.com\/it\/2023\/07\/25\/comunita-energetiche-termiche-un-documento-politico\/\">Comunit\u00e0 energetiche termiche: un documento politico<\/a><\/h2><p class=\"fusion-single-line-meta\"><span class=\"vcard\" style=\"display: none;\"><span class=\"fn\"><a href=\"https:\/\/www.res-dhc.com\/it\/author\/riccardo-battisti\/\" title=\"Articoli scritti da Riccardo Battisti\" rel=\"author\">Riccardo Battisti<\/a><\/span><\/span><span class=\"updated\" style=\"display:none;\">2023-07-25T10:43:52+02:00<\/span><span>Luglio 25th, 2023<\/span><span class=\"fusion-inline-sep\">|<\/span><\/p><div class=\"fusion-content-sep sep-double sep-solid\"><\/div><div class=\"fusion-post-content-container\"><p>Il teleriscaldamento da rinnovabili \u00e8 il punto centrale per l'inclusione del calore nelle comunit\u00e0 energetiche. Quali sono, per\u00f2, [...]<\/p><\/div><\/div><div class=\"fusion-meta-info\"><div class=\"fusion-alignleft\"><a class=\"fusion-read-more\" href=\"https:\/\/www.res-dhc.com\/it\/2023\/07\/25\/comunita-energetiche-termiche-un-documento-politico\/\" aria-label=\"More on Comunit\u00e0 energetiche termiche: un documento politico\">Read More<\/a><\/div><\/div><\/div><div class=\"fusion-clearfix\"><\/div><\/div>\n<\/article>\n<\/div><h3 class=\"fusion-timeline-date\" style=\"background-color:#efeee8;\">Maggio 2023<\/h3><div class=\"fusion-collapse-month\"><article id=\"blog-1-post-5770\" style=\"border-color:#efeee8;\" class=\"fusion-post-timeline fusion-clearfix fusion-right-column post-5770 post type-post status-publish format-standard hentry category-non-categorizzato\">\n<div class=\"fusion-post-wrapper\" style=\"background-color:rgba(255,255,255,1);\">\n\n<div class=\"fusion-post-content-wrapper\" style=\"padding:30px 25px 20px 25px;\"><div class=\"fusion-post-content post-content\"><div class=\"fusion-timeline-circle\" style=\"background-color:#efeee8;\"><\/div><div class=\"fusion-timeline-arrow\" style=\"color:#efeee8;\"><\/div><h2 class=\"blog-shortcode-post-title entry-title\"><a href=\"https:\/\/www.res-dhc.com\/it\/2023\/05\/26\/calore-di-recupero-per-il-teleriscaldamento-e-semplificazioni-autorizzative\/\">Calore di recupero per il teleriscaldamento e semplificazioni autorizzative<\/a><\/h2><p class=\"fusion-single-line-meta\"><span class=\"vcard\" style=\"display: none;\"><span class=\"fn\"><a href=\"https:\/\/www.res-dhc.com\/it\/author\/riccardo-battisti\/\" title=\"Articoli scritti da Riccardo Battisti\" rel=\"author\">Riccardo Battisti<\/a><\/span><\/span><span class=\"updated\" style=\"display:none;\">2023-05-26T13:56:02+02:00<\/span><span>Maggio 26th, 2023<\/span><span class=\"fusion-inline-sep\">|<\/span><\/p><div class=\"fusion-content-sep sep-double sep-solid\"><\/div><div class=\"fusion-post-content-container\"><p>Un\u2019analisi delle problematiche irrisolte sul tema del calore di scarto e del suo utilizzo nelle reti di teleriscaldamento. [...]<\/p><\/div><\/div><div class=\"fusion-meta-info\"><div class=\"fusion-alignleft\"><a class=\"fusion-read-more\" href=\"https:\/\/www.res-dhc.com\/it\/2023\/05\/26\/calore-di-recupero-per-il-teleriscaldamento-e-semplificazioni-autorizzative\/\" aria-label=\"More on Calore di recupero per il teleriscaldamento e semplificazioni autorizzative\">Read More<\/a><\/div><\/div><\/div><div class=\"fusion-clearfix\"><\/div><\/div>\n<\/article>\n<article id=\"blog-1-post-5748\" style=\"border-color:#efeee8;\" class=\"fusion-post-timeline fusion-clearfix fusion-left-column post-5748 post type-post status-publish format-standard hentry category-uncategorized\">\n<div class=\"fusion-post-wrapper\" style=\"background-color:rgba(255,255,255,1);\">\n\n<div class=\"fusion-post-content-wrapper\" style=\"padding:30px 25px 20px 25px;\"><div class=\"fusion-post-content post-content\"><div class=\"fusion-timeline-circle\" style=\"background-color:#efeee8;\"><\/div><div class=\"fusion-timeline-arrow\" style=\"color:#efeee8;\"><\/div><h2 class=\"blog-shortcode-post-title entry-title\"><a href=\"https:\/\/www.res-dhc.com\/it\/2023\/05\/16\/solare-termico-e-biomassa-di-comunita-per-una-cittadina-rurale-tedesca\/\">Solare termico e biomassa di comunit\u00e0 per una cittadina rurale tedesca<\/a><\/h2><p class=\"fusion-single-line-meta\"><span class=\"vcard\" style=\"display: none;\"><span class=\"fn\"><a href=\"https:\/\/www.res-dhc.com\/it\/author\/riccardo-battisti\/\" title=\"Articoli scritti da Riccardo Battisti\" rel=\"author\">Riccardo Battisti<\/a><\/span><\/span><span class=\"updated\" style=\"display:none;\">2023-05-16T09:52:53+02:00<\/span><span>Maggio 16th, 2023<\/span><span class=\"fusion-inline-sep\">|<\/span><\/p><div class=\"fusion-content-sep sep-double sep-solid\"><\/div><div class=\"fusion-post-content-container\"><p>Coinvolgimento diretto dei consumatori, valorizzazione delle risorse locali e riscaldamento a emissioni zero: il caso Comune di Randegg [...]<\/p><\/div><\/div><div class=\"fusion-meta-info\"><div class=\"fusion-alignleft\"><a class=\"fusion-read-more\" href=\"https:\/\/www.res-dhc.com\/it\/2023\/05\/16\/solare-termico-e-biomassa-di-comunita-per-una-cittadina-rurale-tedesca\/\" aria-label=\"More on Solare termico e biomassa di comunit\u00e0 per una cittadina rurale tedesca\">Read More<\/a><\/div><\/div><\/div><div class=\"fusion-clearfix\"><\/div><\/div>\n<\/article>\n<\/div><h3 class=\"fusion-timeline-date\" style=\"background-color:#efeee8;\">Aprile 2023<\/h3><div class=\"fusion-collapse-month\"><article id=\"blog-1-post-5710\" style=\"border-color:#efeee8;\" class=\"fusion-post-timeline fusion-clearfix fusion-right-column post-5710 post type-post status-publish format-standard hentry category-uncategorized\">\n<div class=\"fusion-post-wrapper\" style=\"background-color:rgba(255,255,255,1);\">\n\n<div class=\"fusion-post-content-wrapper\" style=\"padding:30px 25px 20px 25px;\"><div class=\"fusion-post-content post-content\"><div class=\"fusion-timeline-circle\" style=\"background-color:#efeee8;\"><\/div><div class=\"fusion-timeline-arrow\" style=\"color:#efeee8;\"><\/div><h2 class=\"blog-shortcode-post-title entry-title\"><a href=\"https:\/\/www.res-dhc.com\/it\/2023\/04\/27\/piu-calore-per-le-comunita-energetiche-rinnovabili-episodio-2\/\">Pi\u00f9 calore per le comunit\u00e0 energetiche rinnovabili \u2013 Episodio 2<\/a><\/h2><p class=\"fusion-single-line-meta\"><span class=\"vcard\" style=\"display: none;\"><span class=\"fn\"><a href=\"https:\/\/www.res-dhc.com\/it\/author\/riccardo-battisti\/\" title=\"Articoli scritti da Riccardo Battisti\" rel=\"author\">Riccardo Battisti<\/a><\/span><\/span><span class=\"updated\" style=\"display:none;\">2023-04-27T09:28:22+02:00<\/span><span>Aprile 27th, 2023<\/span><span class=\"fusion-inline-sep\">|<\/span><\/p><div class=\"fusion-content-sep sep-double sep-solid\"><\/div><div class=\"fusion-post-content-container\"><p>Solare termico e biomassa per una piccola rete di teleriscaldamento: questo esempio che arriva dalla Germania mostra come [...]<\/p><\/div><\/div><div class=\"fusion-meta-info\"><div class=\"fusion-alignleft\"><a class=\"fusion-read-more\" href=\"https:\/\/www.res-dhc.com\/it\/2023\/04\/27\/piu-calore-per-le-comunita-energetiche-rinnovabili-episodio-2\/\" aria-label=\"More on Pi\u00f9 calore per le comunit\u00e0 energetiche rinnovabili \u2013 Episodio 2\">Read More<\/a><\/div><\/div><\/div><div class=\"fusion-clearfix\"><\/div><\/div>\n<\/article>\n<article id=\"blog-1-post-5670\" style=\"border-color:#efeee8;\" class=\"fusion-post-timeline fusion-clearfix fusion-left-column post-5670 post type-post status-publish format-standard hentry category-uncategorized\">\n<div class=\"fusion-post-wrapper\" style=\"background-color:rgba(255,255,255,1);\">\n\n<div class=\"fusion-post-content-wrapper\" style=\"padding:30px 25px 20px 25px;\"><div class=\"fusion-post-content post-content\"><div class=\"fusion-timeline-circle\" style=\"background-color:#efeee8;\"><\/div><div class=\"fusion-timeline-arrow\" style=\"color:#efeee8;\"><\/div><h2 class=\"blog-shortcode-post-title entry-title\"><a href=\"https:\/\/www.res-dhc.com\/it\/2023\/04\/13\/piu-calore-per-le-comunita-energetiche-rinnovabili-episodio-1\/\">Pi\u00f9 calore per le comunit\u00e0 energetiche rinnovabili &#8211; Episodio 1<\/a><\/h2><p class=\"fusion-single-line-meta\"><span class=\"vcard\" style=\"display: none;\"><span class=\"fn\"><a href=\"https:\/\/www.res-dhc.com\/it\/author\/riccardo-battisti\/\" title=\"Articoli scritti da Riccardo Battisti\" rel=\"author\">Riccardo Battisti<\/a><\/span><\/span><span class=\"updated\" style=\"display:none;\">2023-04-13T14:51:54+02:00<\/span><span>Aprile 13th, 2023<\/span><span class=\"fusion-inline-sep\">|<\/span><\/p><div class=\"fusion-content-sep sep-double sep-solid\"><\/div><div class=\"fusion-post-content-container\"><p>Il teleriscaldamento da rinnovabili sar\u00e0 sempre pi\u00f9 legato al tema delle comunit\u00e0 energetiche rinnovabili: in questo video introduttivo, [...]<\/p><\/div><\/div><div class=\"fusion-meta-info\"><div class=\"fusion-alignleft\"><a class=\"fusion-read-more\" href=\"https:\/\/www.res-dhc.com\/it\/2023\/04\/13\/piu-calore-per-le-comunita-energetiche-rinnovabili-episodio-1\/\" aria-label=\"More on Pi\u00f9 calore per le comunit\u00e0 energetiche rinnovabili &#8211; Episodio 1\">Read More<\/a><\/div><\/div><\/div><div class=\"fusion-clearfix\"><\/div><\/div>\n<\/article>\n<article id=\"blog-1-post-5553\" style=\"border-color:#efeee8;\" class=\"fusion-post-timeline fusion-clearfix fusion-right-column post-5553 post type-post status-publish format-standard hentry category-non-categorizzato\">\n<div class=\"fusion-post-wrapper\" style=\"background-color:rgba(255,255,255,1);\">\n\n<div class=\"fusion-post-content-wrapper\" style=\"padding:30px 25px 20px 25px;\"><div class=\"fusion-post-content post-content\"><div class=\"fusion-timeline-circle\" style=\"background-color:#efeee8;\"><\/div><div class=\"fusion-timeline-arrow\" style=\"color:#efeee8;\"><\/div><h2 class=\"blog-shortcode-post-title entry-title\"><a href=\"https:\/\/www.res-dhc.com\/it\/2023\/04\/06\/calore-per-le-comunita-energetiche-il-progetto-connectheat\/\">Calore per le comunit\u00e0 energetiche: il progetto ConnectHeat<\/a><\/h2><p class=\"fusion-single-line-meta\"><span class=\"vcard\" style=\"display: none;\"><span class=\"fn\"><a href=\"https:\/\/www.res-dhc.com\/it\/author\/riccardo-battisti\/\" title=\"Articoli scritti da Riccardo Battisti\" rel=\"author\">Riccardo Battisti<\/a><\/span><\/span><span class=\"updated\" style=\"display:none;\">2023-04-06T16:10:44+02:00<\/span><span>Aprile 6th, 2023<\/span><span class=\"fusion-inline-sep\">|<\/span><\/p><div class=\"fusion-content-sep sep-double sep-solid\"><\/div><div class=\"fusion-post-content-container\"><p>Quale pu\u00f2 essere il contributo dell'energia termica alle comunit\u00e0 energetiche rinnovabili? Quali sono le soluzioni organizzative e le [...]<\/p><\/div><\/div><div class=\"fusion-meta-info\"><div class=\"fusion-alignleft\"><a class=\"fusion-read-more\" href=\"https:\/\/www.res-dhc.com\/it\/2023\/04\/06\/calore-per-le-comunita-energetiche-il-progetto-connectheat\/\" aria-label=\"More on Calore per le comunit\u00e0 energetiche: il progetto ConnectHeat\">Read More<\/a><\/div><\/div><\/div><div class=\"fusion-clearfix\"><\/div><\/div>\n<\/article>\n<\/div><\/div><\/div><div class=\"fusion-infinite-scroll-trigger\"><\/div><div class=\"pagination infinite-scroll clearfix\" style=\"display:none;\"><span class=\"current\">1<\/span><a href=\"https:\/\/www.res-dhc.com\/it\/wp-json\/wp\/v2\/pages\/1935\/page\/2\/\" class=\"inactive\">2<\/a><a class=\"pagination-next\" rel=\"next\" href=\"https:\/\/www.res-dhc.com\/it\/wp-json\/wp\/v2\/pages\/1935\/page\/2\/\"><span class=\"page-text\">Next<\/span><span class=\"page-next\"><\/span><\/a><\/div><div class=\"fusion-clearfix\"><\/div><button class=\"fusion-load-more-button fusion-blog-button fusion-clearfix\">Load More Posts<\/button><\/div><\/div><\/div><\/div><\/div>\n","protected":false},"excerpt":{"rendered":"","protected":false},"author":1,"featured_media":0,"parent":1934,"menu_order":0,"comment_status":"closed","ping_status":"closed","template":"","meta":{"footnotes":""},"class_list":["post-1935","page","type-page","status-publish","hentry"],"yoast_head":"<!-- This site is optimized with the Yoast SEO plugin v27.3 - https:\/\/yoast.com\/product\/yoast-seo-wordpress\/ -->\n<title>Notizie - RES-DHC<\/title>\n<meta name=\"robots\" content=\"index, follow, max-snippet:-1, max-image-preview:large, max-video-preview:-1\" \/>\n<link rel=\"canonical\" href=\"https:\/\/www.res-dhc.com\/it\/notizie-eventi\/notizie\/\" \/>\n<meta property=\"og:locale\" content=\"it_IT\" \/>\n<meta property=\"og:type\" content=\"article\" \/>\n<meta property=\"og:title\" content=\"Notizie - RES-DHC\" \/>\n<meta property=\"og:url\" content=\"https:\/\/www.res-dhc.com\/it\/notizie-eventi\/notizie\/\" \/>\n<meta property=\"og:site_name\" content=\"RES-DHC\" \/>\n<meta property=\"article:modified_time\" content=\"2023-12-20T09:59:47+00:00\" \/>\n<meta name=\"twitter:card\" content=\"summary_large_image\" \/>\n<meta name=\"twitter:site\" content=\"@DhcRes\" \/>\n<meta name=\"twitter:label1\" content=\"Tempo di lettura stimato\" \/>\n\t<meta name=\"twitter:data1\" content=\"2 minuti\" \/>\n<script type=\"application\/ld+json\" class=\"yoast-schema-graph\">{\"@context\":\"https:\\\/\\\/schema.org\",\"@graph\":[{\"@type\":\"WebPage\",\"@id\":\"https:\\\/\\\/www.res-dhc.com\\\/it\\\/notizie-eventi\\\/notizie\\\/\",\"url\":\"https:\\\/\\\/www.res-dhc.com\\\/it\\\/notizie-eventi\\\/notizie\\\/\",\"name\":\"Notizie - RES-DHC\",\"isPartOf\":{\"@id\":\"https:\\\/\\\/www.res-dhc.com\\\/#website\"},\"datePublished\":\"2021-02-24T14:59:41+00:00\",\"dateModified\":\"2023-12-20T09:59:47+00:00\",\"breadcrumb\":{\"@id\":\"https:\\\/\\\/www.res-dhc.com\\\/it\\\/notizie-eventi\\\/notizie\\\/#breadcrumb\"},\"inLanguage\":\"it-IT\",\"potentialAction\":[{\"@type\":\"ReadAction\",\"target\":[\"https:\\\/\\\/www.res-dhc.com\\\/it\\\/notizie-eventi\\\/notizie\\\/\"]}]},{\"@type\":\"BreadcrumbList\",\"@id\":\"https:\\\/\\\/www.res-dhc.com\\\/it\\\/notizie-eventi\\\/notizie\\\/#breadcrumb\",\"itemListElement\":[{\"@type\":\"ListItem\",\"position\":1,\"name\":\"Home\",\"item\":\"https:\\\/\\\/www.res-dhc.com\\\/it\\\/\"},{\"@type\":\"ListItem\",\"position\":2,\"name\":\"Notizie &amp; Eventi\",\"item\":\"https:\\\/\\\/www.res-dhc.com\\\/en\\\/news-events\\\/\"},{\"@type\":\"ListItem\",\"position\":3,\"name\":\"Notizie\"}]},{\"@type\":\"WebSite\",\"@id\":\"https:\\\/\\\/www.res-dhc.com\\\/#website\",\"url\":\"https:\\\/\\\/www.res-dhc.com\\\/\",\"name\":\"RES-DHC\",\"description\":\"Renewable Energy Sources for District Heating and Cooling\",\"publisher\":{\"@id\":\"https:\\\/\\\/www.res-dhc.com\\\/#organization\"},\"potentialAction\":[{\"@type\":\"SearchAction\",\"target\":{\"@type\":\"EntryPoint\",\"urlTemplate\":\"https:\\\/\\\/www.res-dhc.com\\\/?s={search_term_string}\"},\"query-input\":{\"@type\":\"PropertyValueSpecification\",\"valueRequired\":true,\"valueName\":\"search_term_string\"}}],\"inLanguage\":\"it-IT\"},{\"@type\":\"Organization\",\"@id\":\"https:\\\/\\\/www.res-dhc.com\\\/#organization\",\"name\":\"RES-DHC\",\"url\":\"https:\\\/\\\/www.res-dhc.com\\\/\",\"logo\":{\"@type\":\"ImageObject\",\"inLanguage\":\"it-IT\",\"@id\":\"https:\\\/\\\/www.res-dhc.com\\\/#\\\/schema\\\/logo\\\/image\\\/\",\"url\":\"https:\\\/\\\/www.res-dhc.com\\\/wp-content\\\/uploads\\\/2022\\\/01\\\/RES-DHC_Logo_Form-1.png\",\"contentUrl\":\"https:\\\/\\\/www.res-dhc.com\\\/wp-content\\\/uploads\\\/2022\\\/01\\\/RES-DHC_Logo_Form-1.png\",\"width\":200,\"height\":57,\"caption\":\"RES-DHC\"},\"image\":{\"@id\":\"https:\\\/\\\/www.res-dhc.com\\\/#\\\/schema\\\/logo\\\/image\\\/\"},\"sameAs\":[\"https:\\\/\\\/x.com\\\/DhcRes\",\"https:\\\/\\\/www.linkedin.com\\\/showcase\\\/res-dhc-project\\\/\"]}]}<\/script>\n<!-- \/ Yoast SEO plugin. -->","yoast_head_json":{"title":"Notizie - RES-DHC","robots":{"index":"index","follow":"follow","max-snippet":"max-snippet:-1","max-image-preview":"max-image-preview:large","max-video-preview":"max-video-preview:-1"},"canonical":"https:\/\/www.res-dhc.com\/it\/notizie-eventi\/notizie\/","og_locale":"it_IT","og_type":"article","og_title":"Notizie - RES-DHC","og_url":"https:\/\/www.res-dhc.com\/it\/notizie-eventi\/notizie\/","og_site_name":"RES-DHC","article_modified_time":"2023-12-20T09:59:47+00:00","twitter_card":"summary_large_image","twitter_site":"@DhcRes","twitter_misc":{"Tempo di lettura stimato":"2 minuti"},"schema":{"@context":"https:\/\/schema.org","@graph":[{"@type":"WebPage","@id":"https:\/\/www.res-dhc.com\/it\/notizie-eventi\/notizie\/","url":"https:\/\/www.res-dhc.com\/it\/notizie-eventi\/notizie\/","name":"Notizie - RES-DHC","isPartOf":{"@id":"https:\/\/www.res-dhc.com\/#website"},"datePublished":"2021-02-24T14:59:41+00:00","dateModified":"2023-12-20T09:59:47+00:00","breadcrumb":{"@id":"https:\/\/www.res-dhc.com\/it\/notizie-eventi\/notizie\/#breadcrumb"},"inLanguage":"it-IT","potentialAction":[{"@type":"ReadAction","target":["https:\/\/www.res-dhc.com\/it\/notizie-eventi\/notizie\/"]}]},{"@type":"BreadcrumbList","@id":"https:\/\/www.res-dhc.com\/it\/notizie-eventi\/notizie\/#breadcrumb","itemListElement":[{"@type":"ListItem","position":1,"name":"Home","item":"https:\/\/www.res-dhc.com\/it\/"},{"@type":"ListItem","position":2,"name":"Notizie &amp; Eventi","item":"https:\/\/www.res-dhc.com\/en\/news-events\/"},{"@type":"ListItem","position":3,"name":"Notizie"}]},{"@type":"WebSite","@id":"https:\/\/www.res-dhc.com\/#website","url":"https:\/\/www.res-dhc.com\/","name":"RES-DHC","description":"Renewable Energy Sources for District Heating and Cooling","publisher":{"@id":"https:\/\/www.res-dhc.com\/#organization"},"potentialAction":[{"@type":"SearchAction","target":{"@type":"EntryPoint","urlTemplate":"https:\/\/www.res-dhc.com\/?s={search_term_string}"},"query-input":{"@type":"PropertyValueSpecification","valueRequired":true,"valueName":"search_term_string"}}],"inLanguage":"it-IT"},{"@type":"Organization","@id":"https:\/\/www.res-dhc.com\/#organization","name":"RES-DHC","url":"https:\/\/www.res-dhc.com\/","logo":{"@type":"ImageObject","inLanguage":"it-IT","@id":"https:\/\/www.res-dhc.com\/#\/schema\/logo\/image\/","url":"https:\/\/www.res-dhc.com\/wp-content\/uploads\/2022\/01\/RES-DHC_Logo_Form-1.png","contentUrl":"https:\/\/www.res-dhc.com\/wp-content\/uploads\/2022\/01\/RES-DHC_Logo_Form-1.png","width":200,"height":57,"caption":"RES-DHC"},"image":{"@id":"https:\/\/www.res-dhc.com\/#\/schema\/logo\/image\/"},"sameAs":["https:\/\/x.com\/DhcRes","https:\/\/www.linkedin.com\/showcase\/res-dhc-project\/"]}]}},"_links":{"self":[{"href":"https:\/\/www.res-dhc.com\/it\/wp-json\/wp\/v2\/pages\/1935","targetHints":{"allow":["GET"]}}],"collection":[{"href":"https:\/\/www.res-dhc.com\/it\/wp-json\/wp\/v2\/pages"}],"about":[{"href":"https:\/\/www.res-dhc.com\/it\/wp-json\/wp\/v2\/types\/page"}],"author":[{"embeddable":true,"href":"https:\/\/www.res-dhc.com\/it\/wp-json\/wp\/v2\/users\/1"}],"replies":[{"embeddable":true,"href":"https:\/\/www.res-dhc.com\/it\/wp-json\/wp\/v2\/comments?post=1935"}],"version-history":[{"count":5,"href":"https:\/\/www.res-dhc.com\/it\/wp-json\/wp\/v2\/pages\/1935\/revisions"}],"predecessor-version":[{"id":6346,"href":"https:\/\/www.res-dhc.com\/it\/wp-json\/wp\/v2\/pages\/1935\/revisions\/6346"}],"up":[{"embeddable":true,"href":"https:\/\/www.res-dhc.com\/it\/wp-json\/wp\/v2\/pages\/1934"}],"wp:attachment":[{"href":"https:\/\/www.res-dhc.com\/it\/wp-json\/wp\/v2\/media?parent=1935"}],"curies":[{"name":"wp","href":"https:\/\/api.w.org\/{rel}","templated":true}]}}