{"id":5567,"date":"2023-04-11T09:42:54","date_gmt":"2023-04-11T07:42:54","guid":{"rendered":"https:\/\/www.res-dhc.com\/?page_id=5567"},"modified":"2023-06-15T11:49:07","modified_gmt":"2023-06-15T09:49:07","slug":"fernwaerme-und-klimaschutz-in-tuebingen","status":"publish","type":"page","link":"https:\/\/www.res-dhc.com\/de\/wissensdatenbank\/praxisbeispiele-fuer-waerme-und-kaeltenetze\/fernwaerme-und-klimaschutz-in-tuebingen\/","title":{"rendered":"Praxisbeispiel-T\u00fcbingen"},"content":{"rendered":"<div class=\"fusion-fullwidth fullwidth-box fusion-builder-row-1 fusion-flex-container has-pattern-background has-mask-background nonhundred-percent-fullwidth non-hundred-percent-height-scrolling\" style=\"--awb-border-radius-top-left:0px;--awb-border-radius-top-right:0px;--awb-border-radius-bottom-right:0px;--awb-border-radius-bottom-left:0px;--awb-flex-wrap:wrap;\" ><div class=\"fusion-builder-row fusion-row fusion-flex-align-items-flex-start fusion-flex-content-wrap\" style=\"max-width:1216.8px;margin-left: calc(-4% \/ 2 );margin-right: calc(-4% \/ 2 );\"><div class=\"fusion-layout-column fusion_builder_column fusion-builder-column-0 fusion_builder_column_1_1 1_1 fusion-flex-column\" style=\"--awb-bg-size:cover;--awb-width-large:100%;--awb-margin-top-large:0px;--awb-spacing-right-large:1.92%;--awb-margin-bottom-large:20px;--awb-spacing-left-large:1.92%;--awb-width-medium:100%;--awb-order-medium:0;--awb-spacing-right-medium:1.92%;--awb-spacing-left-medium:1.92%;--awb-width-small:100%;--awb-order-small:0;--awb-spacing-right-small:1.92%;--awb-spacing-left-small:1.92%;\"><div class=\"fusion-column-wrapper fusion-column-has-shadow fusion-flex-justify-content-flex-start fusion-content-layout-column\"><div class=\"fusion-text fusion-text-1\"><h3>W\u00e4rme- und K\u00e4ltenetze in St\u00e4dten<\/h3>\n<h4>T\u00fcbingen, Deutschland: St\u00e4dtisches Klimaschutzprogramm 2020-2030<\/h4>\n<p><strong>Die Stadt T\u00fcbingen <\/strong>hat ca. 90.000 Einwohner. Ca. 23 % der Haushalte sind an ein W\u00e4rmenetz angeschlossen. Mit dem im Jahr 2020 vom Gemeinderat beschlossenen Klimaschutzprogramm soll die Stadt T\u00fcbingen bis 2030 in Bezug auf energiebedingte Emissionen CO<sub>2<\/sub>-neutral werden. Das betrifft auch den Aus- und Umbau der W\u00e4rmeversorgung. T\u00fcbingen ist ein gutes Beispiel daf\u00fcr, wie Kommunen aus eigenem Antrieb die Energiewende vorantreiben k\u00f6nnen. Einige dargestellte Eckpunkte zur Fernw\u00e4rme in T\u00fcbingen zeigen die Herausforderungen und L\u00f6sungsans\u00e4tze.<\/p>\n<\/div><div class=\"fusion-image-element \" style=\"--awb-caption-title-font-family:var(--h2_typography-font-family);--awb-caption-title-font-weight:var(--h2_typography-font-weight);--awb-caption-title-font-style:var(--h2_typography-font-style);--awb-caption-title-size:var(--h2_typography-font-size);--awb-caption-title-transform:var(--h2_typography-text-transform);--awb-caption-title-line-height:var(--h2_typography-line-height);--awb-caption-title-letter-spacing:var(--h2_typography-letter-spacing);\"><span class=\" fusion-imageframe imageframe-none imageframe-1 hover-type-none\"><img decoding=\"async\" width=\"1400\" height=\"600\" alt=\"\u00dcbersicht der T\u00fcbinger Fernw\u00e4rmenetze als Teil des kommunalen W\u00e4rmeplan\" title=\"\u00dcbersicht der Stadtwerke T\u00fcbingen GmbH Fernw\u00e4rmenetze Stand 2020\" src=\"https:\/\/www.res-dhc.com\/wp-content\/uploads\/2023\/04\/SWT_1400x600-1.jpg\" class=\"img-responsive wp-image-5584\" srcset=\"https:\/\/www.res-dhc.com\/wp-content\/uploads\/2023\/04\/SWT_1400x600-1-200x86.jpg 200w, https:\/\/www.res-dhc.com\/wp-content\/uploads\/2023\/04\/SWT_1400x600-1-400x171.jpg 400w, https:\/\/www.res-dhc.com\/wp-content\/uploads\/2023\/04\/SWT_1400x600-1-600x257.jpg 600w, https:\/\/www.res-dhc.com\/wp-content\/uploads\/2023\/04\/SWT_1400x600-1-800x343.jpg 800w, https:\/\/www.res-dhc.com\/wp-content\/uploads\/2023\/04\/SWT_1400x600-1-1200x514.jpg 1200w, https:\/\/www.res-dhc.com\/wp-content\/uploads\/2023\/04\/SWT_1400x600-1.jpg 1400w\" sizes=\"(max-width: 800px) 100vw, (max-width: 640px) 100vw, 1200px\" \/><\/span><\/div><div class=\"fusion-separator fusion-full-width-sep\" style=\"align-self: center;margin-left: auto;margin-right: auto;margin-top:10px;margin-bottom:10px;width:100%;\"><\/div><div class=\"fusion-text fusion-text-2\"><p><strong>Eckdaten Fernw\u00e4rme und Klimaschutzma\u00dfnahmen T\u00fcbingen:<\/strong><\/p>\n<\/div>\n<div class=\"table-1\">\n<table width=\"100%\">\n<tbody>\n<tr>\n<td align=\"left\"><strong>Status der Fernw\u00e4rmeversorgung (2019)<\/strong><\/td>\n<td align=\"left\">\n<ul>\n<li>Trassenl\u00e4nge: ca. 60km<\/li>\n<li>Einspeisemenge: 167 GWh\/a (2020)<\/li>\n<li>Fernw\u00e4rme-Einspeiseleistung: 133,5 MW<\/li>\n<li>Anteil RES: &#8211;<\/li>\n<li>Angeschlossene Haushalte: 23,2 %<\/li>\n<\/ul>\n<\/td>\n<\/tr>\n<tr>\n<td align=\"left\"><strong>Erneuerbare Energiequellen<\/strong><\/td>\n<td align=\"left\">\n<ul>\n<li>In Planung (Betrieb ab ca. 2024): 12000 m2 Freifl\u00e4chensolathermie Solar-Park Au<\/li>\n<\/ul>\n<\/td>\n<\/tr>\n<tr>\n<td align=\"left\"><strong>Strategie<\/strong><\/td>\n<td align=\"left\">\n<ul>\n<li>Beschluss des Gemeinderates des Klimaschutzprogramm 2020 bis 2030<\/li>\n<li>Ziele: Klimaneutrale Energieversorgung bis 2030<\/li>\n<\/ul>\n<\/td>\n<\/tr>\n<tr>\n<td align=\"left\"><strong>Geplante Ma\u00dfnahmen<\/strong><\/td>\n<td align=\"left\">\n<ul>\n<li>Aubau der W\u00e4rmenetze von rund 150 auf 300 GWh\/a im Jahr 2030<\/li>\n<li>Ersatz von \u00d6lheizungen<\/li>\n<li>Erneuerbare W\u00e4rmenetze, z.B. durch Freifl\u00e4chen-Solarthermie oder Abw\u00e4rmenutzung<\/li>\n<\/ul>\n<\/td>\n<\/tr>\n<tr>\n<td align=\"left\"><strong>Mehr Informationen<\/strong><\/td>\n<td align=\"left\">\n<ul>\n<li><a href=\"https:\/\/www.tuebingen.de\/Dateien\/broschuere_klimaschutzprogramm.pdf\" target=\"_blank\" rel=\"noopener\">Klimaschutzprogramm 2020 bis 2030<\/a><\/li>\n<li><a href=\"https:\/\/www.swtue.de\/unternehmen\/ueber-uns\/daten-und-fakten.html#jfmulticontent_c650-4\" target=\"_blank\" rel=\"noopener\">Daten und Fakten der Stadtwerke T\u00fcbingen<\/a><\/li>\n<\/ul>\n<\/td>\n<\/tr>\n<\/tbody>\n<\/table>\n<\/div>\n<div class=\"fusion-separator fusion-full-width-sep\" style=\"align-self: center;margin-left: auto;margin-right: auto;margin-top:10px;margin-bottom:10px;width:100%;\"><\/div><div class=\"fusion-text fusion-text-3\"><p>Quelle Text und Grafik: <a href=\"https:\/\/www.swtue.de\/unternehmen\/ueber-uns\/daten-und-fakten.html#jfmulticontent_c650-4\" target=\"_blank\" rel=\"noopener\">Stadtwerke T\u00fcbingen GmbH<\/a><\/p>\n<\/div><div class=\"fusion-separator fusion-full-width-sep\" style=\"align-self: center;margin-left: auto;margin-right: auto;margin-top:10px;margin-bottom:10px;width:100%;\"><\/div><div style=\"text-align:center;\"><a class=\"fusion-button button-flat fusion-button-default-size button-custom fusion-button-default button-1 fusion-button-default-span fusion-button-default-type\" style=\"--button_accent_color:#ffffff;--button_accent_hover_color:#ffffff;--button_border_hover_color:#ffffff;--button_gradient_top_color:#f9bf0d;--button_gradient_bottom_color:#f9bf0d;--button_gradient_top_color_hover:#7bb1d7;--button_gradient_bottom_color_hover:#7bb1d7;--button_margin-top:10px;--button_margin-bottom:20px;\" target=\"_self\" href=\"https:\/\/www.res-dhc.com\/de\/wissensdatenbank\/praxisbeispiele-fuer-waerme-und-kaeltenetze\"><span class=\"fusion-button-text awb-button__text awb-button__text--default\">weitere praxisbeispiele<\/span><\/a><\/div><\/div><\/div><\/div><\/div>\n","protected":false},"excerpt":{"rendered":"","protected":false},"author":20,"featured_media":0,"parent":5485,"menu_order":0,"comment_status":"closed","ping_status":"closed","template":"","meta":{"footnotes":""},"class_list":["post-5567","page","type-page","status-publish","hentry"],"yoast_head":"<!-- This site is optimized with the Yoast SEO plugin v27.3 - https:\/\/yoast.com\/product\/yoast-seo-wordpress\/ -->\n<title>Fernw\u00e4rme und Klimaschutz in T\u00fcbingen<\/title>\n<meta name=\"description\" content=\"T\u00fcbingen: CO2-neutrale W\u00e4rmeversorgung bis 2030. Ausbau der Fernw\u00e4rme und erneuerbarer Energiequellen f\u00fcr nachhaltige Ziele und Klimaschutz.\" \/>\n<meta name=\"robots\" content=\"index, follow, max-snippet:-1, max-image-preview:large, max-video-preview:-1\" \/>\n<link rel=\"canonical\" href=\"https:\/\/www.res-dhc.com\/de\/wissensdatenbank\/praxisbeispiele-fuer-waerme-und-kaeltenetze\/fernwaerme-und-klimaschutz-in-tuebingen\/\" \/>\n<meta property=\"og:locale\" content=\"de_DE\" \/>\n<meta property=\"og:type\" content=\"article\" \/>\n<meta property=\"og:title\" content=\"Fernw\u00e4rme und Klimaschutz in T\u00fcbingen\" \/>\n<meta property=\"og:description\" content=\"T\u00fcbingen: CO2-neutrale W\u00e4rmeversorgung bis 2030. Ausbau der Fernw\u00e4rme und erneuerbarer Energiequellen f\u00fcr nachhaltige Ziele und Klimaschutz.\" \/>\n<meta property=\"og:url\" content=\"https:\/\/www.res-dhc.com\/de\/wissensdatenbank\/praxisbeispiele-fuer-waerme-und-kaeltenetze\/fernwaerme-und-klimaschutz-in-tuebingen\/\" \/>\n<meta property=\"og:site_name\" content=\"RES-DHC\" \/>\n<meta property=\"article:modified_time\" content=\"2023-06-15T09:49:07+00:00\" \/>\n<meta name=\"twitter:card\" content=\"summary_large_image\" \/>\n<meta name=\"twitter:site\" content=\"@DhcRes\" \/>\n<meta name=\"twitter:label1\" content=\"Gesch\u00e4tzte Lesezeit\" \/>\n\t<meta name=\"twitter:data1\" content=\"3\u00a0Minuten\" \/>\n<script type=\"application\/ld+json\" class=\"yoast-schema-graph\">{\"@context\":\"https:\\\/\\\/schema.org\",\"@graph\":[{\"@type\":\"WebPage\",\"@id\":\"https:\\\/\\\/www.res-dhc.com\\\/de\\\/wissensdatenbank\\\/praxisbeispiele-fuer-waerme-und-kaeltenetze\\\/fernwaerme-und-klimaschutz-in-tuebingen\\\/\",\"url\":\"https:\\\/\\\/www.res-dhc.com\\\/de\\\/wissensdatenbank\\\/praxisbeispiele-fuer-waerme-und-kaeltenetze\\\/fernwaerme-und-klimaschutz-in-tuebingen\\\/\",\"name\":\"Fernw\u00e4rme und Klimaschutz in T\u00fcbingen\",\"isPartOf\":{\"@id\":\"https:\\\/\\\/www.res-dhc.com\\\/#website\"},\"datePublished\":\"2023-04-11T07:42:54+00:00\",\"dateModified\":\"2023-06-15T09:49:07+00:00\",\"description\":\"T\u00fcbingen: CO2-neutrale W\u00e4rmeversorgung bis 2030. Ausbau der Fernw\u00e4rme und erneuerbarer Energiequellen f\u00fcr nachhaltige Ziele und Klimaschutz.\",\"breadcrumb\":{\"@id\":\"https:\\\/\\\/www.res-dhc.com\\\/de\\\/wissensdatenbank\\\/praxisbeispiele-fuer-waerme-und-kaeltenetze\\\/fernwaerme-und-klimaschutz-in-tuebingen\\\/#breadcrumb\"},\"inLanguage\":\"de\",\"potentialAction\":[{\"@type\":\"ReadAction\",\"target\":[\"https:\\\/\\\/www.res-dhc.com\\\/de\\\/wissensdatenbank\\\/praxisbeispiele-fuer-waerme-und-kaeltenetze\\\/fernwaerme-und-klimaschutz-in-tuebingen\\\/\"]}]},{\"@type\":\"BreadcrumbList\",\"@id\":\"https:\\\/\\\/www.res-dhc.com\\\/de\\\/wissensdatenbank\\\/praxisbeispiele-fuer-waerme-und-kaeltenetze\\\/fernwaerme-und-klimaschutz-in-tuebingen\\\/#breadcrumb\",\"itemListElement\":[{\"@type\":\"ListItem\",\"position\":1,\"name\":\"Home\",\"item\":\"https:\\\/\\\/www.res-dhc.com\\\/de\\\/\"},{\"@type\":\"ListItem\",\"position\":2,\"name\":\"Wissensdatenbank\",\"item\":\"https:\\\/\\\/www.res-dhc.com\\\/de\\\/wissensdatenbank\\\/\"},{\"@type\":\"ListItem\",\"position\":3,\"name\":\"Praxisbeispiele\",\"item\":\"https:\\\/\\\/www.res-dhc.com\\\/de\\\/wissensdatenbank\\\/praxisbeispiele-fuer-waerme-und-kaeltenetze\\\/\"},{\"@type\":\"ListItem\",\"position\":4,\"name\":\"Praxisbeispiel-T\u00fcbingen\"}]},{\"@type\":\"WebSite\",\"@id\":\"https:\\\/\\\/www.res-dhc.com\\\/#website\",\"url\":\"https:\\\/\\\/www.res-dhc.com\\\/\",\"name\":\"RES-DHC\",\"description\":\"Renewable Energy Sources for District Heating and Cooling\",\"publisher\":{\"@id\":\"https:\\\/\\\/www.res-dhc.com\\\/#organization\"},\"potentialAction\":[{\"@type\":\"SearchAction\",\"target\":{\"@type\":\"EntryPoint\",\"urlTemplate\":\"https:\\\/\\\/www.res-dhc.com\\\/?s={search_term_string}\"},\"query-input\":{\"@type\":\"PropertyValueSpecification\",\"valueRequired\":true,\"valueName\":\"search_term_string\"}}],\"inLanguage\":\"de\"},{\"@type\":\"Organization\",\"@id\":\"https:\\\/\\\/www.res-dhc.com\\\/#organization\",\"name\":\"RES-DHC\",\"url\":\"https:\\\/\\\/www.res-dhc.com\\\/\",\"logo\":{\"@type\":\"ImageObject\",\"inLanguage\":\"de\",\"@id\":\"https:\\\/\\\/www.res-dhc.com\\\/#\\\/schema\\\/logo\\\/image\\\/\",\"url\":\"https:\\\/\\\/www.res-dhc.com\\\/wp-content\\\/uploads\\\/2022\\\/01\\\/RES-DHC_Logo_Form-1.png\",\"contentUrl\":\"https:\\\/\\\/www.res-dhc.com\\\/wp-content\\\/uploads\\\/2022\\\/01\\\/RES-DHC_Logo_Form-1.png\",\"width\":200,\"height\":57,\"caption\":\"RES-DHC\"},\"image\":{\"@id\":\"https:\\\/\\\/www.res-dhc.com\\\/#\\\/schema\\\/logo\\\/image\\\/\"},\"sameAs\":[\"https:\\\/\\\/x.com\\\/DhcRes\",\"https:\\\/\\\/www.linkedin.com\\\/showcase\\\/res-dhc-project\\\/\"]}]}<\/script>\n<!-- \/ Yoast SEO plugin. -->","yoast_head_json":{"title":"Fernw\u00e4rme und Klimaschutz in T\u00fcbingen","description":"T\u00fcbingen: CO2-neutrale W\u00e4rmeversorgung bis 2030. Ausbau der Fernw\u00e4rme und erneuerbarer Energiequellen f\u00fcr nachhaltige Ziele und Klimaschutz.","robots":{"index":"index","follow":"follow","max-snippet":"max-snippet:-1","max-image-preview":"max-image-preview:large","max-video-preview":"max-video-preview:-1"},"canonical":"https:\/\/www.res-dhc.com\/de\/wissensdatenbank\/praxisbeispiele-fuer-waerme-und-kaeltenetze\/fernwaerme-und-klimaschutz-in-tuebingen\/","og_locale":"de_DE","og_type":"article","og_title":"Fernw\u00e4rme und Klimaschutz in T\u00fcbingen","og_description":"T\u00fcbingen: CO2-neutrale W\u00e4rmeversorgung bis 2030. Ausbau der Fernw\u00e4rme und erneuerbarer Energiequellen f\u00fcr nachhaltige Ziele und Klimaschutz.","og_url":"https:\/\/www.res-dhc.com\/de\/wissensdatenbank\/praxisbeispiele-fuer-waerme-und-kaeltenetze\/fernwaerme-und-klimaschutz-in-tuebingen\/","og_site_name":"RES-DHC","article_modified_time":"2023-06-15T09:49:07+00:00","twitter_card":"summary_large_image","twitter_site":"@DhcRes","twitter_misc":{"Gesch\u00e4tzte Lesezeit":"3\u00a0Minuten"},"schema":{"@context":"https:\/\/schema.org","@graph":[{"@type":"WebPage","@id":"https:\/\/www.res-dhc.com\/de\/wissensdatenbank\/praxisbeispiele-fuer-waerme-und-kaeltenetze\/fernwaerme-und-klimaschutz-in-tuebingen\/","url":"https:\/\/www.res-dhc.com\/de\/wissensdatenbank\/praxisbeispiele-fuer-waerme-und-kaeltenetze\/fernwaerme-und-klimaschutz-in-tuebingen\/","name":"Fernw\u00e4rme und Klimaschutz in T\u00fcbingen","isPartOf":{"@id":"https:\/\/www.res-dhc.com\/#website"},"datePublished":"2023-04-11T07:42:54+00:00","dateModified":"2023-06-15T09:49:07+00:00","description":"T\u00fcbingen: CO2-neutrale W\u00e4rmeversorgung bis 2030. Ausbau der Fernw\u00e4rme und erneuerbarer Energiequellen f\u00fcr nachhaltige Ziele und Klimaschutz.","breadcrumb":{"@id":"https:\/\/www.res-dhc.com\/de\/wissensdatenbank\/praxisbeispiele-fuer-waerme-und-kaeltenetze\/fernwaerme-und-klimaschutz-in-tuebingen\/#breadcrumb"},"inLanguage":"de","potentialAction":[{"@type":"ReadAction","target":["https:\/\/www.res-dhc.com\/de\/wissensdatenbank\/praxisbeispiele-fuer-waerme-und-kaeltenetze\/fernwaerme-und-klimaschutz-in-tuebingen\/"]}]},{"@type":"BreadcrumbList","@id":"https:\/\/www.res-dhc.com\/de\/wissensdatenbank\/praxisbeispiele-fuer-waerme-und-kaeltenetze\/fernwaerme-und-klimaschutz-in-tuebingen\/#breadcrumb","itemListElement":[{"@type":"ListItem","position":1,"name":"Home","item":"https:\/\/www.res-dhc.com\/de\/"},{"@type":"ListItem","position":2,"name":"Wissensdatenbank","item":"https:\/\/www.res-dhc.com\/de\/wissensdatenbank\/"},{"@type":"ListItem","position":3,"name":"Praxisbeispiele","item":"https:\/\/www.res-dhc.com\/de\/wissensdatenbank\/praxisbeispiele-fuer-waerme-und-kaeltenetze\/"},{"@type":"ListItem","position":4,"name":"Praxisbeispiel-T\u00fcbingen"}]},{"@type":"WebSite","@id":"https:\/\/www.res-dhc.com\/#website","url":"https:\/\/www.res-dhc.com\/","name":"RES-DHC","description":"Renewable Energy Sources for District Heating and Cooling","publisher":{"@id":"https:\/\/www.res-dhc.com\/#organization"},"potentialAction":[{"@type":"SearchAction","target":{"@type":"EntryPoint","urlTemplate":"https:\/\/www.res-dhc.com\/?s={search_term_string}"},"query-input":{"@type":"PropertyValueSpecification","valueRequired":true,"valueName":"search_term_string"}}],"inLanguage":"de"},{"@type":"Organization","@id":"https:\/\/www.res-dhc.com\/#organization","name":"RES-DHC","url":"https:\/\/www.res-dhc.com\/","logo":{"@type":"ImageObject","inLanguage":"de","@id":"https:\/\/www.res-dhc.com\/#\/schema\/logo\/image\/","url":"https:\/\/www.res-dhc.com\/wp-content\/uploads\/2022\/01\/RES-DHC_Logo_Form-1.png","contentUrl":"https:\/\/www.res-dhc.com\/wp-content\/uploads\/2022\/01\/RES-DHC_Logo_Form-1.png","width":200,"height":57,"caption":"RES-DHC"},"image":{"@id":"https:\/\/www.res-dhc.com\/#\/schema\/logo\/image\/"},"sameAs":["https:\/\/x.com\/DhcRes","https:\/\/www.linkedin.com\/showcase\/res-dhc-project\/"]}]}},"_links":{"self":[{"href":"https:\/\/www.res-dhc.com\/de\/wp-json\/wp\/v2\/pages\/5567","targetHints":{"allow":["GET"]}}],"collection":[{"href":"https:\/\/www.res-dhc.com\/de\/wp-json\/wp\/v2\/pages"}],"about":[{"href":"https:\/\/www.res-dhc.com\/de\/wp-json\/wp\/v2\/types\/page"}],"author":[{"embeddable":true,"href":"https:\/\/www.res-dhc.com\/de\/wp-json\/wp\/v2\/users\/20"}],"replies":[{"embeddable":true,"href":"https:\/\/www.res-dhc.com\/de\/wp-json\/wp\/v2\/comments?post=5567"}],"version-history":[{"count":38,"href":"https:\/\/www.res-dhc.com\/de\/wp-json\/wp\/v2\/pages\/5567\/revisions"}],"predecessor-version":[{"id":5876,"href":"https:\/\/www.res-dhc.com\/de\/wp-json\/wp\/v2\/pages\/5567\/revisions\/5876"}],"up":[{"embeddable":true,"href":"https:\/\/www.res-dhc.com\/de\/wp-json\/wp\/v2\/pages\/5485"}],"wp:attachment":[{"href":"https:\/\/www.res-dhc.com\/de\/wp-json\/wp\/v2\/media?parent=5567"}],"curies":[{"name":"wp","href":"https:\/\/api.w.org\/{rel}","templated":true}]}}