{"id":1638,"date":"2021-02-22T15:53:28","date_gmt":"2021-02-22T14:53:28","guid":{"rendered":"https:\/\/www.res-dhc.com\/news-events\/presse\/"},"modified":"2021-07-06T09:14:52","modified_gmt":"2021-07-06T07:14:52","slug":"presse","status":"publish","type":"page","link":"https:\/\/www.res-dhc.com\/de\/nachrichten-veranstaltungen\/presse\/","title":{"rendered":"Presse"},"content":{"rendered":"<p><div class=\"fusion-fullwidth fullwidth-box fusion-builder-row-1 fusion-flex-container nonhundred-percent-fullwidth non-hundred-percent-height-scrolling\" style=\"--awb-border-radius-top-left:0px;--awb-border-radius-top-right:0px;--awb-border-radius-bottom-right:0px;--awb-border-radius-bottom-left:0px;--awb-flex-wrap:wrap;\" ><div class=\"fusion-builder-row fusion-row fusion-flex-align-items-flex-start fusion-flex-content-wrap\" style=\"max-width:1216.8px;margin-left: calc(-4% \/ 2 );margin-right: calc(-4% \/ 2 );\"><div class=\"fusion-layout-column fusion_builder_column fusion-builder-column-0 fusion_builder_column_1_1 1_1 fusion-flex-column\" style=\"--awb-padding-top:15px;--awb-padding-right:15px;--awb-padding-bottom:15px;--awb-padding-left:15px;--awb-bg-color:#efefef;--awb-bg-color-hover:#efefef;--awb-bg-size:cover;--awb-width-large:100%;--awb-margin-top-large:0px;--awb-spacing-right-large:1.92%;--awb-margin-bottom-large:20px;--awb-spacing-left-large:1.92%;--awb-width-medium:100%;--awb-order-medium:0;--awb-spacing-right-medium:1.92%;--awb-spacing-left-medium:1.92%;--awb-width-small:100%;--awb-order-small:0;--awb-spacing-right-small:1.92%;--awb-spacing-left-small:1.92%;\"><div class=\"fusion-column-wrapper fusion-column-has-shadow fusion-flex-justify-content-flex-start fusion-content-layout-column\"><div class=\"fusion-text fusion-text-1\"><p><strong>F\u00fcr weitere Informationen kontaktieren Sie bitte:<\/strong><\/p>\n<p>Solites \u2013 Steinbeis Forschungsinstitut f\u00fcr solare und zukunftsf\u00e4hige thermische Energiesysteme<\/p>\n<p><strong>Patrick Geiger<\/strong><\/p>\n<p>Tel.: +49 (0)711 673 2000-80<br \/>\nFax.: +49 (0)711 673 2000-99<\/p>\n<p>E-Mail: <a href=\"mailto:geiger@solites.de\">geiger@solites.de<\/a><br \/>\nInternet: <a href=\"http:\/\/www.solites.de\" target=\"_blank\" rel=\"noopener\">www.solites.de<\/a><\/p>\n<\/div><\/div><\/div><div class=\"fusion-layout-column fusion_builder_column fusion-builder-column-1 fusion_builder_column_1_1 1_1 fusion-flex-column\" style=\"--awb-padding-top:15px;--awb-padding-right:15px;--awb-padding-bottom:15px;--awb-padding-left:15px;--awb-bg-color:#efefef;--awb-bg-color-hover:#efefef;--awb-bg-size:cover;--awb-width-large:100%;--awb-margin-top-large:0px;--awb-spacing-right-large:1.92%;--awb-margin-bottom-large:20px;--awb-spacing-left-large:1.92%;--awb-width-medium:100%;--awb-order-medium:0;--awb-spacing-right-medium:1.92%;--awb-spacing-left-medium:1.92%;--awb-width-small:100%;--awb-order-small:0;--awb-spacing-right-small:1.92%;--awb-spacing-left-small:1.92%;\"><div class=\"fusion-column-wrapper fusion-column-has-shadow fusion-flex-justify-content-flex-start fusion-content-layout-column\"><div class=\"fusion-text fusion-text-2\"><p>Pressemitteilung Oktober 2020:<br \/>\n<strong>Start des EU Projektes RES-DHC mit 15 Partnern aus acht L\u00e4ndern \u2013 Erneuerbare Energien in W\u00e4rme- und K\u00e4ltenetzen als Weg zu klimaneutralen St\u00e4dten<\/strong><\/p>\n<\/div><div class=\"fusion-text fusion-text-3\"><a href=\"#\" class=\"pps-btn pps-button-popup-2190 pps-button-popup \"  title=\"Pressemitteilung lesen\">Pressemitteilung lesen<\/a>\n<\/div><\/div><\/div><\/div><\/div><div class=\"fusion-fullwidth fullwidth-box fusion-builder-row-2 fusion-flex-container nonhundred-percent-fullwidth non-hundred-percent-height-scrolling\" style=\"--awb-border-radius-top-left:0px;--awb-border-radius-top-right:0px;--awb-border-radius-bottom-right:0px;--awb-border-radius-bottom-left:0px;--awb-flex-wrap:wrap;\" ><div class=\"fusion-builder-row fusion-row fusion-flex-align-items-flex-start fusion-flex-content-wrap\" style=\"max-width:1216.8px;margin-left: calc(-4% \/ 2 );margin-right: calc(-4% \/ 2 );\"><div class=\"fusion-layout-column fusion_builder_column fusion-builder-column-2 fusion_builder_column_1_1 1_1 fusion-flex-column\" style=\"--awb-bg-size:cover;--awb-width-large:100%;--awb-margin-top-large:0px;--awb-spacing-right-large:1.92%;--awb-margin-bottom-large:20px;--awb-spacing-left-large:1.92%;--awb-width-medium:100%;--awb-order-medium:0;--awb-spacing-right-medium:1.92%;--awb-spacing-left-medium:1.92%;--awb-width-small:100%;--awb-order-small:0;--awb-spacing-right-small:1.92%;--awb-spacing-left-small:1.92%;\"><div class=\"fusion-column-wrapper fusion-column-has-shadow fusion-flex-justify-content-flex-start fusion-content-layout-column\"><\/div><\/div><\/div><\/div><\/p>\n","protected":false},"excerpt":{"rendered":"","protected":false},"author":1,"featured_media":0,"parent":1620,"menu_order":0,"comment_status":"closed","ping_status":"closed","template":"","meta":{"footnotes":""},"class_list":["post-1638","page","type-page","status-publish","hentry"],"yoast_head":"<!-- This site is optimized with the Yoast SEO plugin v27.3 - https:\/\/yoast.com\/product\/yoast-seo-wordpress\/ -->\n<title>Presse - RES-DHC<\/title>\n<meta name=\"robots\" content=\"index, follow, max-snippet:-1, max-image-preview:large, max-video-preview:-1\" \/>\n<link rel=\"canonical\" href=\"https:\/\/www.res-dhc.com\/en\/news-events\/press\/\" \/>\n<meta property=\"og:locale\" content=\"de_DE\" \/>\n<meta property=\"og:type\" content=\"article\" \/>\n<meta property=\"og:title\" content=\"Presse - RES-DHC\" \/>\n<meta property=\"og:url\" content=\"https:\/\/www.res-dhc.com\/en\/news-events\/press\/\" \/>\n<meta property=\"og:site_name\" content=\"RES-DHC\" \/>\n<meta property=\"article:modified_time\" content=\"2021-07-06T07:14:52+00:00\" \/>\n<meta name=\"twitter:card\" content=\"summary_large_image\" \/>\n<meta name=\"twitter:site\" content=\"@DhcRes\" \/>\n<meta name=\"twitter:label1\" content=\"Gesch\u00e4tzte Lesezeit\" \/>\n\t<meta name=\"twitter:data1\" content=\"8\u00a0Minuten\" \/>\n<script type=\"application\/ld+json\" class=\"yoast-schema-graph\">{\"@context\":\"https:\\\/\\\/schema.org\",\"@graph\":[{\"@type\":\"WebPage\",\"@id\":\"https:\\\/\\\/www.res-dhc.com\\\/en\\\/news-events\\\/press\\\/\",\"url\":\"https:\\\/\\\/www.res-dhc.com\\\/en\\\/news-events\\\/press\\\/\",\"name\":\"Presse - RES-DHC\",\"isPartOf\":{\"@id\":\"https:\\\/\\\/www.res-dhc.com\\\/#website\"},\"datePublished\":\"2021-02-22T14:53:28+00:00\",\"dateModified\":\"2021-07-06T07:14:52+00:00\",\"breadcrumb\":{\"@id\":\"https:\\\/\\\/www.res-dhc.com\\\/en\\\/news-events\\\/press\\\/#breadcrumb\"},\"inLanguage\":\"de\",\"potentialAction\":[{\"@type\":\"ReadAction\",\"target\":[\"https:\\\/\\\/www.res-dhc.com\\\/en\\\/news-events\\\/press\\\/\"]}]},{\"@type\":\"BreadcrumbList\",\"@id\":\"https:\\\/\\\/www.res-dhc.com\\\/en\\\/news-events\\\/press\\\/#breadcrumb\",\"itemListElement\":[{\"@type\":\"ListItem\",\"position\":1,\"name\":\"Home\",\"item\":\"https:\\\/\\\/www.res-dhc.com\\\/de\\\/\"},{\"@type\":\"ListItem\",\"position\":2,\"name\":\"Nachrichten &#038; Veranstaltungen\",\"item\":\"https:\\\/\\\/www.res-dhc.com\\\/en\\\/news-events\\\/\"},{\"@type\":\"ListItem\",\"position\":3,\"name\":\"Presse\"}]},{\"@type\":\"WebSite\",\"@id\":\"https:\\\/\\\/www.res-dhc.com\\\/#website\",\"url\":\"https:\\\/\\\/www.res-dhc.com\\\/\",\"name\":\"RES-DHC\",\"description\":\"Renewable Energy Sources for District Heating and Cooling\",\"publisher\":{\"@id\":\"https:\\\/\\\/www.res-dhc.com\\\/#organization\"},\"potentialAction\":[{\"@type\":\"SearchAction\",\"target\":{\"@type\":\"EntryPoint\",\"urlTemplate\":\"https:\\\/\\\/www.res-dhc.com\\\/?s={search_term_string}\"},\"query-input\":{\"@type\":\"PropertyValueSpecification\",\"valueRequired\":true,\"valueName\":\"search_term_string\"}}],\"inLanguage\":\"de\"},{\"@type\":\"Organization\",\"@id\":\"https:\\\/\\\/www.res-dhc.com\\\/#organization\",\"name\":\"RES-DHC\",\"url\":\"https:\\\/\\\/www.res-dhc.com\\\/\",\"logo\":{\"@type\":\"ImageObject\",\"inLanguage\":\"de\",\"@id\":\"https:\\\/\\\/www.res-dhc.com\\\/#\\\/schema\\\/logo\\\/image\\\/\",\"url\":\"https:\\\/\\\/www.res-dhc.com\\\/wp-content\\\/uploads\\\/2022\\\/01\\\/RES-DHC_Logo_Form-1.png\",\"contentUrl\":\"https:\\\/\\\/www.res-dhc.com\\\/wp-content\\\/uploads\\\/2022\\\/01\\\/RES-DHC_Logo_Form-1.png\",\"width\":200,\"height\":57,\"caption\":\"RES-DHC\"},\"image\":{\"@id\":\"https:\\\/\\\/www.res-dhc.com\\\/#\\\/schema\\\/logo\\\/image\\\/\"},\"sameAs\":[\"https:\\\/\\\/x.com\\\/DhcRes\",\"https:\\\/\\\/www.linkedin.com\\\/showcase\\\/res-dhc-project\\\/\"]}]}<\/script>\n<!-- \/ Yoast SEO plugin. -->","yoast_head_json":{"title":"Presse - RES-DHC","robots":{"index":"index","follow":"follow","max-snippet":"max-snippet:-1","max-image-preview":"max-image-preview:large","max-video-preview":"max-video-preview:-1"},"canonical":"https:\/\/www.res-dhc.com\/en\/news-events\/press\/","og_locale":"de_DE","og_type":"article","og_title":"Presse - RES-DHC","og_url":"https:\/\/www.res-dhc.com\/en\/news-events\/press\/","og_site_name":"RES-DHC","article_modified_time":"2021-07-06T07:14:52+00:00","twitter_card":"summary_large_image","twitter_site":"@DhcRes","twitter_misc":{"Gesch\u00e4tzte Lesezeit":"8\u00a0Minuten"},"schema":{"@context":"https:\/\/schema.org","@graph":[{"@type":"WebPage","@id":"https:\/\/www.res-dhc.com\/en\/news-events\/press\/","url":"https:\/\/www.res-dhc.com\/en\/news-events\/press\/","name":"Presse - RES-DHC","isPartOf":{"@id":"https:\/\/www.res-dhc.com\/#website"},"datePublished":"2021-02-22T14:53:28+00:00","dateModified":"2021-07-06T07:14:52+00:00","breadcrumb":{"@id":"https:\/\/www.res-dhc.com\/en\/news-events\/press\/#breadcrumb"},"inLanguage":"de","potentialAction":[{"@type":"ReadAction","target":["https:\/\/www.res-dhc.com\/en\/news-events\/press\/"]}]},{"@type":"BreadcrumbList","@id":"https:\/\/www.res-dhc.com\/en\/news-events\/press\/#breadcrumb","itemListElement":[{"@type":"ListItem","position":1,"name":"Home","item":"https:\/\/www.res-dhc.com\/de\/"},{"@type":"ListItem","position":2,"name":"Nachrichten &#038; Veranstaltungen","item":"https:\/\/www.res-dhc.com\/en\/news-events\/"},{"@type":"ListItem","position":3,"name":"Presse"}]},{"@type":"WebSite","@id":"https:\/\/www.res-dhc.com\/#website","url":"https:\/\/www.res-dhc.com\/","name":"RES-DHC","description":"Renewable Energy Sources for District Heating and Cooling","publisher":{"@id":"https:\/\/www.res-dhc.com\/#organization"},"potentialAction":[{"@type":"SearchAction","target":{"@type":"EntryPoint","urlTemplate":"https:\/\/www.res-dhc.com\/?s={search_term_string}"},"query-input":{"@type":"PropertyValueSpecification","valueRequired":true,"valueName":"search_term_string"}}],"inLanguage":"de"},{"@type":"Organization","@id":"https:\/\/www.res-dhc.com\/#organization","name":"RES-DHC","url":"https:\/\/www.res-dhc.com\/","logo":{"@type":"ImageObject","inLanguage":"de","@id":"https:\/\/www.res-dhc.com\/#\/schema\/logo\/image\/","url":"https:\/\/www.res-dhc.com\/wp-content\/uploads\/2022\/01\/RES-DHC_Logo_Form-1.png","contentUrl":"https:\/\/www.res-dhc.com\/wp-content\/uploads\/2022\/01\/RES-DHC_Logo_Form-1.png","width":200,"height":57,"caption":"RES-DHC"},"image":{"@id":"https:\/\/www.res-dhc.com\/#\/schema\/logo\/image\/"},"sameAs":["https:\/\/x.com\/DhcRes","https:\/\/www.linkedin.com\/showcase\/res-dhc-project\/"]}]}},"_links":{"self":[{"href":"https:\/\/www.res-dhc.com\/de\/wp-json\/wp\/v2\/pages\/1638","targetHints":{"allow":["GET"]}}],"collection":[{"href":"https:\/\/www.res-dhc.com\/de\/wp-json\/wp\/v2\/pages"}],"about":[{"href":"https:\/\/www.res-dhc.com\/de\/wp-json\/wp\/v2\/types\/page"}],"author":[{"embeddable":true,"href":"https:\/\/www.res-dhc.com\/de\/wp-json\/wp\/v2\/users\/1"}],"replies":[{"embeddable":true,"href":"https:\/\/www.res-dhc.com\/de\/wp-json\/wp\/v2\/comments?post=1638"}],"version-history":[{"count":5,"href":"https:\/\/www.res-dhc.com\/de\/wp-json\/wp\/v2\/pages\/1638\/revisions"}],"predecessor-version":[{"id":3359,"href":"https:\/\/www.res-dhc.com\/de\/wp-json\/wp\/v2\/pages\/1638\/revisions\/3359"}],"up":[{"embeddable":true,"href":"https:\/\/www.res-dhc.com\/de\/wp-json\/wp\/v2\/pages\/1620"}],"wp:attachment":[{"href":"https:\/\/www.res-dhc.com\/de\/wp-json\/wp\/v2\/media?parent=1638"}],"curies":[{"name":"wp","href":"https:\/\/api.w.org\/{rel}","templated":true}]}}