{"id":1586,"date":"2021-02-22T15:27:55","date_gmt":"2021-02-22T14:27:55","guid":{"rendered":"https:\/\/www.res-dhc.com\/erneuerbare-waerme-und-kaeltenetze\/dekarbonisierung-von-waerme-und-kaeltenetzen\/"},"modified":"2023-12-20T10:38:41","modified_gmt":"2023-12-20T09:38:41","slug":"dekarbonisierung-dhc","status":"publish","type":"page","link":"https:\/\/www.res-dhc.com\/de\/ueber-res-dhc\/dekarbonisierung-dhc\/","title":{"rendered":"Dekarbonisierung DHC"},"content":{"rendered":"<div class=\"fusion-fullwidth fullwidth-box fusion-builder-row-1 fusion-flex-container nonhundred-percent-fullwidth non-hundred-percent-height-scrolling\" style=\"--awb-border-radius-top-left:0px;--awb-border-radius-top-right:0px;--awb-border-radius-bottom-right:0px;--awb-border-radius-bottom-left:0px;--awb-flex-wrap:wrap;\" ><div class=\"fusion-builder-row fusion-row fusion-flex-align-items-flex-start fusion-flex-content-wrap\" style=\"max-width:1216.8px;margin-left: calc(-4% \/ 2 );margin-right: calc(-4% \/ 2 );\"><div class=\"fusion-layout-column fusion_builder_column fusion-builder-column-0 fusion_builder_column_1_1 1_1 fusion-flex-column\" style=\"--awb-bg-size:cover;--awb-width-large:100%;--awb-margin-top-large:0px;--awb-spacing-right-large:1.92%;--awb-margin-bottom-large:20px;--awb-spacing-left-large:1.92%;--awb-width-medium:100%;--awb-order-medium:0;--awb-spacing-right-medium:1.92%;--awb-spacing-left-medium:1.92%;--awb-width-small:100%;--awb-order-small:0;--awb-spacing-right-small:1.92%;--awb-spacing-left-small:1.92%;\"><div class=\"fusion-column-wrapper fusion-column-has-shadow fusion-flex-justify-content-flex-start fusion-content-layout-column\"><div class=\"fusion-text fusion-text-1\"><h3>W\u00e4rme- und K\u00e4ltenetze in St\u00e4dten<\/h3>\n<p>In europ\u00e4ischen St\u00e4dten k\u00f6nnen W\u00e4rme- und K\u00e4ltenetze einen wesentlichen Beitrag zur Energiewende und zum Klimaschutz leisten. Das ehrgeizige Ziel der EU die Treibhausgasemissionen bis 2030 um 55 % zu reduzieren, kann durch eine Verbesserung der Energieeffizienz und durch konsequentes und nachhaltiges Ersetzen der heute genutzten fossilen Energiequellen erreicht werden.<\/p>\n<p>Im W\u00e4rme- und K\u00e4ltesektor bieten vor allem die vorhandenen W\u00e4rme- und K\u00e4ltenetze in Europa ein enormes Potential gro\u00dfe Ballungsr\u00e4ume mit klimaneutraler W\u00e4rme zu versorgen. Gegenw\u00e4rtig wird die ben\u00f6tigte W\u00e4rme an einer zentralen Stelle in einem Heiz(kraft)werk erzeugt und \u00fcber Leitungen zu den Verbrauchern transportiert. Dieses zentrale System stellt eine hervorragende Infrastruktur bereit, die gleichzeitig private Haushalte, kommunale Liegenschaften, Gewerbe und Industrie mit W\u00e4rme versorgen kann und in welche unterschiedliche erneuerbare Energien und Abw\u00e4rme integriert werden k\u00f6nnen.<\/p>\n<\/div><div class=\"fusion-image-element \" style=\"--awb-caption-title-font-family:var(--h2_typography-font-family);--awb-caption-title-font-weight:var(--h2_typography-font-weight);--awb-caption-title-font-style:var(--h2_typography-font-style);--awb-caption-title-size:var(--h2_typography-font-size);--awb-caption-title-transform:var(--h2_typography-text-transform);--awb-caption-title-line-height:var(--h2_typography-line-height);--awb-caption-title-letter-spacing:var(--h2_typography-letter-spacing);\"><span class=\" fusion-imageframe imageframe-none imageframe-1 hover-type-none\"><img decoding=\"async\" width=\"1200\" height=\"900\" alt=\"Einsatz von Erneuerbarer Energien und Abw\u00e4rme in Fernw\u00e4rme Netze\" src=\"https:\/\/www.res-dhc.com\/wp-content\/uploads\/2021\/02\/Grafik_HI_.jpg\" class=\"img-responsive wp-image-1587\" srcset=\"https:\/\/www.res-dhc.com\/wp-content\/uploads\/2021\/02\/Grafik_HI_-200x150.jpg 200w, https:\/\/www.res-dhc.com\/wp-content\/uploads\/2021\/02\/Grafik_HI_-400x300.jpg 400w, https:\/\/www.res-dhc.com\/wp-content\/uploads\/2021\/02\/Grafik_HI_-600x450.jpg 600w, https:\/\/www.res-dhc.com\/wp-content\/uploads\/2021\/02\/Grafik_HI_-800x600.jpg 800w, https:\/\/www.res-dhc.com\/wp-content\/uploads\/2021\/02\/Grafik_HI_.jpg 1200w\" sizes=\"(max-width: 800px) 100vw, (max-width: 640px) 100vw, 1200px\" \/><\/span><\/div><div class=\"fusion-text fusion-text-2\"><h3>Transformation der W\u00e4rme- und K\u00e4ltenetze<\/h3>\n<p>Eine zukunftssichere L\u00f6sung besteht darin, alle lokalen Ressourcen zu erschlie\u00dfen und diese in ein bestehendes W\u00e4rme- oder K\u00e4ltenetz zu integrieren. Die Transformation ist ein Prozess mit mehreren Zwischenschritten. Dabei sind viele Punkte zu ber\u00fccksichtigen:<\/p>\n<ul>\n<li>Die Kombination verschiedener erneuerbarer Erzeugungstechnologien erh\u00f6ht die Gesamteffizienz von Energiesystemen.<\/li>\n<li>Die Verf\u00fcgbarkeit und Nutzung von Fl\u00e4chen vor Ort sind entscheidend f\u00fcr eine erfolgreiche Integration von erneuerbaren Energien.<\/li>\n<li>Multifunktionsw\u00e4rmespeicher kompensieren die zeitliche Verschiebung zwischen Energieerzeugung und -bedarf, welche durch fluktuierende erneuerbare Energien entstehen kann und k\u00f6nnen zudem zur Sektorkopplung genutzt werden.<\/li>\n<li>Die Gesamteffizienz des Systems kann durch das Absenken der Netztemperaturen erh\u00f6ht werden, wodurch W\u00e4rmeverluste reduziert und der Einsatz von erneuerbaren Energien wie Solarthermie und W\u00e4rmepumpen beg\u00fcnstigt wird.<\/li>\n<li>Die dezentrale Energieerzeugung und eine optimierte Betriebsf\u00fchrung des Netzes sind im urbanen Raum aufgrund von begrenzter Fl\u00e4chenverf\u00fcgbarkeit erforderlich.<\/li>\n<\/ul>\n<p>F\u00fcr die Dekarbonisierung steht eine Vielzahl von ausgereiften erneuerbaren Technologien zu Verf\u00fcgung: Die richtige Kombination aus diesen <a href=\"https:\/\/www.res-dhc.com\/de\/ueber-res-dhc\/technische-loesungen\/\">technischen L\u00f6sungen<\/a> liefert die Grundlage f\u00fcr nachhaltige W\u00e4rme- und K\u00e4ltenetze.<\/p>\n<p>Unterschiedliche organisatorische und regulatorische Hemmnisse m\u00fcssen angegangen werden, um die Dekarbonisierung zu beschleunigen und die gesetzten EU-Ziele zu erreichen. Das <a href=\"https:\/\/www.res-dhc.com\/de\/ueber-uns\/h2020-res-dhc\/\">EU H2020 Projekt RES-DHC<\/a> leistet einen wesentlichen Beitrag daf\u00fcr und unterst\u00fctzt den Transformationsprozess der W\u00e4rme- und K\u00e4ltenetze in Europa.<\/p>\n<\/div><\/div><\/div><\/div><\/div>\n","protected":false},"excerpt":{"rendered":"","protected":false},"author":1,"featured_media":0,"parent":1581,"menu_order":0,"comment_status":"closed","ping_status":"closed","template":"","meta":{"footnotes":""},"class_list":["post-1586","page","type-page","status-publish","hentry"],"yoast_head":"<!-- This site is optimized with the Yoast SEO plugin v27.3 - https:\/\/yoast.com\/product\/yoast-seo-wordpress\/ -->\n<title>Erneuerbare Energiequellen in W\u00e4rme- und K\u00e4ltenetze - RES-DHC<\/title>\n<meta name=\"description\" content=\"Was f\u00fcr Technologien gibt es zur Dekarbonisierung der W\u00e4rmenetze? Erfahre mehr \u00fcber den Einsatz erneuerbarer Energie in W\u00e4rme- und K\u00e4ltenetze\" \/>\n<meta name=\"robots\" content=\"index, follow, max-snippet:-1, max-image-preview:large, max-video-preview:-1\" \/>\n<link rel=\"canonical\" href=\"https:\/\/www.res-dhc.com\/de\/ueber-res-dhc\/dekarbonisierung-dhc\/\" \/>\n<meta property=\"og:locale\" content=\"de_DE\" \/>\n<meta property=\"og:type\" content=\"article\" \/>\n<meta property=\"og:title\" content=\"Erneuerbare Energiequellen in W\u00e4rme- und K\u00e4ltenetze - RES-DHC\" \/>\n<meta property=\"og:description\" content=\"Was f\u00fcr Technologien gibt es zur Dekarbonisierung der W\u00e4rmenetze? Erfahre mehr \u00fcber den Einsatz erneuerbarer Energie in W\u00e4rme- und K\u00e4ltenetze\" \/>\n<meta property=\"og:url\" content=\"https:\/\/www.res-dhc.com\/de\/ueber-res-dhc\/dekarbonisierung-dhc\/\" \/>\n<meta property=\"og:site_name\" content=\"RES-DHC\" \/>\n<meta property=\"article:modified_time\" content=\"2023-12-20T09:38:41+00:00\" \/>\n<meta name=\"twitter:card\" content=\"summary_large_image\" \/>\n<meta name=\"twitter:site\" content=\"@DhcRes\" \/>\n<meta name=\"twitter:label1\" content=\"Gesch\u00e4tzte Lesezeit\" \/>\n\t<meta name=\"twitter:data1\" content=\"4\u00a0Minuten\" \/>\n<script type=\"application\/ld+json\" class=\"yoast-schema-graph\">{\"@context\":\"https:\\\/\\\/schema.org\",\"@graph\":[{\"@type\":[\"WebPage\",\"AboutPage\"],\"@id\":\"https:\\\/\\\/www.res-dhc.com\\\/de\\\/ueber-res-dhc\\\/dekarbonisierung-dhc\\\/\",\"url\":\"https:\\\/\\\/www.res-dhc.com\\\/de\\\/ueber-res-dhc\\\/dekarbonisierung-dhc\\\/\",\"name\":\"Erneuerbare Energiequellen in W\u00e4rme- und K\u00e4ltenetze - RES-DHC\",\"isPartOf\":{\"@id\":\"https:\\\/\\\/www.res-dhc.com\\\/#website\"},\"datePublished\":\"2021-02-22T14:27:55+00:00\",\"dateModified\":\"2023-12-20T09:38:41+00:00\",\"description\":\"Was f\u00fcr Technologien gibt es zur Dekarbonisierung der W\u00e4rmenetze? Erfahre mehr \u00fcber den Einsatz erneuerbarer Energie in W\u00e4rme- und K\u00e4ltenetze\",\"breadcrumb\":{\"@id\":\"https:\\\/\\\/www.res-dhc.com\\\/de\\\/ueber-res-dhc\\\/dekarbonisierung-dhc\\\/#breadcrumb\"},\"inLanguage\":\"de\",\"potentialAction\":[{\"@type\":\"ReadAction\",\"target\":[\"https:\\\/\\\/www.res-dhc.com\\\/de\\\/ueber-res-dhc\\\/dekarbonisierung-dhc\\\/\"]}]},{\"@type\":\"BreadcrumbList\",\"@id\":\"https:\\\/\\\/www.res-dhc.com\\\/de\\\/ueber-res-dhc\\\/dekarbonisierung-dhc\\\/#breadcrumb\",\"itemListElement\":[{\"@type\":\"ListItem\",\"position\":1,\"name\":\"Home\",\"item\":\"https:\\\/\\\/www.res-dhc.com\\\/de\\\/\"},{\"@type\":\"ListItem\",\"position\":2,\"name\":\"\u00dcber RES DHC\",\"item\":\"https:\\\/\\\/www.res-dhc.com\\\/en\\\/about-res-dhc\\\/\"},{\"@type\":\"ListItem\",\"position\":3,\"name\":\"Dekarbonisierung DHC\"}]},{\"@type\":\"WebSite\",\"@id\":\"https:\\\/\\\/www.res-dhc.com\\\/#website\",\"url\":\"https:\\\/\\\/www.res-dhc.com\\\/\",\"name\":\"RES-DHC\",\"description\":\"Renewable Energy Sources for District Heating and Cooling\",\"publisher\":{\"@id\":\"https:\\\/\\\/www.res-dhc.com\\\/#organization\"},\"potentialAction\":[{\"@type\":\"SearchAction\",\"target\":{\"@type\":\"EntryPoint\",\"urlTemplate\":\"https:\\\/\\\/www.res-dhc.com\\\/?s={search_term_string}\"},\"query-input\":{\"@type\":\"PropertyValueSpecification\",\"valueRequired\":true,\"valueName\":\"search_term_string\"}}],\"inLanguage\":\"de\"},{\"@type\":\"Organization\",\"@id\":\"https:\\\/\\\/www.res-dhc.com\\\/#organization\",\"name\":\"RES-DHC\",\"url\":\"https:\\\/\\\/www.res-dhc.com\\\/\",\"logo\":{\"@type\":\"ImageObject\",\"inLanguage\":\"de\",\"@id\":\"https:\\\/\\\/www.res-dhc.com\\\/#\\\/schema\\\/logo\\\/image\\\/\",\"url\":\"https:\\\/\\\/www.res-dhc.com\\\/wp-content\\\/uploads\\\/2022\\\/01\\\/RES-DHC_Logo_Form-1.png\",\"contentUrl\":\"https:\\\/\\\/www.res-dhc.com\\\/wp-content\\\/uploads\\\/2022\\\/01\\\/RES-DHC_Logo_Form-1.png\",\"width\":200,\"height\":57,\"caption\":\"RES-DHC\"},\"image\":{\"@id\":\"https:\\\/\\\/www.res-dhc.com\\\/#\\\/schema\\\/logo\\\/image\\\/\"},\"sameAs\":[\"https:\\\/\\\/x.com\\\/DhcRes\",\"https:\\\/\\\/www.linkedin.com\\\/showcase\\\/res-dhc-project\\\/\"]}]}<\/script>\n<!-- \/ Yoast SEO plugin. -->","yoast_head_json":{"title":"Erneuerbare Energiequellen in W\u00e4rme- und K\u00e4ltenetze - RES-DHC","description":"Was f\u00fcr Technologien gibt es zur Dekarbonisierung der W\u00e4rmenetze? Erfahre mehr \u00fcber den Einsatz erneuerbarer Energie in W\u00e4rme- und K\u00e4ltenetze","robots":{"index":"index","follow":"follow","max-snippet":"max-snippet:-1","max-image-preview":"max-image-preview:large","max-video-preview":"max-video-preview:-1"},"canonical":"https:\/\/www.res-dhc.com\/de\/ueber-res-dhc\/dekarbonisierung-dhc\/","og_locale":"de_DE","og_type":"article","og_title":"Erneuerbare Energiequellen in W\u00e4rme- und K\u00e4ltenetze - RES-DHC","og_description":"Was f\u00fcr Technologien gibt es zur Dekarbonisierung der W\u00e4rmenetze? Erfahre mehr \u00fcber den Einsatz erneuerbarer Energie in W\u00e4rme- und K\u00e4ltenetze","og_url":"https:\/\/www.res-dhc.com\/de\/ueber-res-dhc\/dekarbonisierung-dhc\/","og_site_name":"RES-DHC","article_modified_time":"2023-12-20T09:38:41+00:00","twitter_card":"summary_large_image","twitter_site":"@DhcRes","twitter_misc":{"Gesch\u00e4tzte Lesezeit":"4\u00a0Minuten"},"schema":{"@context":"https:\/\/schema.org","@graph":[{"@type":["WebPage","AboutPage"],"@id":"https:\/\/www.res-dhc.com\/de\/ueber-res-dhc\/dekarbonisierung-dhc\/","url":"https:\/\/www.res-dhc.com\/de\/ueber-res-dhc\/dekarbonisierung-dhc\/","name":"Erneuerbare Energiequellen in W\u00e4rme- und K\u00e4ltenetze - RES-DHC","isPartOf":{"@id":"https:\/\/www.res-dhc.com\/#website"},"datePublished":"2021-02-22T14:27:55+00:00","dateModified":"2023-12-20T09:38:41+00:00","description":"Was f\u00fcr Technologien gibt es zur Dekarbonisierung der W\u00e4rmenetze? Erfahre mehr \u00fcber den Einsatz erneuerbarer Energie in W\u00e4rme- und K\u00e4ltenetze","breadcrumb":{"@id":"https:\/\/www.res-dhc.com\/de\/ueber-res-dhc\/dekarbonisierung-dhc\/#breadcrumb"},"inLanguage":"de","potentialAction":[{"@type":"ReadAction","target":["https:\/\/www.res-dhc.com\/de\/ueber-res-dhc\/dekarbonisierung-dhc\/"]}]},{"@type":"BreadcrumbList","@id":"https:\/\/www.res-dhc.com\/de\/ueber-res-dhc\/dekarbonisierung-dhc\/#breadcrumb","itemListElement":[{"@type":"ListItem","position":1,"name":"Home","item":"https:\/\/www.res-dhc.com\/de\/"},{"@type":"ListItem","position":2,"name":"\u00dcber RES DHC","item":"https:\/\/www.res-dhc.com\/en\/about-res-dhc\/"},{"@type":"ListItem","position":3,"name":"Dekarbonisierung DHC"}]},{"@type":"WebSite","@id":"https:\/\/www.res-dhc.com\/#website","url":"https:\/\/www.res-dhc.com\/","name":"RES-DHC","description":"Renewable Energy Sources for District Heating and Cooling","publisher":{"@id":"https:\/\/www.res-dhc.com\/#organization"},"potentialAction":[{"@type":"SearchAction","target":{"@type":"EntryPoint","urlTemplate":"https:\/\/www.res-dhc.com\/?s={search_term_string}"},"query-input":{"@type":"PropertyValueSpecification","valueRequired":true,"valueName":"search_term_string"}}],"inLanguage":"de"},{"@type":"Organization","@id":"https:\/\/www.res-dhc.com\/#organization","name":"RES-DHC","url":"https:\/\/www.res-dhc.com\/","logo":{"@type":"ImageObject","inLanguage":"de","@id":"https:\/\/www.res-dhc.com\/#\/schema\/logo\/image\/","url":"https:\/\/www.res-dhc.com\/wp-content\/uploads\/2022\/01\/RES-DHC_Logo_Form-1.png","contentUrl":"https:\/\/www.res-dhc.com\/wp-content\/uploads\/2022\/01\/RES-DHC_Logo_Form-1.png","width":200,"height":57,"caption":"RES-DHC"},"image":{"@id":"https:\/\/www.res-dhc.com\/#\/schema\/logo\/image\/"},"sameAs":["https:\/\/x.com\/DhcRes","https:\/\/www.linkedin.com\/showcase\/res-dhc-project\/"]}]}},"_links":{"self":[{"href":"https:\/\/www.res-dhc.com\/de\/wp-json\/wp\/v2\/pages\/1586","targetHints":{"allow":["GET"]}}],"collection":[{"href":"https:\/\/www.res-dhc.com\/de\/wp-json\/wp\/v2\/pages"}],"about":[{"href":"https:\/\/www.res-dhc.com\/de\/wp-json\/wp\/v2\/types\/page"}],"author":[{"embeddable":true,"href":"https:\/\/www.res-dhc.com\/de\/wp-json\/wp\/v2\/users\/1"}],"replies":[{"embeddable":true,"href":"https:\/\/www.res-dhc.com\/de\/wp-json\/wp\/v2\/comments?post=1586"}],"version-history":[{"count":16,"href":"https:\/\/www.res-dhc.com\/de\/wp-json\/wp\/v2\/pages\/1586\/revisions"}],"predecessor-version":[{"id":5885,"href":"https:\/\/www.res-dhc.com\/de\/wp-json\/wp\/v2\/pages\/1586\/revisions\/5885"}],"up":[{"embeddable":true,"href":"https:\/\/www.res-dhc.com\/de\/wp-json\/wp\/v2\/pages\/1581"}],"wp:attachment":[{"href":"https:\/\/www.res-dhc.com\/de\/wp-json\/wp\/v2\/media?parent=1586"}],"curies":[{"name":"wp","href":"https:\/\/api.w.org\/{rel}","templated":true}]}}