{"id":1867,"date":"2021-02-24T15:41:04","date_gmt":"2021-02-24T14:41:04","guid":{"rendered":"https:\/\/www.res-dhc.com\/om-res-dhc\/tekniske-loesninger\/"},"modified":"2023-12-20T10:43:32","modified_gmt":"2023-12-20T09:43:32","slug":"tekniske-loesninger","status":"publish","type":"page","link":"https:\/\/www.res-dhc.com\/da\/om-res-dhc\/tekniske-loesninger\/","title":{"rendered":"Tekniske l\u00f8sninger"},"content":{"rendered":"<div class=\"fusion-fullwidth fullwidth-box fusion-builder-row-1 fusion-flex-container nonhundred-percent-fullwidth non-hundred-percent-height-scrolling\" style=\"--awb-border-radius-top-left:0px;--awb-border-radius-top-right:0px;--awb-border-radius-bottom-right:0px;--awb-border-radius-bottom-left:0px;--awb-flex-wrap:wrap;\" ><div class=\"fusion-builder-row fusion-row fusion-flex-align-items-flex-start fusion-flex-content-wrap\" style=\"max-width:1216.8px;margin-left: calc(-4% \/ 2 );margin-right: calc(-4% \/ 2 );\"><div class=\"fusion-layout-column fusion_builder_column fusion-builder-column-0 fusion_builder_column_1_1 1_1 fusion-flex-column\" style=\"--awb-bg-size:cover;--awb-width-large:100%;--awb-margin-top-large:0px;--awb-spacing-right-large:1.92%;--awb-margin-bottom-large:20px;--awb-spacing-left-large:1.92%;--awb-width-medium:100%;--awb-order-medium:0;--awb-spacing-right-medium:1.92%;--awb-spacing-left-medium:1.92%;--awb-width-small:100%;--awb-order-small:0;--awb-spacing-right-small:1.92%;--awb-spacing-left-small:1.92%;\"><div class=\"fusion-column-wrapper fusion-column-has-shadow fusion-flex-justify-content-flex-start fusion-content-layout-column\"><div class=\"fusion-text fusion-text-1\"><h3>Find den rigtige sammens\u00e6tning af Vedvarende Energi teknologier for dit Fjernvarme- og Fjernk\u00f8lesystem<\/h3>\n<p>Udskiftning af fossil varmeproduktion med Vedvarende Energikilder er i mange tilf\u00e6lde en udfordring og kr\u00e6ver en grundig analyse af de lokalt tilg\u00e6ngelige ressourcer. Ofte skal en enkelt fossil produktionsenhed med h\u00f8j kapacitet erstattes af flere varmeanl\u00e6g baseret p\u00e5 en blanding af Vedvarende Energiteknologier.<\/p>\n<p>De vigtigste varmeproducerende teknologier inden for Vedvarende Energikilder der er tilg\u00e6ngelige i dag, er:<\/p>\n<\/div><div class=\"fusion-content-boxes content-boxes columns row fusion-columns-1 fusion-columns-total-7 fusion-content-boxes-1 content-boxes-icon-with-title content-left\" style=\"--awb-title-color:#1d71b8;--awb-hover-accent-color:#1d71b8;--awb-circle-hover-accent-color:transparent;--awb-item-margin-bottom:40px;\" data-animationOffset=\"top-into-view\"><div style=\"--awb-backgroundcolor:#efefef;\" class=\"fusion-column content-box-column content-box-column content-box-column-1 col-lg-12 col-md-12 col-sm-12 fusion-content-box-hover content-box-column-last-in-row\"><div class=\"col content-box-wrapper content-wrapper-background link-area-link-icon icon-hover-animation-slide\" data-animationOffset=\"top-into-view\"><div class=\"heading icon-left\"><h2 class=\"content-box-heading fusion-responsive-typography-calculated\" style=\"--h2_typography-font-size:18px;--fontSize:18;line-height:1.21;\">Biomasse til Fjernvarme og Kraftvarmeanl\u00e6g<\/h2><\/div><div class=\"fusion-clearfix\"><\/div><div class=\"content-container\">\n<p><span style=\"color: #50586b;\">Biomasse er den mest dominerende Vedvarende Energikilde til varmeproduktion i mange lande. Biomasse anvendelse i Fjernvarme- og kraftvarmev\u00e6rker hvor der afbr\u00e6ndes flis fra skovbrug og tr\u00e6industri, tr\u00e6piller eller halm.<\/span><\/p>\n<p><img decoding=\"async\" class=\"alignnone size-full wp-image-2095\" src=\"https:\/\/www.res-dhc.com\/wp-content\/uploads\/2021\/02\/Biomasse.jpg\" alt=\"\" width=\"1800\" height=\"1200\" srcset=\"https:\/\/www.res-dhc.com\/wp-content\/uploads\/2021\/02\/Biomasse-200x133.jpg 200w, https:\/\/www.res-dhc.com\/wp-content\/uploads\/2021\/02\/Biomasse-300x200.jpg 300w, https:\/\/www.res-dhc.com\/wp-content\/uploads\/2021\/02\/Biomasse-400x267.jpg 400w, https:\/\/www.res-dhc.com\/wp-content\/uploads\/2021\/02\/Biomasse-600x400.jpg 600w, https:\/\/www.res-dhc.com\/wp-content\/uploads\/2021\/02\/Biomasse-768x512.jpg 768w, https:\/\/www.res-dhc.com\/wp-content\/uploads\/2021\/02\/Biomasse-800x533.jpg 800w, https:\/\/www.res-dhc.com\/wp-content\/uploads\/2021\/02\/Biomasse-1024x683.jpg 1024w, https:\/\/www.res-dhc.com\/wp-content\/uploads\/2021\/02\/Biomasse-1200x800.jpg 1200w, https:\/\/www.res-dhc.com\/wp-content\/uploads\/2021\/02\/Biomasse-1536x1024.jpg 1536w, https:\/\/www.res-dhc.com\/wp-content\/uploads\/2021\/02\/Biomasse.jpg 1800w\" sizes=\"(max-width: 1800px) 100vw, 1800px\" \/><\/p>\n<\/div><\/div><\/div><div style=\"--awb-backgroundcolor:#efefef;\" class=\"fusion-column content-box-column content-box-column content-box-column-2 col-lg-12 col-md-12 col-sm-12 fusion-content-box-hover content-box-column-last-in-row\"><div class=\"col content-box-wrapper content-wrapper-background link-area-link-icon icon-hover-animation-slide\" data-animationOffset=\"top-into-view\"><div class=\"heading icon-left\"><h2 class=\"content-box-heading fusion-responsive-typography-calculated\" style=\"--h2_typography-font-size:18px;--fontSize:18;line-height:1.21;\">Biogas og biometan Kraftvarme<\/h2><\/div><div class=\"fusion-clearfix\"><\/div><div class=\"content-container\">\n<p><span style=\"color: #50586b;\">Produktionen p\u00e5 mellemstore Fjernvarme og Fjernk\u00f8lesystemer er ofte baseret p\u00e5 gasmotorer eller turbiner, der bruger naturgas. Biogas og biometan, der produceres ved g\u00e6ring af biomasse og organisk affald, kan \u00f8ge andelen af Vedvarende Energi i s\u00e5danne gasdrevne DHC-systemer.<\/span><\/p>\n<p><img decoding=\"async\" class=\"alignnone size-full wp-image-2090\" src=\"https:\/\/www.res-dhc.com\/wp-content\/uploads\/2021\/02\/Biogas.jpg\" alt=\"\" width=\"1800\" height=\"1200\" srcset=\"https:\/\/www.res-dhc.com\/wp-content\/uploads\/2021\/02\/Biogas-200x133.jpg 200w, https:\/\/www.res-dhc.com\/wp-content\/uploads\/2021\/02\/Biogas-300x200.jpg 300w, https:\/\/www.res-dhc.com\/wp-content\/uploads\/2021\/02\/Biogas-400x267.jpg 400w, https:\/\/www.res-dhc.com\/wp-content\/uploads\/2021\/02\/Biogas-600x400.jpg 600w, https:\/\/www.res-dhc.com\/wp-content\/uploads\/2021\/02\/Biogas-768x512.jpg 768w, https:\/\/www.res-dhc.com\/wp-content\/uploads\/2021\/02\/Biogas-800x533.jpg 800w, https:\/\/www.res-dhc.com\/wp-content\/uploads\/2021\/02\/Biogas-1024x683.jpg 1024w, https:\/\/www.res-dhc.com\/wp-content\/uploads\/2021\/02\/Biogas-1200x800.jpg 1200w, https:\/\/www.res-dhc.com\/wp-content\/uploads\/2021\/02\/Biogas-1536x1024.jpg 1536w, https:\/\/www.res-dhc.com\/wp-content\/uploads\/2021\/02\/Biogas.jpg 1800w\" sizes=\"(max-width: 1800px) 100vw, 1800px\" \/><\/p>\n<\/div><\/div><\/div><div style=\"--awb-backgroundcolor:#efefef;\" class=\"fusion-column content-box-column content-box-column content-box-column-3 col-lg-12 col-md-12 col-sm-12 fusion-content-box-hover content-box-column-last-in-row\"><div class=\"col content-box-wrapper content-wrapper-background link-area-link-icon icon-hover-animation-slide\" data-animationOffset=\"top-into-view\"><div class=\"heading icon-left\"><h2 class=\"content-box-heading fusion-responsive-typography-calculated\" style=\"--h2_typography-font-size:18px;--fontSize:18;line-height:1.21;\">Geotermisk varme<\/h2><\/div><div class=\"fusion-clearfix\"><\/div><div class=\"content-container\">\n<p><span style=\"color: #50586b;\">Fjernvarme- og Fjernk\u00f8lesysterm udnytter varmen fra dybe geotermiske boringer. Afh\u00e6ngig af dybden og temperaturen i de geotekniske boringer bruges varmen til elproduktion og \/ eller Fjernvarme eller Fjernk\u00f8ling.<\/span><\/p>\n<p><img decoding=\"async\" class=\"alignnone size-full wp-image-2100\" src=\"https:\/\/www.res-dhc.com\/wp-content\/uploads\/2021\/02\/Geothermie.jpg\" alt=\"\" width=\"1800\" height=\"1200\" srcset=\"https:\/\/www.res-dhc.com\/wp-content\/uploads\/2021\/02\/Geothermie-200x133.jpg 200w, https:\/\/www.res-dhc.com\/wp-content\/uploads\/2021\/02\/Geothermie-300x200.jpg 300w, https:\/\/www.res-dhc.com\/wp-content\/uploads\/2021\/02\/Geothermie-400x267.jpg 400w, https:\/\/www.res-dhc.com\/wp-content\/uploads\/2021\/02\/Geothermie-600x400.jpg 600w, https:\/\/www.res-dhc.com\/wp-content\/uploads\/2021\/02\/Geothermie-768x512.jpg 768w, https:\/\/www.res-dhc.com\/wp-content\/uploads\/2021\/02\/Geothermie-800x533.jpg 800w, https:\/\/www.res-dhc.com\/wp-content\/uploads\/2021\/02\/Geothermie-1024x683.jpg 1024w, https:\/\/www.res-dhc.com\/wp-content\/uploads\/2021\/02\/Geothermie-1200x800.jpg 1200w, https:\/\/www.res-dhc.com\/wp-content\/uploads\/2021\/02\/Geothermie-1536x1024.jpg 1536w, https:\/\/www.res-dhc.com\/wp-content\/uploads\/2021\/02\/Geothermie.jpg 1800w\" sizes=\"(max-width: 1800px) 100vw, 1800px\" \/><\/p>\n<\/div><\/div><\/div><div style=\"--awb-backgroundcolor:#efefef;\" class=\"fusion-column content-box-column content-box-column content-box-column-4 col-lg-12 col-md-12 col-sm-12 fusion-content-box-hover content-box-column-last-in-row\"><div class=\"col content-box-wrapper content-wrapper-background link-area-link-icon icon-hover-animation-slide\" data-animationOffset=\"top-into-view\"><div class=\"heading icon-left\"><h2 class=\"content-box-heading fusion-responsive-typography-calculated\" style=\"--h2_typography-font-size:18px;--fontSize:18;line-height:1.21;\">Store termiske solfanger anl\u00e6g<\/h2><\/div><div class=\"fusion-clearfix\"><\/div><div class=\"content-container\">\n<p><span style=\"color: #d5dade;\"><span style=\"color: #50586b;\">Store termiske solfangeranl\u00e6g kan levere Vedvarende Energi til Fjernvarme- og Fjernk\u00f8le systemer ved temperaturer p\u00e5 op til 100 \u00b0C. Termiske solfanger anl\u00e6g i forbindelse Fjernvarmeanl\u00e6g er ideelt, da solfangeranl\u00e6gget kan d\u00e6kke Fjernvarmev\u00e6rkets fulde sommerbelastning og i kombination med store varmelagre, ogs\u00e5 d\u00e6kningsgraden med sol \u00f8ges.<\/span><\/span><\/p>\n<p><img decoding=\"async\" class=\"alignnone size-full wp-image-2105\" src=\"https:\/\/www.res-dhc.com\/wp-content\/uploads\/2021\/02\/Solarthermie.jpg\" alt=\"\" width=\"1800\" height=\"1200\" srcset=\"https:\/\/www.res-dhc.com\/wp-content\/uploads\/2021\/02\/Solarthermie-200x133.jpg 200w, https:\/\/www.res-dhc.com\/wp-content\/uploads\/2021\/02\/Solarthermie-300x200.jpg 300w, https:\/\/www.res-dhc.com\/wp-content\/uploads\/2021\/02\/Solarthermie-400x267.jpg 400w, https:\/\/www.res-dhc.com\/wp-content\/uploads\/2021\/02\/Solarthermie-600x400.jpg 600w, https:\/\/www.res-dhc.com\/wp-content\/uploads\/2021\/02\/Solarthermie-768x512.jpg 768w, https:\/\/www.res-dhc.com\/wp-content\/uploads\/2021\/02\/Solarthermie-800x533.jpg 800w, https:\/\/www.res-dhc.com\/wp-content\/uploads\/2021\/02\/Solarthermie-1024x683.jpg 1024w, https:\/\/www.res-dhc.com\/wp-content\/uploads\/2021\/02\/Solarthermie-1200x800.jpg 1200w, https:\/\/www.res-dhc.com\/wp-content\/uploads\/2021\/02\/Solarthermie-1536x1024.jpg 1536w, https:\/\/www.res-dhc.com\/wp-content\/uploads\/2021\/02\/Solarthermie.jpg 1800w\" sizes=\"(max-width: 1800px) 100vw, 1800px\" \/><\/p>\n<\/div><\/div><\/div><div style=\"--awb-backgroundcolor:#efefef;\" class=\"fusion-column content-box-column content-box-column content-box-column-5 col-lg-12 col-md-12 col-sm-12 fusion-content-box-hover content-box-column-last-in-row\"><div class=\"col content-box-wrapper content-wrapper-background link-area-link-icon icon-hover-animation-slide\" data-animationOffset=\"top-into-view\"><div class=\"heading icon-left\"><h2 class=\"content-box-heading fusion-responsive-typography-calculated\" style=\"--h2_typography-font-size:18px;--fontSize:18;line-height:1.21;\">Varmepumper der burger spildvarme ved lav temperatur og grundvand<\/h2><\/div><div class=\"fusion-clearfix\"><\/div><div class=\"content-container\">\n<p><span style=\"color: #50586b;\">Varmepumper flytter varme ved lav temperatur til h\u00f8j temperatur ved at udnytter spildvarme ved lav temperaturen eller grundvand, i de fleste tilf\u00e6lde drives varmepumpen ved el. I Fjernvarme- og Fjernk\u00f8lingssystemer muligg\u00f8r det brugen af spildvarme ved lav temperatur og brugen af Vedvarende Energikildernes overskudsproduktion.<\/span><\/p>\n<p><img decoding=\"async\" class=\"alignnone size-full wp-image-2110\" src=\"https:\/\/www.res-dhc.com\/wp-content\/uploads\/2021\/02\/Waermepumpe.jpg\" alt=\"\" width=\"1800\" height=\"1200\" srcset=\"https:\/\/www.res-dhc.com\/wp-content\/uploads\/2021\/02\/Waermepumpe-200x133.jpg 200w, https:\/\/www.res-dhc.com\/wp-content\/uploads\/2021\/02\/Waermepumpe-300x200.jpg 300w, https:\/\/www.res-dhc.com\/wp-content\/uploads\/2021\/02\/Waermepumpe-400x267.jpg 400w, https:\/\/www.res-dhc.com\/wp-content\/uploads\/2021\/02\/Waermepumpe-600x400.jpg 600w, https:\/\/www.res-dhc.com\/wp-content\/uploads\/2021\/02\/Waermepumpe-768x512.jpg 768w, https:\/\/www.res-dhc.com\/wp-content\/uploads\/2021\/02\/Waermepumpe-800x533.jpg 800w, https:\/\/www.res-dhc.com\/wp-content\/uploads\/2021\/02\/Waermepumpe-1024x683.jpg 1024w, https:\/\/www.res-dhc.com\/wp-content\/uploads\/2021\/02\/Waermepumpe-1200x800.jpg 1200w, https:\/\/www.res-dhc.com\/wp-content\/uploads\/2021\/02\/Waermepumpe-1536x1024.jpg 1536w, https:\/\/www.res-dhc.com\/wp-content\/uploads\/2021\/02\/Waermepumpe.jpg 1800w\" sizes=\"(max-width: 1800px) 100vw, 1800px\" \/><\/p>\n<\/div><\/div><\/div><div style=\"--awb-backgroundcolor:#efefef;\" class=\"fusion-column content-box-column content-box-column content-box-column-6 col-lg-12 col-md-12 col-sm-12 fusion-content-box-hover content-box-column-last-in-row\"><div class=\"col content-box-wrapper content-wrapper-background link-area-link-icon icon-hover-animation-slide\" data-animationOffset=\"top-into-view\"><div class=\"heading icon-left\"><h2 class=\"content-box-heading fusion-responsive-typography-calculated\" style=\"--h2_typography-font-size:18px;--fontSize:18;line-height:1.21;\">power-to-heat systemer (P2H) baseret p\u00e5 Vedvarende Energikilder<\/h2><\/div><div class=\"fusion-clearfix\"><\/div><div class=\"content-container\">\n<p><span style=\"color: #50586b;\">I regioner med store andele svingende elproduktion fra Vedvarende Energikilder (vindm\u00f8ller og solceller) kan den overskydende elproduktion integreres i Fjernvarme- og Fjernk\u00f8lesystemer ved brugen af varmepumper eller elkedler.<\/span><\/p>\n<p><img decoding=\"async\" class=\"alignnone size-full wp-image-2080\" src=\"https:\/\/www.res-dhc.com\/wp-content\/uploads\/2021\/02\/p2h.jpg\" alt=\"\" width=\"1800\" height=\"1200\" srcset=\"https:\/\/www.res-dhc.com\/wp-content\/uploads\/2021\/02\/p2h-200x133.jpg 200w, https:\/\/www.res-dhc.com\/wp-content\/uploads\/2021\/02\/p2h-300x200.jpg 300w, https:\/\/www.res-dhc.com\/wp-content\/uploads\/2021\/02\/p2h-400x267.jpg 400w, https:\/\/www.res-dhc.com\/wp-content\/uploads\/2021\/02\/p2h-600x400.jpg 600w, https:\/\/www.res-dhc.com\/wp-content\/uploads\/2021\/02\/p2h-768x512.jpg 768w, https:\/\/www.res-dhc.com\/wp-content\/uploads\/2021\/02\/p2h-800x533.jpg 800w, https:\/\/www.res-dhc.com\/wp-content\/uploads\/2021\/02\/p2h-1024x683.jpg 1024w, https:\/\/www.res-dhc.com\/wp-content\/uploads\/2021\/02\/p2h-1200x800.jpg 1200w, https:\/\/www.res-dhc.com\/wp-content\/uploads\/2021\/02\/p2h-1536x1024.jpg 1536w, https:\/\/www.res-dhc.com\/wp-content\/uploads\/2021\/02\/p2h.jpg 1800w\" sizes=\"(max-width: 1800px) 100vw, 1800px\" \/><\/p>\n<\/div><\/div><\/div><div style=\"--awb-backgroundcolor:#efefef;\" class=\"fusion-column content-box-column content-box-column content-box-column-7 col-lg-12 col-md-12 col-sm-12 fusion-content-box-hover content-box-column-last content-box-column-last-in-row\"><div class=\"col content-box-wrapper content-wrapper-background link-area-link-icon icon-hover-animation-slide\" data-animationOffset=\"top-into-view\"><div class=\"heading icon-left\"><h2 class=\"content-box-heading fusion-responsive-typography-calculated\" style=\"--h2_typography-font-size:18px;--fontSize:18;line-height:1.21;\">Spildvarme baseret p\u00e5 Vedvarende Energikilder<\/h2><\/div><div class=\"fusion-clearfix\"><\/div><div class=\"content-container\">\n<p><span style=\"color: #50586b;\">Udnyttelsen af lokal spildvarme fra, fra for eksempel industrien har et enormt potentiale. Spildvarme med h\u00f8je temperaturer kan anvendes direkte i Fjernvarme- og Fjernk\u00f8lingssystemer. Spildvarme med lavere temperaturen kan bruges via en varmepumpe der h\u00e6ver temperaturen.<\/span><\/p>\n<p><img decoding=\"async\" class=\"alignnone size-full wp-image-2085\" src=\"https:\/\/www.res-dhc.com\/wp-content\/uploads\/2021\/02\/Abwaerme.jpg\" alt=\"\" width=\"1800\" height=\"1200\" srcset=\"https:\/\/www.res-dhc.com\/wp-content\/uploads\/2021\/02\/Abwaerme-200x133.jpg 200w, https:\/\/www.res-dhc.com\/wp-content\/uploads\/2021\/02\/Abwaerme-300x200.jpg 300w, https:\/\/www.res-dhc.com\/wp-content\/uploads\/2021\/02\/Abwaerme-400x267.jpg 400w, https:\/\/www.res-dhc.com\/wp-content\/uploads\/2021\/02\/Abwaerme-600x400.jpg 600w, https:\/\/www.res-dhc.com\/wp-content\/uploads\/2021\/02\/Abwaerme-768x512.jpg 768w, https:\/\/www.res-dhc.com\/wp-content\/uploads\/2021\/02\/Abwaerme-800x533.jpg 800w, https:\/\/www.res-dhc.com\/wp-content\/uploads\/2021\/02\/Abwaerme-1024x683.jpg 1024w, https:\/\/www.res-dhc.com\/wp-content\/uploads\/2021\/02\/Abwaerme-1200x800.jpg 1200w, https:\/\/www.res-dhc.com\/wp-content\/uploads\/2021\/02\/Abwaerme-1536x1024.jpg 1536w, https:\/\/www.res-dhc.com\/wp-content\/uploads\/2021\/02\/Abwaerme.jpg 1800w\" sizes=\"(max-width: 1800px) 100vw, 1800px\" \/><\/p>\n<\/div><\/div><\/div><div class=\"fusion-clearfix\"><\/div><\/div><\/div><\/div><\/div><\/div>\n","protected":false},"excerpt":{"rendered":"","protected":false},"author":1,"featured_media":0,"parent":1827,"menu_order":0,"comment_status":"closed","ping_status":"closed","template":"","meta":{"footnotes":""},"class_list":["post-1867","page","type-page","status-publish","hentry"],"yoast_head":"<!-- This site is optimized with the Yoast SEO plugin v27.3 - https:\/\/yoast.com\/product\/yoast-seo-wordpress\/ -->\n<title>Tekniske l\u00f8sninger - RES-DHC<\/title>\n<meta name=\"robots\" content=\"index, follow, max-snippet:-1, max-image-preview:large, max-video-preview:-1\" \/>\n<link rel=\"canonical\" href=\"https:\/\/www.res-dhc.com\/da\/om-res-dhc\/tekniske-loesninger\/\" \/>\n<meta property=\"og:locale\" content=\"da_DK\" \/>\n<meta property=\"og:type\" content=\"article\" \/>\n<meta property=\"og:title\" content=\"Tekniske l\u00f8sninger - RES-DHC\" \/>\n<meta property=\"og:url\" content=\"https:\/\/www.res-dhc.com\/da\/om-res-dhc\/tekniske-loesninger\/\" \/>\n<meta property=\"og:site_name\" content=\"RES-DHC\" \/>\n<meta property=\"article:modified_time\" content=\"2023-12-20T09:43:32+00:00\" \/>\n<meta property=\"og:image\" content=\"https:\/\/www.res-dhc.com\/wp-content\/uploads\/2021\/02\/Biomasse.jpg\" \/>\n<meta name=\"twitter:card\" content=\"summary_large_image\" \/>\n<meta name=\"twitter:site\" content=\"@DhcRes\" \/>\n<meta name=\"twitter:label1\" content=\"Estimeret l\u00e6setid\" \/>\n\t<meta name=\"twitter:data1\" content=\"5 minutter\" \/>\n<script type=\"application\/ld+json\" class=\"yoast-schema-graph\">{\"@context\":\"https:\\\/\\\/schema.org\",\"@graph\":[{\"@type\":\"WebPage\",\"@id\":\"https:\\\/\\\/www.res-dhc.com\\\/da\\\/om-res-dhc\\\/tekniske-loesninger\\\/\",\"url\":\"https:\\\/\\\/www.res-dhc.com\\\/da\\\/om-res-dhc\\\/tekniske-loesninger\\\/\",\"name\":\"Tekniske l\u00f8sninger - RES-DHC\",\"isPartOf\":{\"@id\":\"https:\\\/\\\/www.res-dhc.com\\\/#website\"},\"primaryImageOfPage\":{\"@id\":\"https:\\\/\\\/www.res-dhc.com\\\/da\\\/om-res-dhc\\\/tekniske-loesninger\\\/#primaryimage\"},\"image\":{\"@id\":\"https:\\\/\\\/www.res-dhc.com\\\/da\\\/om-res-dhc\\\/tekniske-loesninger\\\/#primaryimage\"},\"thumbnailUrl\":\"https:\\\/\\\/www.res-dhc.com\\\/wp-content\\\/uploads\\\/2021\\\/02\\\/Biomasse.jpg\",\"datePublished\":\"2021-02-24T14:41:04+00:00\",\"dateModified\":\"2023-12-20T09:43:32+00:00\",\"breadcrumb\":{\"@id\":\"https:\\\/\\\/www.res-dhc.com\\\/da\\\/om-res-dhc\\\/tekniske-loesninger\\\/#breadcrumb\"},\"inLanguage\":\"da-DK\",\"potentialAction\":[{\"@type\":\"ReadAction\",\"target\":[\"https:\\\/\\\/www.res-dhc.com\\\/da\\\/om-res-dhc\\\/tekniske-loesninger\\\/\"]}]},{\"@type\":\"ImageObject\",\"inLanguage\":\"da-DK\",\"@id\":\"https:\\\/\\\/www.res-dhc.com\\\/da\\\/om-res-dhc\\\/tekniske-loesninger\\\/#primaryimage\",\"url\":\"https:\\\/\\\/www.res-dhc.com\\\/wp-content\\\/uploads\\\/2021\\\/02\\\/Biomasse.jpg\",\"contentUrl\":\"https:\\\/\\\/www.res-dhc.com\\\/wp-content\\\/uploads\\\/2021\\\/02\\\/Biomasse.jpg\"},{\"@type\":\"BreadcrumbList\",\"@id\":\"https:\\\/\\\/www.res-dhc.com\\\/da\\\/om-res-dhc\\\/tekniske-loesninger\\\/#breadcrumb\",\"itemListElement\":[{\"@type\":\"ListItem\",\"position\":1,\"name\":\"Home\",\"item\":\"https:\\\/\\\/www.res-dhc.com\\\/da\\\/\"},{\"@type\":\"ListItem\",\"position\":2,\"name\":\"Om RES DHC\",\"item\":\"https:\\\/\\\/www.res-dhc.com\\\/en\\\/about-res-dhc\\\/\"},{\"@type\":\"ListItem\",\"position\":3,\"name\":\"Tekniske l\u00f8sninger\"}]},{\"@type\":\"WebSite\",\"@id\":\"https:\\\/\\\/www.res-dhc.com\\\/#website\",\"url\":\"https:\\\/\\\/www.res-dhc.com\\\/\",\"name\":\"RES-DHC\",\"description\":\"Renewable Energy Sources for District Heating and Cooling\",\"publisher\":{\"@id\":\"https:\\\/\\\/www.res-dhc.com\\\/#organization\"},\"potentialAction\":[{\"@type\":\"SearchAction\",\"target\":{\"@type\":\"EntryPoint\",\"urlTemplate\":\"https:\\\/\\\/www.res-dhc.com\\\/?s={search_term_string}\"},\"query-input\":{\"@type\":\"PropertyValueSpecification\",\"valueRequired\":true,\"valueName\":\"search_term_string\"}}],\"inLanguage\":\"da-DK\"},{\"@type\":\"Organization\",\"@id\":\"https:\\\/\\\/www.res-dhc.com\\\/#organization\",\"name\":\"RES-DHC\",\"url\":\"https:\\\/\\\/www.res-dhc.com\\\/\",\"logo\":{\"@type\":\"ImageObject\",\"inLanguage\":\"da-DK\",\"@id\":\"https:\\\/\\\/www.res-dhc.com\\\/#\\\/schema\\\/logo\\\/image\\\/\",\"url\":\"https:\\\/\\\/www.res-dhc.com\\\/wp-content\\\/uploads\\\/2022\\\/01\\\/RES-DHC_Logo_Form-1.png\",\"contentUrl\":\"https:\\\/\\\/www.res-dhc.com\\\/wp-content\\\/uploads\\\/2022\\\/01\\\/RES-DHC_Logo_Form-1.png\",\"width\":200,\"height\":57,\"caption\":\"RES-DHC\"},\"image\":{\"@id\":\"https:\\\/\\\/www.res-dhc.com\\\/#\\\/schema\\\/logo\\\/image\\\/\"},\"sameAs\":[\"https:\\\/\\\/x.com\\\/DhcRes\",\"https:\\\/\\\/www.linkedin.com\\\/showcase\\\/res-dhc-project\\\/\"]}]}<\/script>\n<!-- \/ Yoast SEO plugin. -->","yoast_head_json":{"title":"Tekniske l\u00f8sninger - RES-DHC","robots":{"index":"index","follow":"follow","max-snippet":"max-snippet:-1","max-image-preview":"max-image-preview:large","max-video-preview":"max-video-preview:-1"},"canonical":"https:\/\/www.res-dhc.com\/da\/om-res-dhc\/tekniske-loesninger\/","og_locale":"da_DK","og_type":"article","og_title":"Tekniske l\u00f8sninger - RES-DHC","og_url":"https:\/\/www.res-dhc.com\/da\/om-res-dhc\/tekniske-loesninger\/","og_site_name":"RES-DHC","article_modified_time":"2023-12-20T09:43:32+00:00","og_image":[{"url":"https:\/\/www.res-dhc.com\/wp-content\/uploads\/2021\/02\/Biomasse.jpg","type":"","width":"","height":""}],"twitter_card":"summary_large_image","twitter_site":"@DhcRes","twitter_misc":{"Estimeret l\u00e6setid":"5 minutter"},"schema":{"@context":"https:\/\/schema.org","@graph":[{"@type":"WebPage","@id":"https:\/\/www.res-dhc.com\/da\/om-res-dhc\/tekniske-loesninger\/","url":"https:\/\/www.res-dhc.com\/da\/om-res-dhc\/tekniske-loesninger\/","name":"Tekniske l\u00f8sninger - RES-DHC","isPartOf":{"@id":"https:\/\/www.res-dhc.com\/#website"},"primaryImageOfPage":{"@id":"https:\/\/www.res-dhc.com\/da\/om-res-dhc\/tekniske-loesninger\/#primaryimage"},"image":{"@id":"https:\/\/www.res-dhc.com\/da\/om-res-dhc\/tekniske-loesninger\/#primaryimage"},"thumbnailUrl":"https:\/\/www.res-dhc.com\/wp-content\/uploads\/2021\/02\/Biomasse.jpg","datePublished":"2021-02-24T14:41:04+00:00","dateModified":"2023-12-20T09:43:32+00:00","breadcrumb":{"@id":"https:\/\/www.res-dhc.com\/da\/om-res-dhc\/tekniske-loesninger\/#breadcrumb"},"inLanguage":"da-DK","potentialAction":[{"@type":"ReadAction","target":["https:\/\/www.res-dhc.com\/da\/om-res-dhc\/tekniske-loesninger\/"]}]},{"@type":"ImageObject","inLanguage":"da-DK","@id":"https:\/\/www.res-dhc.com\/da\/om-res-dhc\/tekniske-loesninger\/#primaryimage","url":"https:\/\/www.res-dhc.com\/wp-content\/uploads\/2021\/02\/Biomasse.jpg","contentUrl":"https:\/\/www.res-dhc.com\/wp-content\/uploads\/2021\/02\/Biomasse.jpg"},{"@type":"BreadcrumbList","@id":"https:\/\/www.res-dhc.com\/da\/om-res-dhc\/tekniske-loesninger\/#breadcrumb","itemListElement":[{"@type":"ListItem","position":1,"name":"Home","item":"https:\/\/www.res-dhc.com\/da\/"},{"@type":"ListItem","position":2,"name":"Om RES DHC","item":"https:\/\/www.res-dhc.com\/en\/about-res-dhc\/"},{"@type":"ListItem","position":3,"name":"Tekniske l\u00f8sninger"}]},{"@type":"WebSite","@id":"https:\/\/www.res-dhc.com\/#website","url":"https:\/\/www.res-dhc.com\/","name":"RES-DHC","description":"Renewable Energy Sources for District Heating and Cooling","publisher":{"@id":"https:\/\/www.res-dhc.com\/#organization"},"potentialAction":[{"@type":"SearchAction","target":{"@type":"EntryPoint","urlTemplate":"https:\/\/www.res-dhc.com\/?s={search_term_string}"},"query-input":{"@type":"PropertyValueSpecification","valueRequired":true,"valueName":"search_term_string"}}],"inLanguage":"da-DK"},{"@type":"Organization","@id":"https:\/\/www.res-dhc.com\/#organization","name":"RES-DHC","url":"https:\/\/www.res-dhc.com\/","logo":{"@type":"ImageObject","inLanguage":"da-DK","@id":"https:\/\/www.res-dhc.com\/#\/schema\/logo\/image\/","url":"https:\/\/www.res-dhc.com\/wp-content\/uploads\/2022\/01\/RES-DHC_Logo_Form-1.png","contentUrl":"https:\/\/www.res-dhc.com\/wp-content\/uploads\/2022\/01\/RES-DHC_Logo_Form-1.png","width":200,"height":57,"caption":"RES-DHC"},"image":{"@id":"https:\/\/www.res-dhc.com\/#\/schema\/logo\/image\/"},"sameAs":["https:\/\/x.com\/DhcRes","https:\/\/www.linkedin.com\/showcase\/res-dhc-project\/"]}]}},"_links":{"self":[{"href":"https:\/\/www.res-dhc.com\/da\/wp-json\/wp\/v2\/pages\/1867","targetHints":{"allow":["GET"]}}],"collection":[{"href":"https:\/\/www.res-dhc.com\/da\/wp-json\/wp\/v2\/pages"}],"about":[{"href":"https:\/\/www.res-dhc.com\/da\/wp-json\/wp\/v2\/types\/page"}],"author":[{"embeddable":true,"href":"https:\/\/www.res-dhc.com\/da\/wp-json\/wp\/v2\/users\/1"}],"replies":[{"embeddable":true,"href":"https:\/\/www.res-dhc.com\/da\/wp-json\/wp\/v2\/comments?post=1867"}],"version-history":[{"count":9,"href":"https:\/\/www.res-dhc.com\/da\/wp-json\/wp\/v2\/pages\/1867\/revisions"}],"predecessor-version":[{"id":2134,"href":"https:\/\/www.res-dhc.com\/da\/wp-json\/wp\/v2\/pages\/1867\/revisions\/2134"}],"up":[{"embeddable":true,"href":"https:\/\/www.res-dhc.com\/da\/wp-json\/wp\/v2\/pages\/1827"}],"wp:attachment":[{"href":"https:\/\/www.res-dhc.com\/da\/wp-json\/wp\/v2\/media?parent=1867"}],"curies":[{"name":"wp","href":"https:\/\/api.w.org\/{rel}","templated":true}]}}