{"id":6388,"date":"2023-12-20T14:38:16","date_gmt":"2023-12-20T13:38:16","guid":{"rendered":"https:\/\/www.res-dhc.com\/wissensdatenbank\/praxisbeispiele\/praxisbeispiel-graz\/"},"modified":"2023-12-20T14:38:17","modified_gmt":"2023-12-20T13:38:17","slug":"praxisbeispiel-graz","status":"publish","type":"page","link":"https:\/\/www.res-dhc.com\/at\/wissensdatenbank\/praxisbeispiele\/praxisbeispiel-graz\/","title":{"rendered":"Praxisbeispiel-Graz"},"content":{"rendered":"<p><div class=\"fusion-fullwidth fullwidth-box fusion-builder-row-1 fusion-flex-container has-pattern-background has-mask-background nonhundred-percent-fullwidth non-hundred-percent-height-scrolling\" style=\"--awb-border-radius-top-left:0px;--awb-border-radius-top-right:0px;--awb-border-radius-bottom-right:0px;--awb-border-radius-bottom-left:0px;--awb-flex-wrap:wrap;\" ><div class=\"fusion-builder-row fusion-row fusion-flex-align-items-flex-start fusion-flex-content-wrap\" style=\"max-width:1216.8px;margin-left: calc(-4% \/ 2 );margin-right: calc(-4% \/ 2 );\"><div class=\"fusion-layout-column fusion_builder_column fusion-builder-column-0 fusion_builder_column_1_1 1_1 fusion-flex-column\" style=\"--awb-bg-size:cover;--awb-width-large:100%;--awb-margin-top-large:0px;--awb-spacing-right-large:1.92%;--awb-margin-bottom-large:20px;--awb-spacing-left-large:1.92%;--awb-width-medium:100%;--awb-order-medium:0;--awb-spacing-right-medium:1.92%;--awb-spacing-left-medium:1.92%;--awb-width-small:100%;--awb-order-small:0;--awb-spacing-right-small:1.92%;--awb-spacing-left-small:1.92%;\"><div class=\"fusion-column-wrapper fusion-column-has-shadow fusion-flex-justify-content-flex-start fusion-content-layout-column\"><div class=\"fusion-text fusion-text-1\"><h3>Versorgerorientierter Ansatz<\/h3>\n<h4><strong>Graz, \u00d6sterreich: W\u00e4rmeversorgung 2020-2030<\/strong><\/h4>\n<p><strong>Die \u00f6sterreichische Stadt Graz <\/strong>hat ca. 331.000 Einwohner und ca. 50% der Haushalte sind an ein W\u00e4rmenetz angeschlossen. Nach einer Roadmap der <em>Arbeitsgruppe W\u00e4rmeversorgung 2020\/2030<\/em> sollen 2028 bereits 50% der Fernw\u00e4rme aus erneuerbaren Quellen bereitgestellt werden. 2018 betrug der Anteil 23%. Diverse EE-Projekte im Bereich der Abw\u00e4rmenutzung und Solarthermie wurden bereits umgesetzt, sodass Graz bereits jetzt sowohl organisatorisch als auch technisch als Beispiel f\u00fcr eine erfolgreiche kommunale W\u00e4rmewende herangezogen werden kann. Mit einer zielgerichteten Strategie und vielf\u00e4ltigen Ma\u00dfnahmen zur Dekarbonisierung der Fernw\u00e4rme arbeiten Stadt, W\u00e4rmeversorger und Einwohner kooperativ zusammen.<\/p>\n<\/div><\/div><\/div><\/div><\/div><div class=\"fusion-fullwidth fullwidth-box fusion-builder-row-2 fusion-flex-container has-pattern-background has-mask-background nonhundred-percent-fullwidth non-hundred-percent-height-scrolling\" style=\"--awb-border-radius-top-left:0px;--awb-border-radius-top-right:0px;--awb-border-radius-bottom-right:0px;--awb-border-radius-bottom-left:0px;--awb-flex-wrap:wrap;\" ><div class=\"fusion-builder-row fusion-row fusion-flex-align-items-flex-start fusion-flex-content-wrap\" style=\"max-width:1216.8px;margin-left: calc(-4% \/ 2 );margin-right: calc(-4% \/ 2 );\"><div class=\"fusion-layout-column fusion_builder_column fusion-builder-column-1 fusion_builder_column_1_1 1_1 fusion-flex-column\" style=\"--awb-bg-size:cover;--awb-width-large:100%;--awb-margin-top-large:0px;--awb-spacing-right-large:1.92%;--awb-margin-bottom-large:20px;--awb-spacing-left-large:1.92%;--awb-width-medium:100%;--awb-order-medium:0;--awb-spacing-right-medium:1.92%;--awb-spacing-left-medium:1.92%;--awb-width-small:100%;--awb-order-small:0;--awb-spacing-right-small:1.92%;--awb-spacing-left-small:1.92%;\"><div class=\"fusion-column-wrapper fusion-column-has-shadow fusion-flex-justify-content-flex-start fusion-content-layout-column\"><div class=\"fusion-image-element \" style=\"--awb-caption-title-font-family:var(--h2_typography-font-family);--awb-caption-title-font-weight:var(--h2_typography-font-weight);--awb-caption-title-font-style:var(--h2_typography-font-style);--awb-caption-title-size:var(--h2_typography-font-size);--awb-caption-title-transform:var(--h2_typography-text-transform);--awb-caption-title-line-height:var(--h2_typography-line-height);--awb-caption-title-letter-spacing:var(--h2_typography-letter-spacing);\"><span class=\" fusion-imageframe imageframe-none imageframe-1 hover-type-none\"><img decoding=\"async\" width=\"2560\" height=\"1276\" title=\"DCIM100MEDIADJI_0053.JPG\" src=\"https:\/\/www.res-dhc.com\/wp-content\/uploads\/2023\/04\/Helios-Gesamtansicht_Fotocredit-Energie-Graz-scaled-e1681221813886.jpg\" alt class=\"img-responsive wp-image-5640\"\/><\/span><\/div><\/div><\/div><\/div><\/div><div class=\"fusion-fullwidth fullwidth-box fusion-builder-row-3 fusion-flex-container has-pattern-background has-mask-background nonhundred-percent-fullwidth non-hundred-percent-height-scrolling\" style=\"--awb-border-radius-top-left:0px;--awb-border-radius-top-right:0px;--awb-border-radius-bottom-right:0px;--awb-border-radius-bottom-left:0px;--awb-flex-wrap:wrap;\" ><div class=\"fusion-builder-row fusion-row fusion-flex-align-items-flex-start fusion-flex-content-wrap\" style=\"max-width:1216.8px;margin-left: calc(-4% \/ 2 );margin-right: calc(-4% \/ 2 );\"><div class=\"fusion-layout-column fusion_builder_column fusion-builder-column-2 fusion_builder_column_1_1 1_1 fusion-flex-column\" style=\"--awb-bg-size:cover;--awb-width-large:100%;--awb-margin-top-large:0px;--awb-spacing-right-large:1.92%;--awb-margin-bottom-large:20px;--awb-spacing-left-large:1.92%;--awb-width-medium:100%;--awb-order-medium:0;--awb-spacing-right-medium:1.92%;--awb-spacing-left-medium:1.92%;--awb-width-small:100%;--awb-order-small:0;--awb-spacing-right-small:1.92%;--awb-spacing-left-small:1.92%;\"><div class=\"fusion-column-wrapper fusion-column-has-shadow fusion-flex-justify-content-flex-start fusion-content-layout-column\"><div class=\"fusion-separator fusion-full-width-sep\" style=\"align-self: center;margin-left: auto;margin-right: auto;margin-top:10px;margin-bottom:10px;width:100%;\"><\/div><div class=\"fusion-text fusion-text-2\"><p><strong>Eckdaten Fernw\u00e4rmeversorgung und Klimaschutzma\u00dfnahmen Graz:<\/strong><\/p>\n<\/div>\n<div class=\"table-1\">\n<table width=\"100%\">\n<tbody>\n<tr>\n<td align=\"left\"><strong>Status der Fernw\u00e4rmeversorgung (2018)<\/strong><\/td>\n<td align=\"left\">\n<ul>\n<li>Trassenl\u00e4nge: ca. 412 km<\/li>\n<li>Einspeisemenge: 1100 GWh\/a<\/li>\n<li>Fernw\u00e4rme-Einspeiseleistung: 450 MWth<\/li>\n<li>Anteil RES: 23%<\/li>\n<li>Angeschlossene Haushalte: ca. 71.000<\/li>\n<\/ul>\n<\/td>\n<\/tr>\n<tr>\n<td align=\"left\"><strong>Erneuerbare Energiequellen<\/strong><\/td>\n<td align=\"left\">\n<ul>\n<li>Solarthermieanlagen, z. B. FW-Zentrale Graz, 8.213 m<span style=\"vertical-align: super;\">2<\/span>, 5,7 MW Spitzenlast<\/li>\n<li>Abw\u00e4rmenutzung z. B. Papierfabrik Sappi, 35 MW<\/li>\n<li>10 MW Power-to-Heat Anlage<\/li>\n<\/ul>\n<\/td>\n<\/tr>\n<tr>\n<td align=\"left\"><strong>Strategie<\/strong><\/td>\n<td align=\"left\">\n<ul>\n<li>Roadmap der Arbeitsgruppe <span style=\"font-style: italic;\">W\u00e4rmeversorgung 2020\/2030<\/span><\/li>\n<li>Kernarbeitsteam <span style=\"font-style: italic;\">W\u00e4rmeversorgung Graz 2020\/2030<\/span> unter Leitung des Umweltamts der Stadt Graz<\/li>\n<li>Einbeziehung diverser Interessenvertreter durch <span style=\"font-style: italic;\">\u201cCalls for Contribution\u201d<\/span><\/li>\n<li>Ziele: 50 % erneuerbare Energien bis 2028, bis 2050 100 %<\/li>\n<\/ul>\n<\/td>\n<\/tr>\n<tr>\n<td align=\"left\"><strong>Geplante Ma\u00dfnahmen<\/strong><\/td>\n<td align=\"left\">\n<ul>\n<li>Planung und Umsetzung diverser EE Konzepte nach \u201c<span style=\"font-style: italic;\">W\u00e4rmeversorgung Graz 2020\/2030; W\u00e4rmebereitstellung f\u00fcr die fernw\u00e4rmeversorgten Objekte im Gro\u00dfraum Graz, Statusbericht 2019<\/span>\u201d<\/li>\n<\/ul>\n<\/td>\n<\/tr>\n<tr>\n<td align=\"left\"><strong>Mehr Informationen<\/strong><\/td>\n<td align=\"left\">\n<ul>\n<li><a href=\"https:\/\/www.umwelt.graz.at\/cms\/beitrag\/10084666\/7301688\/\" target=\"_blank\" rel=\"noopener\">Statusbericht 2022<\/a><\/li>\n<li>RES-DHC Baseline Survey<\/li>\n<\/ul>\n<\/td>\n<\/tr>\n<\/tbody>\n<\/table>\n<\/div>\n<div class=\"fusion-separator fusion-full-width-sep\" style=\"align-self: center;margin-left: auto;margin-right: auto;margin-top:10px;margin-bottom:10px;width:100%;\"><\/div><div class=\"fusion-text fusion-text-3\"><\/div><div class=\"fusion-text fusion-text-4\"><p>Quelle Text: <a href=\"https:\/\/www.umwelt.graz.at\/cms\/beitrag\/10084666\/7301688\/\" target=\"_blank\" rel=\"noopener\">Arbeitsgruppe W\u00e4rmeversorgung Graz 2030\/2040<\/a><br \/>\nQuelle Grafik: <a href=\"https:\/\/www.energie-graz.at\/\" target=\"_blank\" rel=\"noopener\">Energie Graz GmbH<\/a><\/p>\n<\/div><div class=\"fusion-separator fusion-full-width-sep\" style=\"align-self: center;margin-left: auto;margin-right: auto;margin-top:10px;margin-bottom:10px;width:100%;\"><\/div><div style=\"text-align:center;\"><a class=\"fusion-button button-flat fusion-button-default-size button-custom fusion-button-default button-1 fusion-button-default-span fusion-button-default-type\" style=\"--button_accent_color:#ffffff;--button_accent_hover_color:#ffffff;--button_border_hover_color:#ffffff;--button_gradient_top_color:#f9bf0d;--button_gradient_bottom_color:#f9bf0d;--button_gradient_top_color_hover:#7bb1d7;--button_gradient_bottom_color_hover:#7bb1d7;--button_margin-top:10px;--button_margin-bottom:20px;\" target=\"_self\" href=\"https:\/\/www.res-dhc.com\/at\/wissensdatenbank\/praxisbeispiele\/\"><span class=\"fusion-button-text awb-button__text awb-button__text--default\">weitere praxisbeispiele<\/span><\/a><\/div><\/div><\/div><\/div><\/div><\/p>\n","protected":false},"excerpt":{"rendered":"","protected":false},"author":20,"featured_media":0,"parent":6376,"menu_order":0,"comment_status":"closed","ping_status":"closed","template":"","meta":{"footnotes":""},"class_list":["post-6388","page","type-page","status-publish","hentry"],"yoast_head":"<!-- This site is optimized with the Yoast SEO plugin v27.3 - https:\/\/yoast.com\/product\/yoast-seo-wordpress\/ -->\n<title>Erfolgreiche W\u00e4rmeversorgung mit erneuerbaren Energien in Graz - RES-DHC<\/title>\n<meta name=\"description\" content=\"Erfahren Sie, wie Graz zur Dekarbonisierung der Fernw\u00e4rme bis 2030 eine erfolgreiche W\u00e4rmeversorgung mit erneuerbaren Energien anstrebt.\" \/>\n<meta name=\"robots\" content=\"index, follow, max-snippet:-1, max-image-preview:large, max-video-preview:-1\" \/>\n<link rel=\"canonical\" href=\"https:\/\/www.res-dhc.com\/at\/wissensdatenbank\/praxisbeispiele\/praxisbeispiel-graz\/\" \/>\n<meta property=\"og:locale\" content=\"en_US\" \/>\n<meta property=\"og:type\" content=\"article\" \/>\n<meta property=\"og:title\" content=\"Erfolgreiche W\u00e4rmeversorgung mit erneuerbaren Energien in Graz - RES-DHC\" \/>\n<meta property=\"og:description\" content=\"Erfahren Sie, wie Graz zur Dekarbonisierung der Fernw\u00e4rme bis 2030 eine erfolgreiche W\u00e4rmeversorgung mit erneuerbaren Energien anstrebt.\" \/>\n<meta property=\"og:url\" content=\"https:\/\/www.res-dhc.com\/at\/wissensdatenbank\/praxisbeispiele\/praxisbeispiel-graz\/\" \/>\n<meta property=\"og:site_name\" content=\"RES-DHC\" \/>\n<meta property=\"article:modified_time\" content=\"2023-12-20T13:38:17+00:00\" \/>\n<meta name=\"twitter:card\" content=\"summary_large_image\" \/>\n<meta name=\"twitter:site\" content=\"@DhcRes\" \/>\n<meta name=\"twitter:label1\" content=\"Est. reading time\" \/>\n\t<meta name=\"twitter:data1\" content=\"18 minutes\" \/>\n<script type=\"application\/ld+json\" class=\"yoast-schema-graph\">{\"@context\":\"https:\\\/\\\/schema.org\",\"@graph\":[{\"@type\":\"WebPage\",\"@id\":\"https:\\\/\\\/www.res-dhc.com\\\/at\\\/wissensdatenbank\\\/praxisbeispiele\\\/praxisbeispiel-graz\\\/\",\"url\":\"https:\\\/\\\/www.res-dhc.com\\\/at\\\/wissensdatenbank\\\/praxisbeispiele\\\/praxisbeispiel-graz\\\/\",\"name\":\"Erfolgreiche W\u00e4rmeversorgung mit erneuerbaren Energien in Graz - RES-DHC\",\"isPartOf\":{\"@id\":\"https:\\\/\\\/www.res-dhc.com\\\/#website\"},\"datePublished\":\"2023-12-20T13:38:16+00:00\",\"dateModified\":\"2023-12-20T13:38:17+00:00\",\"description\":\"Erfahren Sie, wie Graz zur Dekarbonisierung der Fernw\u00e4rme bis 2030 eine erfolgreiche W\u00e4rmeversorgung mit erneuerbaren Energien anstrebt.\",\"breadcrumb\":{\"@id\":\"https:\\\/\\\/www.res-dhc.com\\\/at\\\/wissensdatenbank\\\/praxisbeispiele\\\/praxisbeispiel-graz\\\/#breadcrumb\"},\"inLanguage\":\"at-AT\",\"potentialAction\":[{\"@type\":\"ReadAction\",\"target\":[\"https:\\\/\\\/www.res-dhc.com\\\/at\\\/wissensdatenbank\\\/praxisbeispiele\\\/praxisbeispiel-graz\\\/\"]}]},{\"@type\":\"BreadcrumbList\",\"@id\":\"https:\\\/\\\/www.res-dhc.com\\\/at\\\/wissensdatenbank\\\/praxisbeispiele\\\/praxisbeispiel-graz\\\/#breadcrumb\",\"itemListElement\":[{\"@type\":\"ListItem\",\"position\":1,\"name\":\"Home\",\"item\":\"https:\\\/\\\/www.res-dhc.com\\\/at\\\/\"},{\"@type\":\"ListItem\",\"position\":2,\"name\":\"Wissensdatenbank\",\"item\":\"https:\\\/\\\/www.res-dhc.com\\\/en\\\/know-how\\\/\"},{\"@type\":\"ListItem\",\"position\":3,\"name\":\"Praxisbeispiele\",\"item\":\"https:\\\/\\\/www.res-dhc.com\\\/at\\\/wissensdatenbank\\\/praxisbeispiele\\\/\"},{\"@type\":\"ListItem\",\"position\":4,\"name\":\"Praxisbeispiel-Graz\"}]},{\"@type\":\"WebSite\",\"@id\":\"https:\\\/\\\/www.res-dhc.com\\\/#website\",\"url\":\"https:\\\/\\\/www.res-dhc.com\\\/\",\"name\":\"RES-DHC\",\"description\":\"Renewable Energy Sources for District Heating and Cooling\",\"publisher\":{\"@id\":\"https:\\\/\\\/www.res-dhc.com\\\/#organization\"},\"potentialAction\":[{\"@type\":\"SearchAction\",\"target\":{\"@type\":\"EntryPoint\",\"urlTemplate\":\"https:\\\/\\\/www.res-dhc.com\\\/?s={search_term_string}\"},\"query-input\":{\"@type\":\"PropertyValueSpecification\",\"valueRequired\":true,\"valueName\":\"search_term_string\"}}],\"inLanguage\":\"at-AT\"},{\"@type\":\"Organization\",\"@id\":\"https:\\\/\\\/www.res-dhc.com\\\/#organization\",\"name\":\"RES-DHC\",\"url\":\"https:\\\/\\\/www.res-dhc.com\\\/\",\"logo\":{\"@type\":\"ImageObject\",\"inLanguage\":\"at-AT\",\"@id\":\"https:\\\/\\\/www.res-dhc.com\\\/#\\\/schema\\\/logo\\\/image\\\/\",\"url\":\"https:\\\/\\\/www.res-dhc.com\\\/wp-content\\\/uploads\\\/2022\\\/01\\\/RES-DHC_Logo_Form-1.png\",\"contentUrl\":\"https:\\\/\\\/www.res-dhc.com\\\/wp-content\\\/uploads\\\/2022\\\/01\\\/RES-DHC_Logo_Form-1.png\",\"width\":200,\"height\":57,\"caption\":\"RES-DHC\"},\"image\":{\"@id\":\"https:\\\/\\\/www.res-dhc.com\\\/#\\\/schema\\\/logo\\\/image\\\/\"},\"sameAs\":[\"https:\\\/\\\/x.com\\\/DhcRes\",\"https:\\\/\\\/www.linkedin.com\\\/showcase\\\/res-dhc-project\\\/\"]}]}<\/script>\n<!-- \/ Yoast SEO plugin. -->","yoast_head_json":{"title":"Erfolgreiche W\u00e4rmeversorgung mit erneuerbaren Energien in Graz - RES-DHC","description":"Erfahren Sie, wie Graz zur Dekarbonisierung der Fernw\u00e4rme bis 2030 eine erfolgreiche W\u00e4rmeversorgung mit erneuerbaren Energien anstrebt.","robots":{"index":"index","follow":"follow","max-snippet":"max-snippet:-1","max-image-preview":"max-image-preview:large","max-video-preview":"max-video-preview:-1"},"canonical":"https:\/\/www.res-dhc.com\/at\/wissensdatenbank\/praxisbeispiele\/praxisbeispiel-graz\/","og_locale":"en_US","og_type":"article","og_title":"Erfolgreiche W\u00e4rmeversorgung mit erneuerbaren Energien in Graz - RES-DHC","og_description":"Erfahren Sie, wie Graz zur Dekarbonisierung der Fernw\u00e4rme bis 2030 eine erfolgreiche W\u00e4rmeversorgung mit erneuerbaren Energien anstrebt.","og_url":"https:\/\/www.res-dhc.com\/at\/wissensdatenbank\/praxisbeispiele\/praxisbeispiel-graz\/","og_site_name":"RES-DHC","article_modified_time":"2023-12-20T13:38:17+00:00","twitter_card":"summary_large_image","twitter_site":"@DhcRes","twitter_misc":{"Est. reading time":"18 minutes"},"schema":{"@context":"https:\/\/schema.org","@graph":[{"@type":"WebPage","@id":"https:\/\/www.res-dhc.com\/at\/wissensdatenbank\/praxisbeispiele\/praxisbeispiel-graz\/","url":"https:\/\/www.res-dhc.com\/at\/wissensdatenbank\/praxisbeispiele\/praxisbeispiel-graz\/","name":"Erfolgreiche W\u00e4rmeversorgung mit erneuerbaren Energien in Graz - RES-DHC","isPartOf":{"@id":"https:\/\/www.res-dhc.com\/#website"},"datePublished":"2023-12-20T13:38:16+00:00","dateModified":"2023-12-20T13:38:17+00:00","description":"Erfahren Sie, wie Graz zur Dekarbonisierung der Fernw\u00e4rme bis 2030 eine erfolgreiche W\u00e4rmeversorgung mit erneuerbaren Energien anstrebt.","breadcrumb":{"@id":"https:\/\/www.res-dhc.com\/at\/wissensdatenbank\/praxisbeispiele\/praxisbeispiel-graz\/#breadcrumb"},"inLanguage":"at-AT","potentialAction":[{"@type":"ReadAction","target":["https:\/\/www.res-dhc.com\/at\/wissensdatenbank\/praxisbeispiele\/praxisbeispiel-graz\/"]}]},{"@type":"BreadcrumbList","@id":"https:\/\/www.res-dhc.com\/at\/wissensdatenbank\/praxisbeispiele\/praxisbeispiel-graz\/#breadcrumb","itemListElement":[{"@type":"ListItem","position":1,"name":"Home","item":"https:\/\/www.res-dhc.com\/at\/"},{"@type":"ListItem","position":2,"name":"Wissensdatenbank","item":"https:\/\/www.res-dhc.com\/en\/know-how\/"},{"@type":"ListItem","position":3,"name":"Praxisbeispiele","item":"https:\/\/www.res-dhc.com\/at\/wissensdatenbank\/praxisbeispiele\/"},{"@type":"ListItem","position":4,"name":"Praxisbeispiel-Graz"}]},{"@type":"WebSite","@id":"https:\/\/www.res-dhc.com\/#website","url":"https:\/\/www.res-dhc.com\/","name":"RES-DHC","description":"Renewable Energy Sources for District Heating and Cooling","publisher":{"@id":"https:\/\/www.res-dhc.com\/#organization"},"potentialAction":[{"@type":"SearchAction","target":{"@type":"EntryPoint","urlTemplate":"https:\/\/www.res-dhc.com\/?s={search_term_string}"},"query-input":{"@type":"PropertyValueSpecification","valueRequired":true,"valueName":"search_term_string"}}],"inLanguage":"at-AT"},{"@type":"Organization","@id":"https:\/\/www.res-dhc.com\/#organization","name":"RES-DHC","url":"https:\/\/www.res-dhc.com\/","logo":{"@type":"ImageObject","inLanguage":"at-AT","@id":"https:\/\/www.res-dhc.com\/#\/schema\/logo\/image\/","url":"https:\/\/www.res-dhc.com\/wp-content\/uploads\/2022\/01\/RES-DHC_Logo_Form-1.png","contentUrl":"https:\/\/www.res-dhc.com\/wp-content\/uploads\/2022\/01\/RES-DHC_Logo_Form-1.png","width":200,"height":57,"caption":"RES-DHC"},"image":{"@id":"https:\/\/www.res-dhc.com\/#\/schema\/logo\/image\/"},"sameAs":["https:\/\/x.com\/DhcRes","https:\/\/www.linkedin.com\/showcase\/res-dhc-project\/"]}]}},"_links":{"self":[{"href":"https:\/\/www.res-dhc.com\/at\/wp-json\/wp\/v2\/pages\/6388","targetHints":{"allow":["GET"]}}],"collection":[{"href":"https:\/\/www.res-dhc.com\/at\/wp-json\/wp\/v2\/pages"}],"about":[{"href":"https:\/\/www.res-dhc.com\/at\/wp-json\/wp\/v2\/types\/page"}],"author":[{"embeddable":true,"href":"https:\/\/www.res-dhc.com\/at\/wp-json\/wp\/v2\/users\/20"}],"replies":[{"embeddable":true,"href":"https:\/\/www.res-dhc.com\/at\/wp-json\/wp\/v2\/comments?post=6388"}],"version-history":[{"count":3,"href":"https:\/\/www.res-dhc.com\/at\/wp-json\/wp\/v2\/pages\/6388\/revisions"}],"predecessor-version":[{"id":6391,"href":"https:\/\/www.res-dhc.com\/at\/wp-json\/wp\/v2\/pages\/6388\/revisions\/6391"}],"up":[{"embeddable":true,"href":"https:\/\/www.res-dhc.com\/at\/wp-json\/wp\/v2\/pages\/6376"}],"wp:attachment":[{"href":"https:\/\/www.res-dhc.com\/at\/wp-json\/wp\/v2\/media?parent=6388"}],"curies":[{"name":"wp","href":"https:\/\/api.w.org\/{rel}","templated":true}]}}