{"id":6376,"date":"2023-12-20T14:36:09","date_gmt":"2023-12-20T13:36:09","guid":{"rendered":"https:\/\/www.res-dhc.com\/wissensdatenbank\/praxisbeispiele\/"},"modified":"2023-12-20T14:36:12","modified_gmt":"2023-12-20T13:36:12","slug":"praxisbeispiele","status":"publish","type":"page","link":"https:\/\/www.res-dhc.com\/at\/wissensdatenbank\/praxisbeispiele\/","title":{"rendered":"Praxisbeispiele"},"content":{"rendered":"<p><div class=\"fusion-fullwidth fullwidth-box fusion-builder-row-1 fusion-flex-container nonhundred-percent-fullwidth non-hundred-percent-height-scrolling\" style=\"--awb-border-radius-top-left:0px;--awb-border-radius-top-right:0px;--awb-border-radius-bottom-right:0px;--awb-border-radius-bottom-left:0px;--awb-flex-wrap:wrap;\" ><div class=\"fusion-builder-row fusion-row fusion-flex-align-items-flex-start fusion-flex-content-wrap\" style=\"max-width:1216.8px;margin-left: calc(-4% \/ 2 );margin-right: calc(-4% \/ 2 );\"><div class=\"fusion-layout-column fusion_builder_column fusion-builder-column-0 fusion_builder_column_1_1 1_1 fusion-flex-column\" style=\"--awb-bg-size:cover;--awb-width-large:100%;--awb-margin-top-large:0px;--awb-spacing-right-large:1.92%;--awb-margin-bottom-large:20px;--awb-spacing-left-large:1.92%;--awb-width-medium:100%;--awb-order-medium:0;--awb-spacing-right-medium:1.92%;--awb-spacing-left-medium:1.92%;--awb-width-small:100%;--awb-order-small:0;--awb-spacing-right-small:1.92%;--awb-spacing-left-small:1.92%;\"><div class=\"fusion-column-wrapper fusion-column-has-shadow fusion-flex-justify-content-flex-start fusion-content-layout-column\"><div class=\"fusion-text fusion-text-1\" style=\"--awb-text-transform:none;\"><h3>Praxisbeispiele f\u00fcr W\u00e4rme- und K\u00e4ltenetze:<\/h3>\n<p>Erfahren Sie ausgew\u00e4hlte Praxisbeispiele f\u00fcr die Umsetzung von W\u00e4rme- und K\u00e4ltenetzen in St\u00e4dten. Entdecken Sie erfolgreiche Ans\u00e4tze und regulatorische Rahmenbedingungen f\u00fcr die Energiewende.<\/p>\n<\/div><\/div><\/div><div class=\"fusion-layout-column fusion_builder_column fusion-builder-column-1 fusion_builder_column_1_2 1_2 fusion-flex-column\" style=\"--awb-padding-top:10px;--awb-padding-right:10px;--awb-padding-bottom:20px;--awb-padding-left:10px;--awb-bg-color:#dddddd;--awb-bg-color-hover:#dddddd;--awb-bg-size:cover;--awb-border-color:#dddddd;--awb-border-top:1px;--awb-border-right:1px;--awb-border-bottom:1px;--awb-border-left:1px;--awb-border-style:solid;--awb-width-large:50%;--awb-margin-top-large:0px;--awb-spacing-right-large:3.84%;--awb-margin-bottom-large:20px;--awb-spacing-left-large:3.84%;--awb-width-medium:100%;--awb-order-medium:0;--awb-spacing-right-medium:1.92%;--awb-spacing-left-medium:1.92%;--awb-width-small:100%;--awb-order-small:0;--awb-spacing-right-small:1.92%;--awb-spacing-left-small:1.92%;\"><div class=\"fusion-column-wrapper fusion-column-has-shadow fusion-flex-justify-content-flex-start fusion-content-layout-column\"><div class=\"fusion-image-element \" style=\"--awb-caption-title-font-family:var(--h2_typography-font-family);--awb-caption-title-font-weight:var(--h2_typography-font-weight);--awb-caption-title-font-style:var(--h2_typography-font-style);--awb-caption-title-size:var(--h2_typography-font-size);--awb-caption-title-transform:var(--h2_typography-text-transform);--awb-caption-title-line-height:var(--h2_typography-line-height);--awb-caption-title-letter-spacing:var(--h2_typography-letter-spacing);\"><span class=\" fusion-imageframe imageframe-none imageframe-1 hover-type-none\"><a class=\"fusion-no-lightbox\" href=\"https:\/\/www.res-dhc.com\/de\/wissensdatenbank\/praxisbeispiele-fuer-waerme-und-kaeltenetze\/fernwaerme-und-klimaschutz-in-tuebingen\/\" target=\"_self\" aria-label=\"SWT_1400x600\"><img decoding=\"async\" width=\"1400\" height=\"600\" alt=\"Fernw\u00e4rmenetzkarte T\u00fcbingen f\u00fcr den kommunalen W\u00e4rmeplan\" src=\"https:\/\/www.res-dhc.com\/wp-content\/uploads\/2023\/04\/SWT_1400x600-1.jpg\" class=\"img-responsive wp-image-5585\" srcset=\"https:\/\/www.res-dhc.com\/wp-content\/uploads\/2023\/04\/SWT_1400x600-1-200x86.jpg 200w, https:\/\/www.res-dhc.com\/wp-content\/uploads\/2023\/04\/SWT_1400x600-1-400x171.jpg 400w, https:\/\/www.res-dhc.com\/wp-content\/uploads\/2023\/04\/SWT_1400x600-1-600x257.jpg 600w, https:\/\/www.res-dhc.com\/wp-content\/uploads\/2023\/04\/SWT_1400x600-1-800x343.jpg 800w, https:\/\/www.res-dhc.com\/wp-content\/uploads\/2023\/04\/SWT_1400x600-1-1200x514.jpg 1200w, https:\/\/www.res-dhc.com\/wp-content\/uploads\/2023\/04\/SWT_1400x600-1.jpg 1400w\" sizes=\"(max-width: 800px) 100vw, (max-width: 640px) 100vw, 600px\" \/><\/a><\/span><\/div><div class=\"fusion-text fusion-text-2\" style=\"--awb-text-transform:none;--awb-margin-top:20px;\"><h3>Urbane W\u00e4rmewende<\/h3>\n<h4>T\u00fcbingen, Deutschland: St\u00e4dtisches Klimaschutzprogramm 2020-2030<\/h4>\n<\/div><div style=\"text-align:center;\"><a class=\"fusion-button button-flat fusion-button-default-size button-custom fusion-button-default button-1 fusion-button-default-span fusion-button-default-type\" style=\"--button_accent_color:#ffffff;--button_accent_hover_color:#ffffff;--button_border_hover_color:#ffffff;--button_gradient_top_color:#f9bf0d;--button_gradient_bottom_color:#f9bf0d;--button_gradient_top_color_hover:#7bb1d7;--button_gradient_bottom_color_hover:#7bb1d7;--button_margin-top:10px;--button_margin-bottom:20px;\" target=\"_self\" href=\"https:\/\/www.res-dhc.com\/de\/wissensdatenbank\/praxisbeispiele-fuer-waerme-und-kaeltenetze\/fernwaerme-und-klimaschutz-in-tuebingen\/\"><span class=\"fusion-button-text awb-button__text awb-button__text--default\">Zum Praxisbeispiel<\/span><\/a><\/div><\/div><\/div><div class=\"fusion-layout-column fusion_builder_column fusion-builder-column-2 fusion_builder_column_1_2 1_2 fusion-flex-column\" style=\"--awb-padding-top:10px;--awb-padding-right:10px;--awb-padding-bottom:20px;--awb-padding-left:10px;--awb-bg-color:#dddddd;--awb-bg-color-hover:#dddddd;--awb-bg-size:cover;--awb-border-color:#dddddd;--awb-border-top:1px;--awb-border-right:1px;--awb-border-bottom:1px;--awb-border-left:1px;--awb-border-style:solid;--awb-width-large:50%;--awb-margin-top-large:0px;--awb-spacing-right-large:3.84%;--awb-margin-bottom-large:20px;--awb-spacing-left-large:3.84%;--awb-width-medium:100%;--awb-order-medium:0;--awb-spacing-right-medium:1.92%;--awb-spacing-left-medium:1.92%;--awb-width-small:100%;--awb-order-small:0;--awb-spacing-right-small:1.92%;--awb-spacing-left-small:1.92%;\"><div class=\"fusion-column-wrapper fusion-column-has-shadow fusion-flex-justify-content-flex-start fusion-content-layout-column\"><div class=\"fusion-image-element \" style=\"--awb-caption-title-font-family:var(--h2_typography-font-family);--awb-caption-title-font-weight:var(--h2_typography-font-weight);--awb-caption-title-font-style:var(--h2_typography-font-style);--awb-caption-title-size:var(--h2_typography-font-size);--awb-caption-title-transform:var(--h2_typography-text-transform);--awb-caption-title-line-height:var(--h2_typography-line-height);--awb-caption-title-letter-spacing:var(--h2_typography-letter-spacing);\"><span class=\" fusion-imageframe imageframe-none imageframe-2 hover-type-none\"><a class=\"fusion-no-lightbox\" href=\"https:\/\/www.res-dhc.com\/de\/wissensdatenbank\/praxisbeispiele-fuer-waerme-und-kaeltenetze\/waermeversorgung-in-graz\/\" target=\"_self\" aria-label=\"DCIM100MEDIADJI_0053.JPG\"><img decoding=\"async\" width=\"2560\" height=\"1276\" src=\"https:\/\/www.res-dhc.com\/wp-content\/uploads\/2023\/04\/Helios-Gesamtansicht_Fotocredit-Energie-Graz-scaled-e1681221813886.jpg\" alt class=\"img-responsive wp-image-5640\"\/><\/a><\/span><\/div><div class=\"fusion-text fusion-text-3\" style=\"--awb-text-transform:none;--awb-margin-top:20px;\"><h3>Versorgerorientierter Ansatz<\/h3>\n<h4>Graz, \u00d6sterreich: W\u00e4rmeversorgung 2020-2030<\/h4>\n<\/div><div style=\"text-align:center;\"><a class=\"fusion-button button-flat fusion-button-default-size button-custom fusion-button-default button-2 fusion-button-default-span fusion-button-default-type\" style=\"--button_accent_color:#ffffff;--button_accent_hover_color:#ffffff;--button_border_hover_color:#ffffff;--button_gradient_top_color:#f9bf0d;--button_gradient_bottom_color:#f9bf0d;--button_gradient_top_color_hover:#7bb1d7;--button_gradient_bottom_color_hover:#7bb1d7;--button_margin-top:10px;--button_margin-bottom:20px;\" target=\"_self\" href=\"https:\/\/www.res-dhc.com\/de\/wissensdatenbank\/praxisbeispiele-fuer-waerme-und-kaeltenetze\/waermeversorgung-in-graz\/\"><span class=\"fusion-button-text awb-button__text awb-button__text--default\">Zum Praxisbeispiel<\/span><\/a><\/div><\/div><\/div><\/div><\/div><div class=\"fusion-fullwidth fullwidth-box fusion-builder-row-2 fusion-flex-container nonhundred-percent-fullwidth non-hundred-percent-height-scrolling\" style=\"--awb-border-radius-top-left:0px;--awb-border-radius-top-right:0px;--awb-border-radius-bottom-right:0px;--awb-border-radius-bottom-left:0px;--awb-flex-wrap:wrap;\" ><div class=\"fusion-builder-row fusion-row fusion-flex-align-items-flex-start fusion-flex-content-wrap\" style=\"max-width:1216.8px;margin-left: calc(-4% \/ 2 );margin-right: calc(-4% \/ 2 );\"><div class=\"fusion-layout-column fusion_builder_column fusion-builder-column-3 fusion_builder_column_1_2 1_2 fusion-flex-column\" style=\"--awb-padding-top:10px;--awb-padding-right:10px;--awb-padding-bottom:20px;--awb-padding-left:10px;--awb-bg-color:#dddddd;--awb-bg-color-hover:#dddddd;--awb-bg-size:cover;--awb-border-color:#dddddd;--awb-border-top:1px;--awb-border-right:1px;--awb-border-bottom:1px;--awb-border-left:1px;--awb-border-style:solid;--awb-width-large:50%;--awb-margin-top-large:0px;--awb-spacing-right-large:3.84%;--awb-margin-bottom-large:20px;--awb-spacing-left-large:3.84%;--awb-width-medium:100%;--awb-order-medium:0;--awb-spacing-right-medium:1.92%;--awb-spacing-left-medium:1.92%;--awb-width-small:100%;--awb-order-small:0;--awb-spacing-right-small:1.92%;--awb-spacing-left-small:1.92%;\"><div class=\"fusion-column-wrapper fusion-column-has-shadow fusion-flex-justify-content-flex-start fusion-content-layout-column\"><div class=\"fusion-image-element \" style=\"--awb-caption-title-font-family:var(--h2_typography-font-family);--awb-caption-title-font-weight:var(--h2_typography-font-weight);--awb-caption-title-font-style:var(--h2_typography-font-style);--awb-caption-title-size:var(--h2_typography-font-size);--awb-caption-title-transform:var(--h2_typography-text-transform);--awb-caption-title-line-height:var(--h2_typography-line-height);--awb-caption-title-letter-spacing:var(--h2_typography-letter-spacing);\"><span class=\" fusion-imageframe imageframe-none imageframe-3 hover-type-none\"><a class=\"fusion-no-lightbox\" href=\"https:\/\/www.res-dhc.com\/de\/wissensdatenbank\/praxisbeispiele-fuer-waerme-und-kaeltenetze\/klimaschutzgesetz-baden-wuerttemberg\/\" target=\"_self\" aria-label=\"Lichtenau_(Baden)_Luftbild\"><img decoding=\"async\" width=\"2560\" height=\"1920\" src=\"https:\/\/www.res-dhc.com\/wp-content\/uploads\/2023\/04\/Lichtenau_Baden_Luftbild-1-scaled-e1681736844392.jpg\" alt class=\"img-responsive wp-image-5683\"\/><\/a><\/span><\/div><div class=\"fusion-text fusion-text-4\" style=\"--awb-text-transform:none;--awb-margin-top:20px;\"><h3>Regulatorische Rahmenbedingungen<\/h3>\n<h4>Baden-W\u00fcrttemberg, Deutschland: Klimaschutzgesetz auf Landesebene<\/h4>\n<\/div><div style=\"text-align:center;\"><a class=\"fusion-button button-flat fusion-button-default-size button-custom fusion-button-default button-3 fusion-button-default-span fusion-button-default-type\" style=\"--button_accent_color:#ffffff;--button_accent_hover_color:#ffffff;--button_border_hover_color:#ffffff;--button_gradient_top_color:#f9bf0d;--button_gradient_bottom_color:#f9bf0d;--button_gradient_top_color_hover:#7bb1d7;--button_gradient_bottom_color_hover:#7bb1d7;--button_margin-top:10px;--button_margin-bottom:20px;\" target=\"_self\" href=\"https:\/\/www.res-dhc.com\/de\/wissensdatenbank\/praxisbeispiele-fuer-waerme-und-kaeltenetze\/klimaschutzgesetz-baden-wuerttemberg\/\"><span class=\"fusion-button-text awb-button__text awb-button__text--default\">Zum Praxisbeispiel<\/span><\/a><\/div><\/div><\/div><\/div><\/div><div class=\"fusion-fullwidth fullwidth-box fusion-builder-row-3 fusion-flex-container has-pattern-background has-mask-background nonhundred-percent-fullwidth non-hundred-percent-height-scrolling\" style=\"--awb-border-radius-top-left:0px;--awb-border-radius-top-right:0px;--awb-border-radius-bottom-right:0px;--awb-border-radius-bottom-left:0px;--awb-flex-wrap:wrap;\" ><div class=\"fusion-builder-row fusion-row fusion-flex-align-items-flex-start fusion-flex-content-wrap\" style=\"max-width:1216.8px;margin-left: calc(-4% \/ 2 );margin-right: calc(-4% \/ 2 );\"><\/div><\/div><\/p>\n","protected":false},"excerpt":{"rendered":"","protected":false},"author":13,"featured_media":0,"parent":2929,"menu_order":0,"comment_status":"closed","ping_status":"closed","template":"","meta":{"footnotes":""},"class_list":["post-6376","page","type-page","status-publish","hentry"],"yoast_head":"<!-- This site is optimized with the Yoast SEO plugin v27.3 - https:\/\/yoast.com\/product\/yoast-seo-wordpress\/ -->\n<title>Praxisbeispiele f\u00fcr W\u00e4rme- und K\u00e4ltenetze - RES-DHC<\/title>\n<meta name=\"description\" content=\"Erfahren Sie erfolgreiche Ans\u00e4tze und regulatorische Rahmenbedingungen f\u00fcr die Energiewende durch Praxisbeispiele f\u00fcr W\u00e4rme- und K\u00e4ltenetze.\" \/>\n<meta name=\"robots\" content=\"index, follow, max-snippet:-1, max-image-preview:large, max-video-preview:-1\" \/>\n<link rel=\"canonical\" href=\"https:\/\/www.res-dhc.com\/at\/wissensdatenbank\/praxisbeispiele\/\" \/>\n<meta property=\"og:locale\" content=\"en_US\" \/>\n<meta property=\"og:type\" content=\"article\" \/>\n<meta property=\"og:title\" content=\"Praxisbeispiele f\u00fcr W\u00e4rme- und K\u00e4ltenetze - RES-DHC\" \/>\n<meta property=\"og:description\" content=\"Erfahren Sie erfolgreiche Ans\u00e4tze und regulatorische Rahmenbedingungen f\u00fcr die Energiewende durch Praxisbeispiele f\u00fcr W\u00e4rme- und K\u00e4ltenetze.\" \/>\n<meta property=\"og:url\" content=\"https:\/\/www.res-dhc.com\/at\/wissensdatenbank\/praxisbeispiele\/\" \/>\n<meta property=\"og:site_name\" content=\"RES-DHC\" \/>\n<meta property=\"article:modified_time\" content=\"2023-12-20T13:36:12+00:00\" \/>\n<meta name=\"twitter:card\" content=\"summary_large_image\" \/>\n<meta name=\"twitter:site\" content=\"@DhcRes\" \/>\n<meta name=\"twitter:label1\" content=\"Est. reading time\" \/>\n\t<meta name=\"twitter:data1\" content=\"20 minutes\" \/>\n<script type=\"application\/ld+json\" class=\"yoast-schema-graph\">{\"@context\":\"https:\\\/\\\/schema.org\",\"@graph\":[{\"@type\":\"WebPage\",\"@id\":\"https:\\\/\\\/www.res-dhc.com\\\/at\\\/wissensdatenbank\\\/praxisbeispiele\\\/\",\"url\":\"https:\\\/\\\/www.res-dhc.com\\\/at\\\/wissensdatenbank\\\/praxisbeispiele\\\/\",\"name\":\"Praxisbeispiele f\u00fcr W\u00e4rme- und K\u00e4ltenetze - RES-DHC\",\"isPartOf\":{\"@id\":\"https:\\\/\\\/www.res-dhc.com\\\/#website\"},\"datePublished\":\"2023-12-20T13:36:09+00:00\",\"dateModified\":\"2023-12-20T13:36:12+00:00\",\"description\":\"Erfahren Sie erfolgreiche Ans\u00e4tze und regulatorische Rahmenbedingungen f\u00fcr die Energiewende durch Praxisbeispiele f\u00fcr W\u00e4rme- und K\u00e4ltenetze.\",\"breadcrumb\":{\"@id\":\"https:\\\/\\\/www.res-dhc.com\\\/at\\\/wissensdatenbank\\\/praxisbeispiele\\\/#breadcrumb\"},\"inLanguage\":\"at-AT\",\"potentialAction\":[{\"@type\":\"ReadAction\",\"target\":[\"https:\\\/\\\/www.res-dhc.com\\\/at\\\/wissensdatenbank\\\/praxisbeispiele\\\/\"]}]},{\"@type\":\"BreadcrumbList\",\"@id\":\"https:\\\/\\\/www.res-dhc.com\\\/at\\\/wissensdatenbank\\\/praxisbeispiele\\\/#breadcrumb\",\"itemListElement\":[{\"@type\":\"ListItem\",\"position\":1,\"name\":\"Home\",\"item\":\"https:\\\/\\\/www.res-dhc.com\\\/at\\\/\"},{\"@type\":\"ListItem\",\"position\":2,\"name\":\"Wissensdatenbank\",\"item\":\"https:\\\/\\\/www.res-dhc.com\\\/en\\\/know-how\\\/\"},{\"@type\":\"ListItem\",\"position\":3,\"name\":\"Praxisbeispiele\"}]},{\"@type\":\"WebSite\",\"@id\":\"https:\\\/\\\/www.res-dhc.com\\\/#website\",\"url\":\"https:\\\/\\\/www.res-dhc.com\\\/\",\"name\":\"RES-DHC\",\"description\":\"Renewable Energy Sources for District Heating and Cooling\",\"publisher\":{\"@id\":\"https:\\\/\\\/www.res-dhc.com\\\/#organization\"},\"potentialAction\":[{\"@type\":\"SearchAction\",\"target\":{\"@type\":\"EntryPoint\",\"urlTemplate\":\"https:\\\/\\\/www.res-dhc.com\\\/?s={search_term_string}\"},\"query-input\":{\"@type\":\"PropertyValueSpecification\",\"valueRequired\":true,\"valueName\":\"search_term_string\"}}],\"inLanguage\":\"at-AT\"},{\"@type\":\"Organization\",\"@id\":\"https:\\\/\\\/www.res-dhc.com\\\/#organization\",\"name\":\"RES-DHC\",\"url\":\"https:\\\/\\\/www.res-dhc.com\\\/\",\"logo\":{\"@type\":\"ImageObject\",\"inLanguage\":\"at-AT\",\"@id\":\"https:\\\/\\\/www.res-dhc.com\\\/#\\\/schema\\\/logo\\\/image\\\/\",\"url\":\"https:\\\/\\\/www.res-dhc.com\\\/wp-content\\\/uploads\\\/2022\\\/01\\\/RES-DHC_Logo_Form-1.png\",\"contentUrl\":\"https:\\\/\\\/www.res-dhc.com\\\/wp-content\\\/uploads\\\/2022\\\/01\\\/RES-DHC_Logo_Form-1.png\",\"width\":200,\"height\":57,\"caption\":\"RES-DHC\"},\"image\":{\"@id\":\"https:\\\/\\\/www.res-dhc.com\\\/#\\\/schema\\\/logo\\\/image\\\/\"},\"sameAs\":[\"https:\\\/\\\/x.com\\\/DhcRes\",\"https:\\\/\\\/www.linkedin.com\\\/showcase\\\/res-dhc-project\\\/\"]}]}<\/script>\n<!-- \/ Yoast SEO plugin. -->","yoast_head_json":{"title":"Praxisbeispiele f\u00fcr W\u00e4rme- und K\u00e4ltenetze - RES-DHC","description":"Erfahren Sie erfolgreiche Ans\u00e4tze und regulatorische Rahmenbedingungen f\u00fcr die Energiewende durch Praxisbeispiele f\u00fcr W\u00e4rme- und K\u00e4ltenetze.","robots":{"index":"index","follow":"follow","max-snippet":"max-snippet:-1","max-image-preview":"max-image-preview:large","max-video-preview":"max-video-preview:-1"},"canonical":"https:\/\/www.res-dhc.com\/at\/wissensdatenbank\/praxisbeispiele\/","og_locale":"en_US","og_type":"article","og_title":"Praxisbeispiele f\u00fcr W\u00e4rme- und K\u00e4ltenetze - RES-DHC","og_description":"Erfahren Sie erfolgreiche Ans\u00e4tze und regulatorische Rahmenbedingungen f\u00fcr die Energiewende durch Praxisbeispiele f\u00fcr W\u00e4rme- und K\u00e4ltenetze.","og_url":"https:\/\/www.res-dhc.com\/at\/wissensdatenbank\/praxisbeispiele\/","og_site_name":"RES-DHC","article_modified_time":"2023-12-20T13:36:12+00:00","twitter_card":"summary_large_image","twitter_site":"@DhcRes","twitter_misc":{"Est. reading time":"20 minutes"},"schema":{"@context":"https:\/\/schema.org","@graph":[{"@type":"WebPage","@id":"https:\/\/www.res-dhc.com\/at\/wissensdatenbank\/praxisbeispiele\/","url":"https:\/\/www.res-dhc.com\/at\/wissensdatenbank\/praxisbeispiele\/","name":"Praxisbeispiele f\u00fcr W\u00e4rme- und K\u00e4ltenetze - RES-DHC","isPartOf":{"@id":"https:\/\/www.res-dhc.com\/#website"},"datePublished":"2023-12-20T13:36:09+00:00","dateModified":"2023-12-20T13:36:12+00:00","description":"Erfahren Sie erfolgreiche Ans\u00e4tze und regulatorische Rahmenbedingungen f\u00fcr die Energiewende durch Praxisbeispiele f\u00fcr W\u00e4rme- und K\u00e4ltenetze.","breadcrumb":{"@id":"https:\/\/www.res-dhc.com\/at\/wissensdatenbank\/praxisbeispiele\/#breadcrumb"},"inLanguage":"at-AT","potentialAction":[{"@type":"ReadAction","target":["https:\/\/www.res-dhc.com\/at\/wissensdatenbank\/praxisbeispiele\/"]}]},{"@type":"BreadcrumbList","@id":"https:\/\/www.res-dhc.com\/at\/wissensdatenbank\/praxisbeispiele\/#breadcrumb","itemListElement":[{"@type":"ListItem","position":1,"name":"Home","item":"https:\/\/www.res-dhc.com\/at\/"},{"@type":"ListItem","position":2,"name":"Wissensdatenbank","item":"https:\/\/www.res-dhc.com\/en\/know-how\/"},{"@type":"ListItem","position":3,"name":"Praxisbeispiele"}]},{"@type":"WebSite","@id":"https:\/\/www.res-dhc.com\/#website","url":"https:\/\/www.res-dhc.com\/","name":"RES-DHC","description":"Renewable Energy Sources for District Heating and Cooling","publisher":{"@id":"https:\/\/www.res-dhc.com\/#organization"},"potentialAction":[{"@type":"SearchAction","target":{"@type":"EntryPoint","urlTemplate":"https:\/\/www.res-dhc.com\/?s={search_term_string}"},"query-input":{"@type":"PropertyValueSpecification","valueRequired":true,"valueName":"search_term_string"}}],"inLanguage":"at-AT"},{"@type":"Organization","@id":"https:\/\/www.res-dhc.com\/#organization","name":"RES-DHC","url":"https:\/\/www.res-dhc.com\/","logo":{"@type":"ImageObject","inLanguage":"at-AT","@id":"https:\/\/www.res-dhc.com\/#\/schema\/logo\/image\/","url":"https:\/\/www.res-dhc.com\/wp-content\/uploads\/2022\/01\/RES-DHC_Logo_Form-1.png","contentUrl":"https:\/\/www.res-dhc.com\/wp-content\/uploads\/2022\/01\/RES-DHC_Logo_Form-1.png","width":200,"height":57,"caption":"RES-DHC"},"image":{"@id":"https:\/\/www.res-dhc.com\/#\/schema\/logo\/image\/"},"sameAs":["https:\/\/x.com\/DhcRes","https:\/\/www.linkedin.com\/showcase\/res-dhc-project\/"]}]}},"_links":{"self":[{"href":"https:\/\/www.res-dhc.com\/at\/wp-json\/wp\/v2\/pages\/6376","targetHints":{"allow":["GET"]}}],"collection":[{"href":"https:\/\/www.res-dhc.com\/at\/wp-json\/wp\/v2\/pages"}],"about":[{"href":"https:\/\/www.res-dhc.com\/at\/wp-json\/wp\/v2\/types\/page"}],"author":[{"embeddable":true,"href":"https:\/\/www.res-dhc.com\/at\/wp-json\/wp\/v2\/users\/13"}],"replies":[{"embeddable":true,"href":"https:\/\/www.res-dhc.com\/at\/wp-json\/wp\/v2\/comments?post=6376"}],"version-history":[{"count":7,"href":"https:\/\/www.res-dhc.com\/at\/wp-json\/wp\/v2\/pages\/6376\/revisions"}],"predecessor-version":[{"id":6383,"href":"https:\/\/www.res-dhc.com\/at\/wp-json\/wp\/v2\/pages\/6376\/revisions\/6383"}],"up":[{"embeddable":true,"href":"https:\/\/www.res-dhc.com\/at\/wp-json\/wp\/v2\/pages\/2929"}],"wp:attachment":[{"href":"https:\/\/www.res-dhc.com\/at\/wp-json\/wp\/v2\/media?parent=6376"}],"curies":[{"name":"wp","href":"https:\/\/api.w.org\/{rel}","templated":true}]}}